{"id":1772,"date":"2024-02-22T20:51:55","date_gmt":"2024-02-22T19:51:55","guid":{"rendered":"https:\/\/maxstrefa.com\/?post_type=product&#038;p=1772"},"modified":"2024-02-22T21:25:11","modified_gmt":"2024-02-22T20:25:11","slug":"przenosna-stacja-zasilania-bluetti-poweroak-eb70-1000w-716wh","status":"publish","type":"product","link":"https:\/\/maxstrefa.com\/en\/product\/przenosna-stacja-zasilania-bluetti-poweroak-eb70-1000w-716wh\/","title":{"rendered":"Portable Power Station BLUETTI PowerOak EB70 1000W 716Wh"},"content":{"rendered":"<div class=\"uk-container uk-container-small\">\n<p class=\"uk-h2 uk-text-center uk-text-bold uk-text-break\"><strong>Stay fueled wherever life takes you<\/strong><br \/>\nThe EB70 portable power station was created thanks to the highest innovation and cutting-edge technologies. It is equipped with a 1000 W inverter and a 716 Wh LiFePO4 battery, which is enough to power the necessary devices while traveling or during power outages.<\/p>\n<p class=\"uk-h2 uk-text-center uk-text-bold uk-text-break\"><strong>Powering all devices on the road<\/strong><br \/>\n10 output ports will surely meet the needs of charging various devices simultaneously. The 15-watt wireless charging pad on the top makes charging your cell phones much easier. From mini-fridges to LED lights, this is a great storage option for camping and emergencies.<\/p>\n<p><strong>Designed for life on the go<\/strong><br \/>\nPower multiple devices such as LED lights, fans, projectors and more, build a moving cinema, enjoy a movie feast with your family while traveling in your camper or motorhome.<\/p>\n<p><strong>Easy to carry, endless possibilities<\/strong><br \/>\nThanks to the built-in ergonomic handle, it can be easily lifted and carried with one hand. The perfect backup power source, giving you peace of mind without the worry of a power outage or unexpected power failure.<\/p>\n<p><strong>An essential camping partner<\/strong><br \/>\nCompact, measuring 32*21.6*22.1cm and weighing only 9.7kg, the EB70 is designed for campers or hikers who can power almost all their essentials on the go. From a phone, laptop to an electric stove. It can simply be charged using solar panels, so you don&#039;t have to worry about electricity consumption.<\/p>\n<\/div>\n<div class=\"uk-container uk-container-large uk-section uk-padding-remove-bottom uk-text-center\"><\/div>","protected":false},"excerpt":{"rendered":"<ul>\n<li>Massive 716Wh capacity and 1000W rated power<\/li>\n<li>Ultra-stable LiFePO\u2084 battery, 2500+ cycle life<\/li>\n<li>2*230V AC sockets, 2*100W PD ports, 2*5V\/3A USB-A ports, 2*12V\/10A DC adjustable outputs, 1*12V\/10A car port, 1*15W wireless charging pad.<\/li>\n<li>With a maximum input power of 200W, this station can be fully charged in 3-4 hours using solar panels (OCV 12-28V, 200W)<\/li>\n<li>It can also be fully charged from an AC wall outlet in 3-4 hours or a 12V car port in 7-8 hours.<\/li>\n<\/ul>","protected":false},"featured_media":1773,"template":"","meta":{"_eb_attr":"","_uag_custom_page_level_css":"","site-sidebar-layout":"default","site-content-layout":"","ast-site-content-layout":"default","site-content-style":"default","site-sidebar-style":"default","ast-global-header-display":"","ast-banner-title-visibility":"","ast-main-header-display":"","ast-hfb-above-header-display":"","ast-hfb-below-header-display":"","ast-hfb-mobile-header-display":"","site-post-title":"","ast-breadcrumbs-content":"","ast-featured-img":"","footer-sml-layout":"","theme-transparent-header-meta":"default","adv-header-id-meta":"","stick-header-meta":"","header-above-stick-meta":"","header-main-stick-meta":"","header-below-stick-meta":"","astra-migrate-meta-layouts":"set","ast-page-background-enabled":"default","ast-page-background-meta":{"desktop":{"background-color":"var(--ast-global-color-4)","background-image":"","background-repeat":"repeat","background-position":"center center","background-size":"auto","background-attachment":"scroll","background-type":"","background-media":"","overlay-type":"","overlay-color":"","overlay-opacity":"","overlay-gradient":""},"tablet":{"background-color":"","background-image":"","background-repeat":"repeat","background-position":"center center","background-size":"auto","background-attachment":"scroll","background-type":"","background-media":"","overlay-type":"","overlay-color":"","overlay-opacity":"","overlay-gradient":""},"mobile":{"background-color":"","background-image":"","background-repeat":"repeat","background-position":"center center","background-size":"auto","background-attachment":"scroll","background-type":"","background-media":"","overlay-type":"","overlay-color":"","overlay-opacity":"","overlay-gradient":""}},"ast-content-background-meta":{"desktop":{"background-color":"var(--ast-global-color-5)","background-image":"","background-repeat":"repeat","background-position":"center center","background-size":"auto","background-attachment":"scroll","background-type":"","background-media":"","overlay-type":"","overlay-color":"","overlay-opacity":"","overlay-gradient":""},"tablet":{"background-color":"var(--ast-global-color-5)","background-image":"","background-repeat":"repeat","background-position":"center center","background-size":"auto","background-attachment":"scroll","background-type":"","background-media":"","overlay-type":"","overlay-color":"","overlay-opacity":"","overlay-gradient":""},"mobile":{"background-color":"var(--ast-global-color-5)","background-image":"","background-repeat":"repeat","background-position":"center center","background-size":"auto","background-attachment":"scroll","background-type":"","background-media":"","overlay-type":"","overlay-color":"","overlay-opacity":"","overlay-gradient":""}},"_themeisle_gutenberg_block_has_review":false},"product_brand":[],"product_cat":[22],"product_tag":[21,20,19],"class_list":{"0":"post-1772","1":"product","2":"type-product","3":"status-publish","4":"has-post-thumbnail","6":"product_cat-stacje-zasilania","7":"product_tag-bluetti","8":"product_tag-generator","9":"product_tag-stacja-zasilania","10":"desktop-align-center","11":"tablet-align-left","12":"mobile-align-left","14":"first","15":"outofstock","16":"downloadable","17":"shipping-taxable","18":"purchasable","19":"product-type-simple"},"yoast_head":"<!-- This site is optimized with the Yoast SEO plugin v27.4 - https:\/\/yoast.com\/product\/yoast-seo-wordpress\/ -->\n<title>Przeno\u015bna Stacja Zasilania BLUETTI PowerOak EB70 1000W 716Wh - MaxStrefa<\/title>\n<meta name=\"robots\" content=\"index, follow, max-snippet:-1, max-image-preview:large, max-video-preview:-1\" \/>\n<link rel=\"canonical\" href=\"https:\/\/maxstrefa.com\/en\/product\/przenosna-stacja-zasilania-bluetti-poweroak-eb70-1000w-716wh\/\" \/>\n<meta property=\"og:locale\" content=\"en_GB\" \/>\n<meta property=\"og:type\" content=\"article\" \/>\n<meta property=\"og:title\" content=\"Przeno\u015bna Stacja Zasilania BLUETTI PowerOak EB70 1000W 716Wh - MaxStrefa\" \/>\n<meta property=\"og:description\" content=\"Ogromna pojemno\u015b\u0107 716 Wh i moc znamionowa 1000 W  Ultrastabilny akumulator LiFePO\u2084, 2500+ cykli \u017cycia  2*230V gniazda AC, 2*100W porty PD, 2*5V\/3A porty USB-A, 2*regulowane wyj\u015bcia 12V\/10A DC, 1*12V\/10A port samochodowy, 1*15W bezprzewodowa podk\u0142adka \u0142aduj\u0105ca.  Dzi\u0119ki maksymalnej mocy wej\u015bciowej 200 W, stacja ta mo\u017ce zosta\u0107 w pe\u0142ni na\u0142adowana w ci\u0105gu 3-4 godzin za pomoc\u0105 paneli s\u0142onecznych (OCV 12-28 V, 200 W)  Mo\u017cna j\u0105 r\u00f3wnie\u017c w pe\u0142ni na\u0142adowa\u0107 z gniazdka \u015bciennego AC w ci\u0105gu 3-4 godzin lub portu samochodowego 12V w ci\u0105gu 7-8 godzin.\" \/>\n<meta property=\"og:url\" content=\"https:\/\/maxstrefa.com\/en\/product\/przenosna-stacja-zasilania-bluetti-poweroak-eb70-1000w-716wh\/\" \/>\n<meta property=\"og:site_name\" content=\"MaxStrefa\" \/>\n<meta property=\"article:modified_time\" content=\"2024-02-22T20:25:11+00:00\" \/>\n<meta property=\"og:image\" content=\"https:\/\/maxstrefa.com\/wp-content\/uploads\/2024\/02\/Bluetti-EB70_1.1.webp\" \/>\n\t<meta property=\"og:image:width\" content=\"600\" \/>\n\t<meta property=\"og:image:height\" content=\"600\" \/>\n\t<meta property=\"og:image:type\" content=\"image\/webp\" \/>\n<meta name=\"twitter:card\" content=\"summary_large_image\" \/>\n<meta name=\"twitter:label1\" content=\"Estimated reading time\" \/>\n\t<meta name=\"twitter:data1\" content=\"1 minute\" \/>\n<script type=\"application\/ld+json\" class=\"yoast-schema-graph\">{\"@context\":\"https:\\\/\\\/schema.org\",\"@graph\":[{\"@type\":\"WebPage\",\"@id\":\"https:\\\/\\\/maxstrefa.com\\\/produkt\\\/przenosna-stacja-zasilania-bluetti-poweroak-eb70-1000w-716wh\\\/\",\"url\":\"https:\\\/\\\/maxstrefa.com\\\/produkt\\\/przenosna-stacja-zasilania-bluetti-poweroak-eb70-1000w-716wh\\\/\",\"name\":\"Przeno\u015bna Stacja Zasilania BLUETTI PowerOak EB70 1000W 716Wh - MaxStrefa\",\"isPartOf\":{\"@id\":\"https:\\\/\\\/maxstrefa.com\\\/#website\"},\"primaryImageOfPage\":{\"@id\":\"https:\\\/\\\/maxstrefa.com\\\/produkt\\\/przenosna-stacja-zasilania-bluetti-poweroak-eb70-1000w-716wh\\\/#primaryimage\"},\"image\":{\"@id\":\"https:\\\/\\\/maxstrefa.com\\\/produkt\\\/przenosna-stacja-zasilania-bluetti-poweroak-eb70-1000w-716wh\\\/#primaryimage\"},\"thumbnailUrl\":\"https:\\\/\\\/maxstrefa.com\\\/wp-content\\\/uploads\\\/2024\\\/02\\\/Bluetti-EB70_1.1.webp\",\"datePublished\":\"2024-02-22T19:51:55+00:00\",\"dateModified\":\"2024-02-22T20:25:11+00:00\",\"breadcrumb\":{\"@id\":\"https:\\\/\\\/maxstrefa.com\\\/produkt\\\/przenosna-stacja-zasilania-bluetti-poweroak-eb70-1000w-716wh\\\/#breadcrumb\"},\"inLanguage\":\"en-GB\",\"potentialAction\":[{\"@type\":\"ReadAction\",\"target\":[\"https:\\\/\\\/maxstrefa.com\\\/produkt\\\/przenosna-stacja-zasilania-bluetti-poweroak-eb70-1000w-716wh\\\/\"]}]},{\"@type\":\"ImageObject\",\"inLanguage\":\"en-GB\",\"@id\":\"https:\\\/\\\/maxstrefa.com\\\/produkt\\\/przenosna-stacja-zasilania-bluetti-poweroak-eb70-1000w-716wh\\\/#primaryimage\",\"url\":\"https:\\\/\\\/maxstrefa.com\\\/wp-content\\\/uploads\\\/2024\\\/02\\\/Bluetti-EB70_1.1.webp\",\"contentUrl\":\"https:\\\/\\\/maxstrefa.com\\\/wp-content\\\/uploads\\\/2024\\\/02\\\/Bluetti-EB70_1.1.webp\",\"width\":600,\"height\":600,\"caption\":\"Przeno\u015bna Stacja Zasilania BLUETTI PowerOak EB70\"},{\"@type\":\"BreadcrumbList\",\"@id\":\"https:\\\/\\\/maxstrefa.com\\\/produkt\\\/przenosna-stacja-zasilania-bluetti-poweroak-eb70-1000w-716wh\\\/#breadcrumb\",\"itemListElement\":[{\"@type\":\"ListItem\",\"position\":1,\"name\":\"Strona g\u0142\u00f3wna\",\"item\":\"https:\\\/\\\/maxstrefa.com\\\/\"},{\"@type\":\"ListItem\",\"position\":2,\"name\":\"Sklep\",\"item\":\"https:\\\/\\\/maxstrefa.com\\\/przenosne-stacje-zasilania\\\/\"},{\"@type\":\"ListItem\",\"position\":3,\"name\":\"Przeno\u015bna Stacja Zasilania BLUETTI PowerOak EB70 1000W 716Wh\"}]},{\"@type\":\"WebSite\",\"@id\":\"https:\\\/\\\/maxstrefa.com\\\/#website\",\"url\":\"https:\\\/\\\/maxstrefa.com\\\/\",\"name\":\"MaxStrefa\",\"description\":\"\",\"publisher\":{\"@id\":\"https:\\\/\\\/maxstrefa.com\\\/#organization\"},\"potentialAction\":[{\"@type\":\"SearchAction\",\"target\":{\"@type\":\"EntryPoint\",\"urlTemplate\":\"https:\\\/\\\/maxstrefa.com\\\/?s={search_term_string}\"},\"query-input\":{\"@type\":\"PropertyValueSpecification\",\"valueRequired\":true,\"valueName\":\"search_term_string\"}}],\"inLanguage\":\"en-GB\"},{\"@type\":\"Organization\",\"@id\":\"https:\\\/\\\/maxstrefa.com\\\/#organization\",\"name\":\"MaxStrefa\",\"url\":\"https:\\\/\\\/maxstrefa.com\\\/\",\"logo\":{\"@type\":\"ImageObject\",\"inLanguage\":\"en-GB\",\"@id\":\"https:\\\/\\\/maxstrefa.com\\\/#\\\/schema\\\/logo\\\/image\\\/\",\"url\":\"https:\\\/\\\/maxstrefa.com\\\/wp-content\\\/uploads\\\/2025\\\/04\\\/Maxta-logo-2.jpg\",\"contentUrl\":\"https:\\\/\\\/maxstrefa.com\\\/wp-content\\\/uploads\\\/2025\\\/04\\\/Maxta-logo-2.jpg\",\"width\":2048,\"height\":996,\"caption\":\"MaxStrefa\"},\"image\":{\"@id\":\"https:\\\/\\\/maxstrefa.com\\\/#\\\/schema\\\/logo\\\/image\\\/\"}}]}<\/script>\n<!-- \/ Yoast SEO plugin. -->","yoast_head_json":{"title":"BLUETTI PowerOak EB70 1000W 716Wh Portable Power Station - MaxStrefa","robots":{"index":"index","follow":"follow","max-snippet":"max-snippet:-1","max-image-preview":"max-image-preview:large","max-video-preview":"max-video-preview:-1"},"canonical":"https:\/\/maxstrefa.com\/en\/product\/przenosna-stacja-zasilania-bluetti-poweroak-eb70-1000w-716wh\/","og_locale":"en_GB","og_type":"article","og_title":"Przeno\u015bna Stacja Zasilania BLUETTI PowerOak EB70 1000W 716Wh - MaxStrefa","og_description":"Ogromna pojemno\u015b\u0107 716 Wh i moc znamionowa 1000 W  Ultrastabilny akumulator LiFePO\u2084, 2500+ cykli \u017cycia  2*230V gniazda AC, 2*100W porty PD, 2*5V\/3A porty USB-A, 2*regulowane wyj\u015bcia 12V\/10A DC, 1*12V\/10A port samochodowy, 1*15W bezprzewodowa podk\u0142adka \u0142aduj\u0105ca.  Dzi\u0119ki maksymalnej mocy wej\u015bciowej 200 W, stacja ta mo\u017ce zosta\u0107 w pe\u0142ni na\u0142adowana w ci\u0105gu 3-4 godzin za pomoc\u0105 paneli s\u0142onecznych (OCV 12-28 V, 200 W)  Mo\u017cna j\u0105 r\u00f3wnie\u017c w pe\u0142ni na\u0142adowa\u0107 z gniazdka \u015bciennego AC w ci\u0105gu 3-4 godzin lub portu samochodowego 12V w ci\u0105gu 7-8 godzin.","og_url":"https:\/\/maxstrefa.com\/en\/product\/przenosna-stacja-zasilania-bluetti-poweroak-eb70-1000w-716wh\/","og_site_name":"MaxStrefa","article_modified_time":"2024-02-22T20:25:11+00:00","og_image":[{"width":600,"height":600,"url":"https:\/\/maxstrefa.com\/wp-content\/uploads\/2024\/02\/Bluetti-EB70_1.1.webp","type":"image\/webp"}],"twitter_card":"summary_large_image","twitter_misc":{"Estimated reading time":"1 minute"},"schema":{"@context":"https:\/\/schema.org","@graph":[{"@type":"WebPage","@id":"https:\/\/maxstrefa.com\/produkt\/przenosna-stacja-zasilania-bluetti-poweroak-eb70-1000w-716wh\/","url":"https:\/\/maxstrefa.com\/produkt\/przenosna-stacja-zasilania-bluetti-poweroak-eb70-1000w-716wh\/","name":"BLUETTI PowerOak EB70 1000W 716Wh Portable Power Station - MaxStrefa","isPartOf":{"@id":"https:\/\/maxstrefa.com\/#website"},"primaryImageOfPage":{"@id":"https:\/\/maxstrefa.com\/produkt\/przenosna-stacja-zasilania-bluetti-poweroak-eb70-1000w-716wh\/#primaryimage"},"image":{"@id":"https:\/\/maxstrefa.com\/produkt\/przenosna-stacja-zasilania-bluetti-poweroak-eb70-1000w-716wh\/#primaryimage"},"thumbnailUrl":"https:\/\/maxstrefa.com\/wp-content\/uploads\/2024\/02\/Bluetti-EB70_1.1.webp","datePublished":"2024-02-22T19:51:55+00:00","dateModified":"2024-02-22T20:25:11+00:00","breadcrumb":{"@id":"https:\/\/maxstrefa.com\/produkt\/przenosna-stacja-zasilania-bluetti-poweroak-eb70-1000w-716wh\/#breadcrumb"},"inLanguage":"en-GB","potentialAction":[{"@type":"ReadAction","target":["https:\/\/maxstrefa.com\/produkt\/przenosna-stacja-zasilania-bluetti-poweroak-eb70-1000w-716wh\/"]}]},{"@type":"ImageObject","inLanguage":"en-GB","@id":"https:\/\/maxstrefa.com\/produkt\/przenosna-stacja-zasilania-bluetti-poweroak-eb70-1000w-716wh\/#primaryimage","url":"https:\/\/maxstrefa.com\/wp-content\/uploads\/2024\/02\/Bluetti-EB70_1.1.webp","contentUrl":"https:\/\/maxstrefa.com\/wp-content\/uploads\/2024\/02\/Bluetti-EB70_1.1.webp","width":600,"height":600,"caption":"Przeno\u015bna Stacja Zasilania BLUETTI PowerOak EB70"},{"@type":"BreadcrumbList","@id":"https:\/\/maxstrefa.com\/produkt\/przenosna-stacja-zasilania-bluetti-poweroak-eb70-1000w-716wh\/#breadcrumb","itemListElement":[{"@type":"ListItem","position":1,"name":"Strona g\u0142\u00f3wna","item":"https:\/\/maxstrefa.com\/"},{"@type":"ListItem","position":2,"name":"Sklep","item":"https:\/\/maxstrefa.com\/przenosne-stacje-zasilania\/"},{"@type":"ListItem","position":3,"name":"Przeno\u015bna Stacja Zasilania BLUETTI PowerOak EB70 1000W 716Wh"}]},{"@type":"WebSite","@id":"https:\/\/maxstrefa.com\/#website","url":"https:\/\/maxstrefa.com\/","name":"MaxStrefa","description":"","publisher":{"@id":"https:\/\/maxstrefa.com\/#organization"},"potentialAction":[{"@type":"SearchAction","target":{"@type":"EntryPoint","urlTemplate":"https:\/\/maxstrefa.com\/?s={search_term_string}"},"query-input":{"@type":"PropertyValueSpecification","valueRequired":true,"valueName":"search_term_string"}}],"inLanguage":"en-GB"},{"@type":"Organization","@id":"https:\/\/maxstrefa.com\/#organization","name":"MaxStrefa","url":"https:\/\/maxstrefa.com\/","logo":{"@type":"ImageObject","inLanguage":"en-GB","@id":"https:\/\/maxstrefa.com\/#\/schema\/logo\/image\/","url":"https:\/\/maxstrefa.com\/wp-content\/uploads\/2025\/04\/Maxta-logo-2.jpg","contentUrl":"https:\/\/maxstrefa.com\/wp-content\/uploads\/2025\/04\/Maxta-logo-2.jpg","width":2048,"height":996,"caption":"MaxStrefa"},"image":{"@id":"https:\/\/maxstrefa.com\/#\/schema\/logo\/image\/"}}]}},"uagb_featured_image_src":{"full":["https:\/\/maxstrefa.com\/wp-content\/uploads\/2024\/02\/Bluetti-EB70_1.1.webp",600,600,false],"thumbnail":["https:\/\/maxstrefa.com\/wp-content\/uploads\/2024\/02\/Bluetti-EB70_1.1-150x150.webp",150,150,true],"medium":["https:\/\/maxstrefa.com\/wp-content\/uploads\/2024\/02\/Bluetti-EB70_1.1-300x300.webp",300,300,true],"medium_large":["https:\/\/maxstrefa.com\/wp-content\/uploads\/2024\/02\/Bluetti-EB70_1.1.webp",600,600,false],"large":["https:\/\/maxstrefa.com\/wp-content\/uploads\/2024\/02\/Bluetti-EB70_1.1.webp",600,600,false],"1536x1536":["https:\/\/maxstrefa.com\/wp-content\/uploads\/2024\/02\/Bluetti-EB70_1.1.webp",600,600,false],"2048x2048":["https:\/\/maxstrefa.com\/wp-content\/uploads\/2024\/02\/Bluetti-EB70_1.1.webp",600,600,false],"trp-custom-language-flag":["https:\/\/maxstrefa.com\/wp-content\/uploads\/2024\/02\/Bluetti-EB70_1.1.webp",12,12,false],"woocommerce_thumbnail":["https:\/\/maxstrefa.com\/wp-content\/uploads\/2024\/02\/Bluetti-EB70_1.1.webp",600,600,false],"woocommerce_single":["https:\/\/maxstrefa.com\/wp-content\/uploads\/2024\/02\/Bluetti-EB70_1.1.webp",600,600,false],"woocommerce_gallery_thumbnail":["https:\/\/maxstrefa.com\/wp-content\/uploads\/2024\/02\/Bluetti-EB70_1.1-100x100.webp",100,100,true],"dgwt-wcas-product-suggestion":["https:\/\/maxstrefa.com\/wp-content\/uploads\/2024\/02\/Bluetti-EB70_1.1-64x64.webp",64,64,true]},"uagb_author_info":{"display_name":"romanadmin","author_link":"https:\/\/maxstrefa.com\/en\/author\/"},"uagb_comment_info":0,"uagb_excerpt":"Ogromna pojemno\u015b\u0107 716 Wh i moc znamionowa 1000 W Ultrastabilny akumulator LiFePO\u2084, 2500+ cykli \u017cycia 2*230V gniazda AC, 2*100W porty PD, 2*5V\/3A porty USB-A, 2*regulowane wyj\u015bcia 12V\/10A DC, 1*12V\/10A port samochodowy, 1*15W bezprzewodowa podk\u0142adka \u0142aduj\u0105ca. Dzi\u0119ki maksymalnej mocy wej\u015bciowej 200 W, stacja ta mo\u017ce zosta\u0107 w pe\u0142ni na\u0142adowana w ci\u0105gu 3-4 godzin za pomoc\u0105 paneli&hellip;","_links":{"self":[{"href":"https:\/\/maxstrefa.com\/en\/wp-json\/wp\/v2\/product\/1772","targetHints":{"allow":["GET"]}}],"collection":[{"href":"https:\/\/maxstrefa.com\/en\/wp-json\/wp\/v2\/product"}],"about":[{"href":"https:\/\/maxstrefa.com\/en\/wp-json\/wp\/v2\/types\/product"}],"wp:featuredmedia":[{"embeddable":true,"href":"https:\/\/maxstrefa.com\/en\/wp-json\/wp\/v2\/media\/1773"}],"wp:attachment":[{"href":"https:\/\/maxstrefa.com\/en\/wp-json\/wp\/v2\/media?parent=1772"}],"wp:term":[{"taxonomy":"product_brand","embeddable":true,"href":"https:\/\/maxstrefa.com\/en\/wp-json\/wp\/v2\/product_brand?post=1772"},{"taxonomy":"product_cat","embeddable":true,"href":"https:\/\/maxstrefa.com\/en\/wp-json\/wp\/v2\/product_cat?post=1772"},{"taxonomy":"product_tag","embeddable":true,"href":"https:\/\/maxstrefa.com\/en\/wp-json\/wp\/v2\/product_tag?post=1772"}],"curies":[{"name":"wp","href":"https:\/\/api.w.org\/{rel}","templated":true}]}}