{"id":1748,"date":"2024-02-21T22:42:35","date_gmt":"2024-02-21T21:42:35","guid":{"rendered":"https:\/\/maxstrefa.com\/?post_type=product&#038;p=1748"},"modified":"2024-02-22T18:28:07","modified_gmt":"2024-02-22T17:28:07","slug":"przenosna-stacja-zasilania-bluetti-ac500","status":"publish","type":"product","link":"https:\/\/maxstrefa.com\/en\/product\/przenosna-stacja-zasilania-bluetti-ac500\/","title":{"rendered":"BLUETTI AC500 Portable Power Station"},"content":{"rendered":"<p>16 ports for every need. Just connect your device to charge and AC500 will take care of the rest. UPS 24\/7<br \/>\nEven a momentary power outage may result in data loss or equipment damage. AC500 will safely restore power as soon as the power goes out. Recommended with B300S Battery<\/p>","protected":false},"excerpt":{"rendered":"<p>Home power supply. 5000W inverter. This inverter delivers a high quality pure sine wave and accepts up to 10kW of surges, ensuring that everything you plug in will operate at full functionality and efficiency.<\/p>","protected":false},"featured_media":1751,"template":"","meta":{"_eb_attr":"","_uag_custom_page_level_css":"","site-sidebar-layout":"default","site-content-layout":"","ast-site-content-layout":"default","site-content-style":"default","site-sidebar-style":"default","ast-global-header-display":"","ast-banner-title-visibility":"","ast-main-header-display":"","ast-hfb-above-header-display":"","ast-hfb-below-header-display":"","ast-hfb-mobile-header-display":"","site-post-title":"","ast-breadcrumbs-content":"","ast-featured-img":"","footer-sml-layout":"","theme-transparent-header-meta":"default","adv-header-id-meta":"","stick-header-meta":"","header-above-stick-meta":"","header-main-stick-meta":"","header-below-stick-meta":"","astra-migrate-meta-layouts":"set","ast-page-background-enabled":"default","ast-page-background-meta":{"desktop":{"background-color":"var(--ast-global-color-4)","background-image":"","background-repeat":"repeat","background-position":"center center","background-size":"auto","background-attachment":"scroll","background-type":"","background-media":"","overlay-type":"","overlay-color":"","overlay-opacity":"","overlay-gradient":""},"tablet":{"background-color":"","background-image":"","background-repeat":"repeat","background-position":"center center","background-size":"auto","background-attachment":"scroll","background-type":"","background-media":"","overlay-type":"","overlay-color":"","overlay-opacity":"","overlay-gradient":""},"mobile":{"background-color":"","background-image":"","background-repeat":"repeat","background-position":"center center","background-size":"auto","background-attachment":"scroll","background-type":"","background-media":"","overlay-type":"","overlay-color":"","overlay-opacity":"","overlay-gradient":""}},"ast-content-background-meta":{"desktop":{"background-color":"var(--ast-global-color-5)","background-image":"","background-repeat":"repeat","background-position":"center center","background-size":"auto","background-attachment":"scroll","background-type":"","background-media":"","overlay-type":"","overlay-color":"","overlay-opacity":"","overlay-gradient":""},"tablet":{"background-color":"var(--ast-global-color-5)","background-image":"","background-repeat":"repeat","background-position":"center center","background-size":"auto","background-attachment":"scroll","background-type":"","background-media":"","overlay-type":"","overlay-color":"","overlay-opacity":"","overlay-gradient":""},"mobile":{"background-color":"var(--ast-global-color-5)","background-image":"","background-repeat":"repeat","background-position":"center center","background-size":"auto","background-attachment":"scroll","background-type":"","background-media":"","overlay-type":"","overlay-color":"","overlay-opacity":"","overlay-gradient":""}},"_themeisle_gutenberg_block_has_review":false},"product_brand":[],"product_cat":[22],"product_tag":[21,20,50,19],"class_list":{"0":"post-1748","1":"product","2":"type-product","3":"status-publish","4":"has-post-thumbnail","6":"product_cat-stacje-zasilania","7":"product_tag-bluetti","8":"product_tag-generator","9":"product_tag-inwerter","10":"product_tag-stacja-zasilania","11":"desktop-align-center","12":"tablet-align-left","13":"mobile-align-left","15":"first","16":"outofstock","17":"downloadable","18":"shipping-taxable","19":"purchasable","20":"product-type-simple"},"yoast_head":"<!-- This site is optimized with the Yoast SEO plugin v27.4 - https:\/\/yoast.com\/product\/yoast-seo-wordpress\/ -->\n<title>Przeno\u015bna Stacja Zasilania BLUETTI AC500 - MaxStrefa<\/title>\n<meta name=\"robots\" content=\"index, follow, max-snippet:-1, max-image-preview:large, max-video-preview:-1\" \/>\n<link rel=\"canonical\" href=\"https:\/\/maxstrefa.com\/en\/product\/przenosna-stacja-zasilania-bluetti-ac500\/\" \/>\n<meta property=\"og:locale\" content=\"en_GB\" \/>\n<meta property=\"og:type\" content=\"article\" \/>\n<meta property=\"og:title\" content=\"Przeno\u015bna Stacja Zasilania BLUETTI AC500 - MaxStrefa\" \/>\n<meta property=\"og:description\" content=\"Zasilanie domu. Inwerter o mocy 5000 W. Ten falownik zapewnia wysokiej jako\u015bci czyst\u0105 fal\u0119 sinusoidaln\u0105 i przyjmuje do 10 kW przepi\u0119\u0107, zapewniaj\u0105c, \u017ce wszystko, co pod\u0142\u0105czysz, b\u0119dzie dzia\u0142a\u0107 z pe\u0142n\u0105 funkcjonalno\u015bci\u0105 i wydajno\u015bci\u0105.\" \/>\n<meta property=\"og:url\" content=\"https:\/\/maxstrefa.com\/en\/product\/przenosna-stacja-zasilania-bluetti-ac500\/\" \/>\n<meta property=\"og:site_name\" content=\"MaxStrefa\" \/>\n<meta property=\"article:modified_time\" content=\"2024-02-22T17:28:07+00:00\" \/>\n<meta property=\"og:image\" content=\"https:\/\/maxstrefa.com\/wp-content\/uploads\/2024\/02\/BluettiAC500_1.webp\" \/>\n\t<meta property=\"og:image:width\" content=\"600\" \/>\n\t<meta property=\"og:image:height\" content=\"600\" \/>\n\t<meta property=\"og:image:type\" content=\"image\/webp\" \/>\n<meta name=\"twitter:card\" content=\"summary_large_image\" \/>\n<script type=\"application\/ld+json\" class=\"yoast-schema-graph\">{\"@context\":\"https:\\\/\\\/schema.org\",\"@graph\":[{\"@type\":\"WebPage\",\"@id\":\"https:\\\/\\\/maxstrefa.com\\\/produkt\\\/przenosna-stacja-zasilania-bluetti-ac500\\\/\",\"url\":\"https:\\\/\\\/maxstrefa.com\\\/produkt\\\/przenosna-stacja-zasilania-bluetti-ac500\\\/\",\"name\":\"Przeno\u015bna Stacja Zasilania BLUETTI AC500 - MaxStrefa\",\"isPartOf\":{\"@id\":\"https:\\\/\\\/maxstrefa.com\\\/#website\"},\"primaryImageOfPage\":{\"@id\":\"https:\\\/\\\/maxstrefa.com\\\/produkt\\\/przenosna-stacja-zasilania-bluetti-ac500\\\/#primaryimage\"},\"image\":{\"@id\":\"https:\\\/\\\/maxstrefa.com\\\/produkt\\\/przenosna-stacja-zasilania-bluetti-ac500\\\/#primaryimage\"},\"thumbnailUrl\":\"https:\\\/\\\/maxstrefa.com\\\/wp-content\\\/uploads\\\/2024\\\/02\\\/BluettiAC500_1.webp\",\"datePublished\":\"2024-02-21T21:42:35+00:00\",\"dateModified\":\"2024-02-22T17:28:07+00:00\",\"breadcrumb\":{\"@id\":\"https:\\\/\\\/maxstrefa.com\\\/produkt\\\/przenosna-stacja-zasilania-bluetti-ac500\\\/#breadcrumb\"},\"inLanguage\":\"en-GB\",\"potentialAction\":[{\"@type\":\"ReadAction\",\"target\":[\"https:\\\/\\\/maxstrefa.com\\\/produkt\\\/przenosna-stacja-zasilania-bluetti-ac500\\\/\"]}]},{\"@type\":\"ImageObject\",\"inLanguage\":\"en-GB\",\"@id\":\"https:\\\/\\\/maxstrefa.com\\\/produkt\\\/przenosna-stacja-zasilania-bluetti-ac500\\\/#primaryimage\",\"url\":\"https:\\\/\\\/maxstrefa.com\\\/wp-content\\\/uploads\\\/2024\\\/02\\\/BluettiAC500_1.webp\",\"contentUrl\":\"https:\\\/\\\/maxstrefa.com\\\/wp-content\\\/uploads\\\/2024\\\/02\\\/BluettiAC500_1.webp\",\"width\":600,\"height\":600,\"caption\":\"Przeno\u015bna Stacja Zasilania BLUETTI AC500\"},{\"@type\":\"BreadcrumbList\",\"@id\":\"https:\\\/\\\/maxstrefa.com\\\/produkt\\\/przenosna-stacja-zasilania-bluetti-ac500\\\/#breadcrumb\",\"itemListElement\":[{\"@type\":\"ListItem\",\"position\":1,\"name\":\"Strona g\u0142\u00f3wna\",\"item\":\"https:\\\/\\\/maxstrefa.com\\\/\"},{\"@type\":\"ListItem\",\"position\":2,\"name\":\"Sklep\",\"item\":\"https:\\\/\\\/maxstrefa.com\\\/przenosne-stacje-zasilania\\\/\"},{\"@type\":\"ListItem\",\"position\":3,\"name\":\"Przeno\u015bna Stacja Zasilania BLUETTI AC500\"}]},{\"@type\":\"WebSite\",\"@id\":\"https:\\\/\\\/maxstrefa.com\\\/#website\",\"url\":\"https:\\\/\\\/maxstrefa.com\\\/\",\"name\":\"MaxStrefa\",\"description\":\"\",\"publisher\":{\"@id\":\"https:\\\/\\\/maxstrefa.com\\\/#organization\"},\"potentialAction\":[{\"@type\":\"SearchAction\",\"target\":{\"@type\":\"EntryPoint\",\"urlTemplate\":\"https:\\\/\\\/maxstrefa.com\\\/?s={search_term_string}\"},\"query-input\":{\"@type\":\"PropertyValueSpecification\",\"valueRequired\":true,\"valueName\":\"search_term_string\"}}],\"inLanguage\":\"en-GB\"},{\"@type\":\"Organization\",\"@id\":\"https:\\\/\\\/maxstrefa.com\\\/#organization\",\"name\":\"MaxStrefa\",\"url\":\"https:\\\/\\\/maxstrefa.com\\\/\",\"logo\":{\"@type\":\"ImageObject\",\"inLanguage\":\"en-GB\",\"@id\":\"https:\\\/\\\/maxstrefa.com\\\/#\\\/schema\\\/logo\\\/image\\\/\",\"url\":\"https:\\\/\\\/maxstrefa.com\\\/wp-content\\\/uploads\\\/2025\\\/04\\\/Maxta-logo-2.jpg\",\"contentUrl\":\"https:\\\/\\\/maxstrefa.com\\\/wp-content\\\/uploads\\\/2025\\\/04\\\/Maxta-logo-2.jpg\",\"width\":2048,\"height\":996,\"caption\":\"MaxStrefa\"},\"image\":{\"@id\":\"https:\\\/\\\/maxstrefa.com\\\/#\\\/schema\\\/logo\\\/image\\\/\"}}]}<\/script>\n<!-- \/ Yoast SEO plugin. -->","yoast_head_json":{"title":"BLUETTI AC500 Portable Power Station - MaxStrefa","robots":{"index":"index","follow":"follow","max-snippet":"max-snippet:-1","max-image-preview":"max-image-preview:large","max-video-preview":"max-video-preview:-1"},"canonical":"https:\/\/maxstrefa.com\/en\/product\/przenosna-stacja-zasilania-bluetti-ac500\/","og_locale":"en_GB","og_type":"article","og_title":"Przeno\u015bna Stacja Zasilania BLUETTI AC500 - MaxStrefa","og_description":"Zasilanie domu. Inwerter o mocy 5000 W. Ten falownik zapewnia wysokiej jako\u015bci czyst\u0105 fal\u0119 sinusoidaln\u0105 i przyjmuje do 10 kW przepi\u0119\u0107, zapewniaj\u0105c, \u017ce wszystko, co pod\u0142\u0105czysz, b\u0119dzie dzia\u0142a\u0107 z pe\u0142n\u0105 funkcjonalno\u015bci\u0105 i wydajno\u015bci\u0105.","og_url":"https:\/\/maxstrefa.com\/en\/product\/przenosna-stacja-zasilania-bluetti-ac500\/","og_site_name":"MaxStrefa","article_modified_time":"2024-02-22T17:28:07+00:00","og_image":[{"width":600,"height":600,"url":"https:\/\/maxstrefa.com\/wp-content\/uploads\/2024\/02\/BluettiAC500_1.webp","type":"image\/webp"}],"twitter_card":"summary_large_image","schema":{"@context":"https:\/\/schema.org","@graph":[{"@type":"WebPage","@id":"https:\/\/maxstrefa.com\/produkt\/przenosna-stacja-zasilania-bluetti-ac500\/","url":"https:\/\/maxstrefa.com\/produkt\/przenosna-stacja-zasilania-bluetti-ac500\/","name":"BLUETTI AC500 Portable Power Station - MaxStrefa","isPartOf":{"@id":"https:\/\/maxstrefa.com\/#website"},"primaryImageOfPage":{"@id":"https:\/\/maxstrefa.com\/produkt\/przenosna-stacja-zasilania-bluetti-ac500\/#primaryimage"},"image":{"@id":"https:\/\/maxstrefa.com\/produkt\/przenosna-stacja-zasilania-bluetti-ac500\/#primaryimage"},"thumbnailUrl":"https:\/\/maxstrefa.com\/wp-content\/uploads\/2024\/02\/BluettiAC500_1.webp","datePublished":"2024-02-21T21:42:35+00:00","dateModified":"2024-02-22T17:28:07+00:00","breadcrumb":{"@id":"https:\/\/maxstrefa.com\/produkt\/przenosna-stacja-zasilania-bluetti-ac500\/#breadcrumb"},"inLanguage":"en-GB","potentialAction":[{"@type":"ReadAction","target":["https:\/\/maxstrefa.com\/produkt\/przenosna-stacja-zasilania-bluetti-ac500\/"]}]},{"@type":"ImageObject","inLanguage":"en-GB","@id":"https:\/\/maxstrefa.com\/produkt\/przenosna-stacja-zasilania-bluetti-ac500\/#primaryimage","url":"https:\/\/maxstrefa.com\/wp-content\/uploads\/2024\/02\/BluettiAC500_1.webp","contentUrl":"https:\/\/maxstrefa.com\/wp-content\/uploads\/2024\/02\/BluettiAC500_1.webp","width":600,"height":600,"caption":"Przeno\u015bna Stacja Zasilania BLUETTI AC500"},{"@type":"BreadcrumbList","@id":"https:\/\/maxstrefa.com\/produkt\/przenosna-stacja-zasilania-bluetti-ac500\/#breadcrumb","itemListElement":[{"@type":"ListItem","position":1,"name":"Strona g\u0142\u00f3wna","item":"https:\/\/maxstrefa.com\/"},{"@type":"ListItem","position":2,"name":"Sklep","item":"https:\/\/maxstrefa.com\/przenosne-stacje-zasilania\/"},{"@type":"ListItem","position":3,"name":"Przeno\u015bna Stacja Zasilania BLUETTI AC500"}]},{"@type":"WebSite","@id":"https:\/\/maxstrefa.com\/#website","url":"https:\/\/maxstrefa.com\/","name":"MaxStrefa","description":"","publisher":{"@id":"https:\/\/maxstrefa.com\/#organization"},"potentialAction":[{"@type":"SearchAction","target":{"@type":"EntryPoint","urlTemplate":"https:\/\/maxstrefa.com\/?s={search_term_string}"},"query-input":{"@type":"PropertyValueSpecification","valueRequired":true,"valueName":"search_term_string"}}],"inLanguage":"en-GB"},{"@type":"Organization","@id":"https:\/\/maxstrefa.com\/#organization","name":"MaxStrefa","url":"https:\/\/maxstrefa.com\/","logo":{"@type":"ImageObject","inLanguage":"en-GB","@id":"https:\/\/maxstrefa.com\/#\/schema\/logo\/image\/","url":"https:\/\/maxstrefa.com\/wp-content\/uploads\/2025\/04\/Maxta-logo-2.jpg","contentUrl":"https:\/\/maxstrefa.com\/wp-content\/uploads\/2025\/04\/Maxta-logo-2.jpg","width":2048,"height":996,"caption":"MaxStrefa"},"image":{"@id":"https:\/\/maxstrefa.com\/#\/schema\/logo\/image\/"}}]}},"uagb_featured_image_src":{"full":["https:\/\/maxstrefa.com\/wp-content\/uploads\/2024\/02\/BluettiAC500_1.webp",600,600,false],"thumbnail":["https:\/\/maxstrefa.com\/wp-content\/uploads\/2024\/02\/BluettiAC500_1-150x150.webp",150,150,true],"medium":["https:\/\/maxstrefa.com\/wp-content\/uploads\/2024\/02\/BluettiAC500_1-300x300.webp",300,300,true],"medium_large":["https:\/\/maxstrefa.com\/wp-content\/uploads\/2024\/02\/BluettiAC500_1.webp",600,600,false],"large":["https:\/\/maxstrefa.com\/wp-content\/uploads\/2024\/02\/BluettiAC500_1.webp",600,600,false],"1536x1536":["https:\/\/maxstrefa.com\/wp-content\/uploads\/2024\/02\/BluettiAC500_1.webp",600,600,false],"2048x2048":["https:\/\/maxstrefa.com\/wp-content\/uploads\/2024\/02\/BluettiAC500_1.webp",600,600,false],"trp-custom-language-flag":["https:\/\/maxstrefa.com\/wp-content\/uploads\/2024\/02\/BluettiAC500_1.webp",12,12,false],"woocommerce_thumbnail":["https:\/\/maxstrefa.com\/wp-content\/uploads\/2024\/02\/BluettiAC500_1.webp",600,600,false],"woocommerce_single":["https:\/\/maxstrefa.com\/wp-content\/uploads\/2024\/02\/BluettiAC500_1.webp",600,600,false],"woocommerce_gallery_thumbnail":["https:\/\/maxstrefa.com\/wp-content\/uploads\/2024\/02\/BluettiAC500_1-100x100.webp",100,100,true],"dgwt-wcas-product-suggestion":["https:\/\/maxstrefa.com\/wp-content\/uploads\/2024\/02\/BluettiAC500_1-64x64.webp",64,64,true]},"uagb_author_info":{"display_name":"romanadmin","author_link":"https:\/\/maxstrefa.com\/en\/author\/"},"uagb_comment_info":0,"uagb_excerpt":"Zasilanie domu. Inwerter o mocy 5000 W. Ten falownik zapewnia wysokiej jako\u015bci czyst\u0105 fal\u0119 sinusoidaln\u0105 i przyjmuje do 10 kW przepi\u0119\u0107, zapewniaj\u0105c, \u017ce wszystko, co pod\u0142\u0105czysz, b\u0119dzie dzia\u0142a\u0107 z pe\u0142n\u0105 funkcjonalno\u015bci\u0105 i wydajno\u015bci\u0105.","_links":{"self":[{"href":"https:\/\/maxstrefa.com\/en\/wp-json\/wp\/v2\/product\/1748","targetHints":{"allow":["GET"]}}],"collection":[{"href":"https:\/\/maxstrefa.com\/en\/wp-json\/wp\/v2\/product"}],"about":[{"href":"https:\/\/maxstrefa.com\/en\/wp-json\/wp\/v2\/types\/product"}],"wp:featuredmedia":[{"embeddable":true,"href":"https:\/\/maxstrefa.com\/en\/wp-json\/wp\/v2\/media\/1751"}],"wp:attachment":[{"href":"https:\/\/maxstrefa.com\/en\/wp-json\/wp\/v2\/media?parent=1748"}],"wp:term":[{"taxonomy":"product_brand","embeddable":true,"href":"https:\/\/maxstrefa.com\/en\/wp-json\/wp\/v2\/product_brand?post=1748"},{"taxonomy":"product_cat","embeddable":true,"href":"https:\/\/maxstrefa.com\/en\/wp-json\/wp\/v2\/product_cat?post=1748"},{"taxonomy":"product_tag","embeddable":true,"href":"https:\/\/maxstrefa.com\/en\/wp-json\/wp\/v2\/product_tag?post=1748"}],"curies":[{"name":"wp","href":"https:\/\/api.w.org\/{rel}","templated":true}]}}