{"id":1615,"date":"2024-02-11T10:31:51","date_gmt":"2024-02-11T09:31:51","guid":{"rendered":"https:\/\/maxstrefa.com\/?post_type=product&#038;p=1615"},"modified":"2024-02-26T20:25:07","modified_gmt":"2024-02-26T19:25:07","slug":"przenosna-stacja-zasilania-bluetti-ac180-lifepo4-1152wh","status":"publish","type":"product","link":"https:\/\/maxstrefa.com\/en\/product\/przenosna-stacja-zasilania-bluetti-ac180-lifepo4-1152wh\/","title":{"rendered":"BLUETTI AC180 LiFePO4 1152Wh Portable Power Station"},"content":{"rendered":"<p>In addition to 2 AC output ports and 5 USB ports (4 USB-A and 1 USB-C), it also has a 12V\/10A cigarette lighter port for in-car devices and a wireless charging pad for running compatible electronics, phone, headphones, Bluetooth speaker. When it comes to charging, the AC180 draws up to 1,440W AC and 500W DC, so it can fully charge within a few hours. It also supports control via the BLUETTI application - thanks to Bluetooth connectivity, you can monitor everything that is happening inside and optimize energy consumption according to your preferences.<\/p>","protected":false},"excerpt":{"rendered":"<p>BLUETTI AC180 is a portable power station with an 1800 W sine wave inverter and a 1152 Wh LiFePO4 battery, perfect for camping, vans and more.<\/p>","protected":false},"featured_media":1739,"template":"","meta":{"_eb_attr":"","_uag_custom_page_level_css":"","site-sidebar-layout":"default","site-content-layout":"","ast-site-content-layout":"default","site-content-style":"default","site-sidebar-style":"default","ast-global-header-display":"","ast-banner-title-visibility":"","ast-main-header-display":"","ast-hfb-above-header-display":"","ast-hfb-below-header-display":"","ast-hfb-mobile-header-display":"","site-post-title":"","ast-breadcrumbs-content":"","ast-featured-img":"","footer-sml-layout":"","theme-transparent-header-meta":"default","adv-header-id-meta":"","stick-header-meta":"","header-above-stick-meta":"","header-main-stick-meta":"","header-below-stick-meta":"","astra-migrate-meta-layouts":"set","ast-page-background-enabled":"default","ast-page-background-meta":{"desktop":{"background-color":"var(--ast-global-color-4)","background-image":"","background-repeat":"repeat","background-position":"center center","background-size":"auto","background-attachment":"scroll","background-type":"","background-media":"","overlay-type":"","overlay-color":"","overlay-opacity":"","overlay-gradient":""},"tablet":{"background-color":"","background-image":"","background-repeat":"repeat","background-position":"center center","background-size":"auto","background-attachment":"scroll","background-type":"","background-media":"","overlay-type":"","overlay-color":"","overlay-opacity":"","overlay-gradient":""},"mobile":{"background-color":"","background-image":"","background-repeat":"repeat","background-position":"center center","background-size":"auto","background-attachment":"scroll","background-type":"","background-media":"","overlay-type":"","overlay-color":"","overlay-opacity":"","overlay-gradient":""}},"ast-content-background-meta":{"desktop":{"background-color":"var(--ast-global-color-5)","background-image":"","background-repeat":"repeat","background-position":"center center","background-size":"auto","background-attachment":"scroll","background-type":"","background-media":"","overlay-type":"","overlay-color":"","overlay-opacity":"","overlay-gradient":""},"tablet":{"background-color":"var(--ast-global-color-5)","background-image":"","background-repeat":"repeat","background-position":"center center","background-size":"auto","background-attachment":"scroll","background-type":"","background-media":"","overlay-type":"","overlay-color":"","overlay-opacity":"","overlay-gradient":""},"mobile":{"background-color":"var(--ast-global-color-5)","background-image":"","background-repeat":"repeat","background-position":"center center","background-size":"auto","background-attachment":"scroll","background-type":"","background-media":"","overlay-type":"","overlay-color":"","overlay-opacity":"","overlay-gradient":""}},"_themeisle_gutenberg_block_has_review":false},"product_brand":[],"product_cat":[22],"product_tag":[21,20,19],"class_list":{"0":"post-1615","1":"product","2":"type-product","3":"status-publish","4":"has-post-thumbnail","6":"product_cat-stacje-zasilania","7":"product_tag-bluetti","8":"product_tag-generator","9":"product_tag-stacja-zasilania","10":"desktop-align-center","11":"tablet-align-left","12":"mobile-align-left","14":"first","15":"outofstock","16":"downloadable","17":"shipping-taxable","18":"purchasable","19":"product-type-simple"},"yoast_head":"<!-- This site is optimized with the Yoast SEO plugin v27.4 - https:\/\/yoast.com\/product\/yoast-seo-wordpress\/ -->\n<title>Przeno\u015bna Stacja Zasilania BLUETTI AC180 LiFePO4 1152Wh - MaxStrefa<\/title>\n<meta name=\"robots\" content=\"index, follow, max-snippet:-1, max-image-preview:large, max-video-preview:-1\" \/>\n<link rel=\"canonical\" href=\"https:\/\/maxstrefa.com\/en\/product\/przenosna-stacja-zasilania-bluetti-ac180-lifepo4-1152wh\/\" \/>\n<meta property=\"og:locale\" content=\"en_GB\" \/>\n<meta property=\"og:type\" content=\"article\" \/>\n<meta property=\"og:title\" content=\"Przeno\u015bna Stacja Zasilania BLUETTI AC180 LiFePO4 1152Wh - MaxStrefa\" \/>\n<meta property=\"og:description\" content=\"BLUETTI AC180 to przeno\u015bna elektrownia z falownikiem sinusoidalnym o mocy 1800 W i akumulatorem LiFePO4 o pojemno\u015bci 1152 Wh 1152Wh bateri\u0105 LiFePO4, idealn\u0105 na kemping, do wan\u00f3w i nie tylko.\" \/>\n<meta property=\"og:url\" content=\"https:\/\/maxstrefa.com\/en\/product\/przenosna-stacja-zasilania-bluetti-ac180-lifepo4-1152wh\/\" \/>\n<meta property=\"og:site_name\" content=\"MaxStrefa\" \/>\n<meta property=\"article:modified_time\" content=\"2024-02-26T19:25:07+00:00\" \/>\n<meta property=\"og:image\" content=\"https:\/\/maxstrefa.com\/wp-content\/uploads\/2024\/02\/Bluetti-AC180_1.3.webp\" \/>\n\t<meta property=\"og:image:width\" content=\"600\" \/>\n\t<meta property=\"og:image:height\" content=\"600\" \/>\n\t<meta property=\"og:image:type\" content=\"image\/webp\" \/>\n<meta name=\"twitter:card\" content=\"summary_large_image\" \/>\n<meta name=\"twitter:label1\" content=\"Estimated reading time\" \/>\n\t<meta name=\"twitter:data1\" content=\"1 minute\" \/>\n<script type=\"application\/ld+json\" class=\"yoast-schema-graph\">{\"@context\":\"https:\\\/\\\/schema.org\",\"@graph\":[{\"@type\":\"WebPage\",\"@id\":\"https:\\\/\\\/maxstrefa.com\\\/produkt\\\/przenosna-stacja-zasilania-bluetti-ac180-lifepo4-1152wh\\\/\",\"url\":\"https:\\\/\\\/maxstrefa.com\\\/produkt\\\/przenosna-stacja-zasilania-bluetti-ac180-lifepo4-1152wh\\\/\",\"name\":\"Przeno\u015bna Stacja Zasilania BLUETTI AC180 LiFePO4 1152Wh - MaxStrefa\",\"isPartOf\":{\"@id\":\"https:\\\/\\\/maxstrefa.com\\\/#website\"},\"primaryImageOfPage\":{\"@id\":\"https:\\\/\\\/maxstrefa.com\\\/produkt\\\/przenosna-stacja-zasilania-bluetti-ac180-lifepo4-1152wh\\\/#primaryimage\"},\"image\":{\"@id\":\"https:\\\/\\\/maxstrefa.com\\\/produkt\\\/przenosna-stacja-zasilania-bluetti-ac180-lifepo4-1152wh\\\/#primaryimage\"},\"thumbnailUrl\":\"https:\\\/\\\/maxstrefa.com\\\/wp-content\\\/uploads\\\/2024\\\/02\\\/Bluetti-AC180_1.3.webp\",\"datePublished\":\"2024-02-11T09:31:51+00:00\",\"dateModified\":\"2024-02-26T19:25:07+00:00\",\"breadcrumb\":{\"@id\":\"https:\\\/\\\/maxstrefa.com\\\/produkt\\\/przenosna-stacja-zasilania-bluetti-ac180-lifepo4-1152wh\\\/#breadcrumb\"},\"inLanguage\":\"en-GB\",\"potentialAction\":[{\"@type\":\"ReadAction\",\"target\":[\"https:\\\/\\\/maxstrefa.com\\\/produkt\\\/przenosna-stacja-zasilania-bluetti-ac180-lifepo4-1152wh\\\/\"]}]},{\"@type\":\"ImageObject\",\"inLanguage\":\"en-GB\",\"@id\":\"https:\\\/\\\/maxstrefa.com\\\/produkt\\\/przenosna-stacja-zasilania-bluetti-ac180-lifepo4-1152wh\\\/#primaryimage\",\"url\":\"https:\\\/\\\/maxstrefa.com\\\/wp-content\\\/uploads\\\/2024\\\/02\\\/Bluetti-AC180_1.3.webp\",\"contentUrl\":\"https:\\\/\\\/maxstrefa.com\\\/wp-content\\\/uploads\\\/2024\\\/02\\\/Bluetti-AC180_1.3.webp\",\"width\":600,\"height\":600,\"caption\":\"Przeno\u015bna Stacja Zasilania BLUETTI AC180 LiFePO4\"},{\"@type\":\"BreadcrumbList\",\"@id\":\"https:\\\/\\\/maxstrefa.com\\\/produkt\\\/przenosna-stacja-zasilania-bluetti-ac180-lifepo4-1152wh\\\/#breadcrumb\",\"itemListElement\":[{\"@type\":\"ListItem\",\"position\":1,\"name\":\"Strona g\u0142\u00f3wna\",\"item\":\"https:\\\/\\\/maxstrefa.com\\\/\"},{\"@type\":\"ListItem\",\"position\":2,\"name\":\"Sklep\",\"item\":\"https:\\\/\\\/maxstrefa.com\\\/przenosne-stacje-zasilania\\\/\"},{\"@type\":\"ListItem\",\"position\":3,\"name\":\"Przeno\u015bna Stacja Zasilania BLUETTI AC180 LiFePO4 1152Wh\"}]},{\"@type\":\"WebSite\",\"@id\":\"https:\\\/\\\/maxstrefa.com\\\/#website\",\"url\":\"https:\\\/\\\/maxstrefa.com\\\/\",\"name\":\"MaxStrefa\",\"description\":\"\",\"publisher\":{\"@id\":\"https:\\\/\\\/maxstrefa.com\\\/#organization\"},\"potentialAction\":[{\"@type\":\"SearchAction\",\"target\":{\"@type\":\"EntryPoint\",\"urlTemplate\":\"https:\\\/\\\/maxstrefa.com\\\/?s={search_term_string}\"},\"query-input\":{\"@type\":\"PropertyValueSpecification\",\"valueRequired\":true,\"valueName\":\"search_term_string\"}}],\"inLanguage\":\"en-GB\"},{\"@type\":\"Organization\",\"@id\":\"https:\\\/\\\/maxstrefa.com\\\/#organization\",\"name\":\"MaxStrefa\",\"url\":\"https:\\\/\\\/maxstrefa.com\\\/\",\"logo\":{\"@type\":\"ImageObject\",\"inLanguage\":\"en-GB\",\"@id\":\"https:\\\/\\\/maxstrefa.com\\\/#\\\/schema\\\/logo\\\/image\\\/\",\"url\":\"https:\\\/\\\/maxstrefa.com\\\/wp-content\\\/uploads\\\/2025\\\/04\\\/Maxta-logo-2.jpg\",\"contentUrl\":\"https:\\\/\\\/maxstrefa.com\\\/wp-content\\\/uploads\\\/2025\\\/04\\\/Maxta-logo-2.jpg\",\"width\":2048,\"height\":996,\"caption\":\"MaxStrefa\"},\"image\":{\"@id\":\"https:\\\/\\\/maxstrefa.com\\\/#\\\/schema\\\/logo\\\/image\\\/\"}}]}<\/script>\n<!-- \/ Yoast SEO plugin. -->","yoast_head_json":{"title":"BLUETTI AC180 LiFePO4 1152Wh Portable Power Station - MaxStrefa","robots":{"index":"index","follow":"follow","max-snippet":"max-snippet:-1","max-image-preview":"max-image-preview:large","max-video-preview":"max-video-preview:-1"},"canonical":"https:\/\/maxstrefa.com\/en\/product\/przenosna-stacja-zasilania-bluetti-ac180-lifepo4-1152wh\/","og_locale":"en_GB","og_type":"article","og_title":"Przeno\u015bna Stacja Zasilania BLUETTI AC180 LiFePO4 1152Wh - MaxStrefa","og_description":"BLUETTI AC180 to przeno\u015bna elektrownia z falownikiem sinusoidalnym o mocy 1800 W i akumulatorem LiFePO4 o pojemno\u015bci 1152 Wh 1152Wh bateri\u0105 LiFePO4, idealn\u0105 na kemping, do wan\u00f3w i nie tylko.","og_url":"https:\/\/maxstrefa.com\/en\/product\/przenosna-stacja-zasilania-bluetti-ac180-lifepo4-1152wh\/","og_site_name":"MaxStrefa","article_modified_time":"2024-02-26T19:25:07+00:00","og_image":[{"width":600,"height":600,"url":"https:\/\/maxstrefa.com\/wp-content\/uploads\/2024\/02\/Bluetti-AC180_1.3.webp","type":"image\/webp"}],"twitter_card":"summary_large_image","twitter_misc":{"Estimated reading time":"1 minute"},"schema":{"@context":"https:\/\/schema.org","@graph":[{"@type":"WebPage","@id":"https:\/\/maxstrefa.com\/produkt\/przenosna-stacja-zasilania-bluetti-ac180-lifepo4-1152wh\/","url":"https:\/\/maxstrefa.com\/produkt\/przenosna-stacja-zasilania-bluetti-ac180-lifepo4-1152wh\/","name":"BLUETTI AC180 LiFePO4 1152Wh Portable Power Station - MaxStrefa","isPartOf":{"@id":"https:\/\/maxstrefa.com\/#website"},"primaryImageOfPage":{"@id":"https:\/\/maxstrefa.com\/produkt\/przenosna-stacja-zasilania-bluetti-ac180-lifepo4-1152wh\/#primaryimage"},"image":{"@id":"https:\/\/maxstrefa.com\/produkt\/przenosna-stacja-zasilania-bluetti-ac180-lifepo4-1152wh\/#primaryimage"},"thumbnailUrl":"https:\/\/maxstrefa.com\/wp-content\/uploads\/2024\/02\/Bluetti-AC180_1.3.webp","datePublished":"2024-02-11T09:31:51+00:00","dateModified":"2024-02-26T19:25:07+00:00","breadcrumb":{"@id":"https:\/\/maxstrefa.com\/produkt\/przenosna-stacja-zasilania-bluetti-ac180-lifepo4-1152wh\/#breadcrumb"},"inLanguage":"en-GB","potentialAction":[{"@type":"ReadAction","target":["https:\/\/maxstrefa.com\/produkt\/przenosna-stacja-zasilania-bluetti-ac180-lifepo4-1152wh\/"]}]},{"@type":"ImageObject","inLanguage":"en-GB","@id":"https:\/\/maxstrefa.com\/produkt\/przenosna-stacja-zasilania-bluetti-ac180-lifepo4-1152wh\/#primaryimage","url":"https:\/\/maxstrefa.com\/wp-content\/uploads\/2024\/02\/Bluetti-AC180_1.3.webp","contentUrl":"https:\/\/maxstrefa.com\/wp-content\/uploads\/2024\/02\/Bluetti-AC180_1.3.webp","width":600,"height":600,"caption":"Przeno\u015bna Stacja Zasilania BLUETTI AC180 LiFePO4"},{"@type":"BreadcrumbList","@id":"https:\/\/maxstrefa.com\/produkt\/przenosna-stacja-zasilania-bluetti-ac180-lifepo4-1152wh\/#breadcrumb","itemListElement":[{"@type":"ListItem","position":1,"name":"Strona g\u0142\u00f3wna","item":"https:\/\/maxstrefa.com\/"},{"@type":"ListItem","position":2,"name":"Sklep","item":"https:\/\/maxstrefa.com\/przenosne-stacje-zasilania\/"},{"@type":"ListItem","position":3,"name":"Przeno\u015bna Stacja Zasilania BLUETTI AC180 LiFePO4 1152Wh"}]},{"@type":"WebSite","@id":"https:\/\/maxstrefa.com\/#website","url":"https:\/\/maxstrefa.com\/","name":"MaxStrefa","description":"","publisher":{"@id":"https:\/\/maxstrefa.com\/#organization"},"potentialAction":[{"@type":"SearchAction","target":{"@type":"EntryPoint","urlTemplate":"https:\/\/maxstrefa.com\/?s={search_term_string}"},"query-input":{"@type":"PropertyValueSpecification","valueRequired":true,"valueName":"search_term_string"}}],"inLanguage":"en-GB"},{"@type":"Organization","@id":"https:\/\/maxstrefa.com\/#organization","name":"MaxStrefa","url":"https:\/\/maxstrefa.com\/","logo":{"@type":"ImageObject","inLanguage":"en-GB","@id":"https:\/\/maxstrefa.com\/#\/schema\/logo\/image\/","url":"https:\/\/maxstrefa.com\/wp-content\/uploads\/2025\/04\/Maxta-logo-2.jpg","contentUrl":"https:\/\/maxstrefa.com\/wp-content\/uploads\/2025\/04\/Maxta-logo-2.jpg","width":2048,"height":996,"caption":"MaxStrefa"},"image":{"@id":"https:\/\/maxstrefa.com\/#\/schema\/logo\/image\/"}}]}},"uagb_featured_image_src":{"full":["https:\/\/maxstrefa.com\/wp-content\/uploads\/2024\/02\/Bluetti-AC180_1.3.webp",600,600,false],"thumbnail":["https:\/\/maxstrefa.com\/wp-content\/uploads\/2024\/02\/Bluetti-AC180_1.3-150x150.webp",150,150,true],"medium":["https:\/\/maxstrefa.com\/wp-content\/uploads\/2024\/02\/Bluetti-AC180_1.3-300x300.webp",300,300,true],"medium_large":["https:\/\/maxstrefa.com\/wp-content\/uploads\/2024\/02\/Bluetti-AC180_1.3.webp",600,600,false],"large":["https:\/\/maxstrefa.com\/wp-content\/uploads\/2024\/02\/Bluetti-AC180_1.3.webp",600,600,false],"1536x1536":["https:\/\/maxstrefa.com\/wp-content\/uploads\/2024\/02\/Bluetti-AC180_1.3.webp",600,600,false],"2048x2048":["https:\/\/maxstrefa.com\/wp-content\/uploads\/2024\/02\/Bluetti-AC180_1.3.webp",600,600,false],"trp-custom-language-flag":["https:\/\/maxstrefa.com\/wp-content\/uploads\/2024\/02\/Bluetti-AC180_1.3.webp",12,12,false],"woocommerce_thumbnail":["https:\/\/maxstrefa.com\/wp-content\/uploads\/2024\/02\/Bluetti-AC180_1.3.webp",600,600,false],"woocommerce_single":["https:\/\/maxstrefa.com\/wp-content\/uploads\/2024\/02\/Bluetti-AC180_1.3.webp",600,600,false],"woocommerce_gallery_thumbnail":["https:\/\/maxstrefa.com\/wp-content\/uploads\/2024\/02\/Bluetti-AC180_1.3-100x100.webp",100,100,true],"dgwt-wcas-product-suggestion":["https:\/\/maxstrefa.com\/wp-content\/uploads\/2024\/02\/Bluetti-AC180_1.3-64x64.webp",64,64,true]},"uagb_author_info":{"display_name":"romanadmin","author_link":"https:\/\/maxstrefa.com\/en\/author\/"},"uagb_comment_info":0,"uagb_excerpt":"BLUETTI AC180 to przeno\u015bna elektrownia z falownikiem sinusoidalnym o mocy 1800 W i akumulatorem LiFePO4 o pojemno\u015bci 1152 Wh 1152Wh bateri\u0105 LiFePO4, idealn\u0105 na kemping, do wan\u00f3w i nie tylko.","_links":{"self":[{"href":"https:\/\/maxstrefa.com\/en\/wp-json\/wp\/v2\/product\/1615","targetHints":{"allow":["GET"]}}],"collection":[{"href":"https:\/\/maxstrefa.com\/en\/wp-json\/wp\/v2\/product"}],"about":[{"href":"https:\/\/maxstrefa.com\/en\/wp-json\/wp\/v2\/types\/product"}],"wp:featuredmedia":[{"embeddable":true,"href":"https:\/\/maxstrefa.com\/en\/wp-json\/wp\/v2\/media\/1739"}],"wp:attachment":[{"href":"https:\/\/maxstrefa.com\/en\/wp-json\/wp\/v2\/media?parent=1615"}],"wp:term":[{"taxonomy":"product_brand","embeddable":true,"href":"https:\/\/maxstrefa.com\/en\/wp-json\/wp\/v2\/product_brand?post=1615"},{"taxonomy":"product_cat","embeddable":true,"href":"https:\/\/maxstrefa.com\/en\/wp-json\/wp\/v2\/product_cat?post=1615"},{"taxonomy":"product_tag","embeddable":true,"href":"https:\/\/maxstrefa.com\/en\/wp-json\/wp\/v2\/product_tag?post=1615"}],"curies":[{"name":"wp","href":"https:\/\/api.w.org\/{rel}","templated":true}]}}