{"id":1541,"date":"2024-02-04T21:18:38","date_gmt":"2024-02-04T20:18:38","guid":{"rendered":"https:\/\/maxstrefa.com\/?post_type=product&#038;p=1541"},"modified":"2024-02-26T20:26:38","modified_gmt":"2024-02-26T19:26:38","slug":"kabel-do-ladowania-eb3a-eb70","status":"publish","type":"product","link":"https:\/\/maxstrefa.com\/en\/product\/kabel-do-ladowania-eb3a-eb70\/","title":{"rendered":"EB3A\/EB70 charging cable"},"content":{"rendered":"","protected":false},"excerpt":{"rendered":"<p>Used to charge BLUETTI EB3A\/EB70 through the car cigarette lighter socket.<\/p>","protected":false},"featured_media":1544,"template":"","meta":{"_eb_attr":"","_uag_custom_page_level_css":"","site-sidebar-layout":"default","site-content-layout":"","ast-site-content-layout":"default","site-content-style":"default","site-sidebar-style":"default","ast-global-header-display":"","ast-banner-title-visibility":"","ast-main-header-display":"","ast-hfb-above-header-display":"","ast-hfb-below-header-display":"","ast-hfb-mobile-header-display":"","site-post-title":"","ast-breadcrumbs-content":"","ast-featured-img":"","footer-sml-layout":"","theme-transparent-header-meta":"default","adv-header-id-meta":"","stick-header-meta":"","header-above-stick-meta":"","header-main-stick-meta":"","header-below-stick-meta":"","astra-migrate-meta-layouts":"set","ast-page-background-enabled":"default","ast-page-background-meta":{"desktop":{"background-color":"var(--ast-global-color-4)","background-image":"","background-repeat":"repeat","background-position":"center center","background-size":"auto","background-attachment":"scroll","background-type":"","background-media":"","overlay-type":"","overlay-color":"","overlay-opacity":"","overlay-gradient":""},"tablet":{"background-color":"","background-image":"","background-repeat":"repeat","background-position":"center center","background-size":"auto","background-attachment":"scroll","background-type":"","background-media":"","overlay-type":"","overlay-color":"","overlay-opacity":"","overlay-gradient":""},"mobile":{"background-color":"","background-image":"","background-repeat":"repeat","background-position":"center center","background-size":"auto","background-attachment":"scroll","background-type":"","background-media":"","overlay-type":"","overlay-color":"","overlay-opacity":"","overlay-gradient":""}},"ast-content-background-meta":{"desktop":{"background-color":"var(--ast-global-color-5)","background-image":"","background-repeat":"repeat","background-position":"center center","background-size":"auto","background-attachment":"scroll","background-type":"","background-media":"","overlay-type":"","overlay-color":"","overlay-opacity":"","overlay-gradient":""},"tablet":{"background-color":"var(--ast-global-color-5)","background-image":"","background-repeat":"repeat","background-position":"center center","background-size":"auto","background-attachment":"scroll","background-type":"","background-media":"","overlay-type":"","overlay-color":"","overlay-opacity":"","overlay-gradient":""},"mobile":{"background-color":"var(--ast-global-color-5)","background-image":"","background-repeat":"repeat","background-position":"center center","background-size":"auto","background-attachment":"scroll","background-type":"","background-media":"","overlay-type":"","overlay-color":"","overlay-opacity":"","overlay-gradient":""}},"_themeisle_gutenberg_block_has_review":false},"product_brand":[],"product_cat":[27],"product_tag":[21,46,44,45],"class_list":{"0":"post-1541","1":"product","2":"type-product","3":"status-publish","4":"has-post-thumbnail","6":"product_cat-akcesoria","7":"product_tag-bluetti","8":"product_tag-eb3a-eb70","9":"product_tag-kabel","10":"product_tag-ladowanie-samochodu","11":"desktop-align-center","12":"tablet-align-left","13":"mobile-align-left","15":"first","16":"outofstock","17":"shipping-taxable","18":"purchasable","19":"product-type-simple"},"yoast_head":"<!-- This site is optimized with the Yoast SEO plugin v27.4 - https:\/\/yoast.com\/product\/yoast-seo-wordpress\/ -->\n<title>Kabel do \u0142adowania EB3A\/EB70 - MaxStrefa<\/title>\n<meta name=\"robots\" content=\"index, follow, max-snippet:-1, max-image-preview:large, max-video-preview:-1\" \/>\n<link rel=\"canonical\" href=\"https:\/\/maxstrefa.com\/en\/product\/kabel-do-ladowania-eb3a-eb70\/\" \/>\n<meta property=\"og:locale\" content=\"en_GB\" \/>\n<meta property=\"og:type\" content=\"article\" \/>\n<meta property=\"og:title\" content=\"Kabel do \u0142adowania EB3A\/EB70 - MaxStrefa\" \/>\n<meta property=\"og:description\" content=\"S\u0142u\u017cy do \u0142adowania BLUETTI EB3A\/EB70 przez gniazdo zapalniczki samochodowej.\" \/>\n<meta property=\"og:url\" content=\"https:\/\/maxstrefa.com\/en\/product\/kabel-do-ladowania-eb3a-eb70\/\" \/>\n<meta property=\"og:site_name\" content=\"MaxStrefa\" \/>\n<meta property=\"article:modified_time\" content=\"2024-02-26T19:26:38+00:00\" \/>\n<meta property=\"og:image\" content=\"https:\/\/maxstrefa.com\/wp-content\/uploads\/2024\/02\/Akcesoria.webp\" \/>\n\t<meta property=\"og:image:width\" content=\"363\" \/>\n\t<meta property=\"og:image:height\" content=\"500\" \/>\n\t<meta property=\"og:image:type\" content=\"image\/webp\" \/>\n<meta name=\"twitter:card\" content=\"summary_large_image\" \/>\n<script type=\"application\/ld+json\" class=\"yoast-schema-graph\">{\"@context\":\"https:\\\/\\\/schema.org\",\"@graph\":[{\"@type\":\"WebPage\",\"@id\":\"https:\\\/\\\/maxstrefa.com\\\/produkt\\\/kabel-do-ladowania-eb3a-eb70\\\/\",\"url\":\"https:\\\/\\\/maxstrefa.com\\\/produkt\\\/kabel-do-ladowania-eb3a-eb70\\\/\",\"name\":\"Kabel do \u0142adowania EB3A\\\/EB70 - MaxStrefa\",\"isPartOf\":{\"@id\":\"https:\\\/\\\/maxstrefa.com\\\/#website\"},\"primaryImageOfPage\":{\"@id\":\"https:\\\/\\\/maxstrefa.com\\\/produkt\\\/kabel-do-ladowania-eb3a-eb70\\\/#primaryimage\"},\"image\":{\"@id\":\"https:\\\/\\\/maxstrefa.com\\\/produkt\\\/kabel-do-ladowania-eb3a-eb70\\\/#primaryimage\"},\"thumbnailUrl\":\"https:\\\/\\\/maxstrefa.com\\\/wp-content\\\/uploads\\\/2024\\\/02\\\/Akcesoria.webp\",\"datePublished\":\"2024-02-04T20:18:38+00:00\",\"dateModified\":\"2024-02-26T19:26:38+00:00\",\"breadcrumb\":{\"@id\":\"https:\\\/\\\/maxstrefa.com\\\/produkt\\\/kabel-do-ladowania-eb3a-eb70\\\/#breadcrumb\"},\"inLanguage\":\"en-GB\",\"potentialAction\":[{\"@type\":\"ReadAction\",\"target\":[\"https:\\\/\\\/maxstrefa.com\\\/produkt\\\/kabel-do-ladowania-eb3a-eb70\\\/\"]}]},{\"@type\":\"ImageObject\",\"inLanguage\":\"en-GB\",\"@id\":\"https:\\\/\\\/maxstrefa.com\\\/produkt\\\/kabel-do-ladowania-eb3a-eb70\\\/#primaryimage\",\"url\":\"https:\\\/\\\/maxstrefa.com\\\/wp-content\\\/uploads\\\/2024\\\/02\\\/Akcesoria.webp\",\"contentUrl\":\"https:\\\/\\\/maxstrefa.com\\\/wp-content\\\/uploads\\\/2024\\\/02\\\/Akcesoria.webp\",\"width\":363,\"height\":500,\"caption\":\"Kabel do \u0142adowania EB3A\\\/EB70\"},{\"@type\":\"BreadcrumbList\",\"@id\":\"https:\\\/\\\/maxstrefa.com\\\/produkt\\\/kabel-do-ladowania-eb3a-eb70\\\/#breadcrumb\",\"itemListElement\":[{\"@type\":\"ListItem\",\"position\":1,\"name\":\"Strona g\u0142\u00f3wna\",\"item\":\"https:\\\/\\\/maxstrefa.com\\\/\"},{\"@type\":\"ListItem\",\"position\":2,\"name\":\"Sklep\",\"item\":\"https:\\\/\\\/maxstrefa.com\\\/przenosne-stacje-zasilania\\\/\"},{\"@type\":\"ListItem\",\"position\":3,\"name\":\"Kabel do \u0142adowania EB3A\\\/EB70\"}]},{\"@type\":\"WebSite\",\"@id\":\"https:\\\/\\\/maxstrefa.com\\\/#website\",\"url\":\"https:\\\/\\\/maxstrefa.com\\\/\",\"name\":\"MaxStrefa\",\"description\":\"\",\"publisher\":{\"@id\":\"https:\\\/\\\/maxstrefa.com\\\/#organization\"},\"potentialAction\":[{\"@type\":\"SearchAction\",\"target\":{\"@type\":\"EntryPoint\",\"urlTemplate\":\"https:\\\/\\\/maxstrefa.com\\\/?s={search_term_string}\"},\"query-input\":{\"@type\":\"PropertyValueSpecification\",\"valueRequired\":true,\"valueName\":\"search_term_string\"}}],\"inLanguage\":\"en-GB\"},{\"@type\":\"Organization\",\"@id\":\"https:\\\/\\\/maxstrefa.com\\\/#organization\",\"name\":\"MaxStrefa\",\"url\":\"https:\\\/\\\/maxstrefa.com\\\/\",\"logo\":{\"@type\":\"ImageObject\",\"inLanguage\":\"en-GB\",\"@id\":\"https:\\\/\\\/maxstrefa.com\\\/#\\\/schema\\\/logo\\\/image\\\/\",\"url\":\"https:\\\/\\\/maxstrefa.com\\\/wp-content\\\/uploads\\\/2025\\\/04\\\/Maxta-logo-2.jpg\",\"contentUrl\":\"https:\\\/\\\/maxstrefa.com\\\/wp-content\\\/uploads\\\/2025\\\/04\\\/Maxta-logo-2.jpg\",\"width\":2048,\"height\":996,\"caption\":\"MaxStrefa\"},\"image\":{\"@id\":\"https:\\\/\\\/maxstrefa.com\\\/#\\\/schema\\\/logo\\\/image\\\/\"}}]}<\/script>\n<!-- \/ Yoast SEO plugin. -->","yoast_head_json":{"title":"EB3A\/EB70 charging cable - MaxStrefa","robots":{"index":"index","follow":"follow","max-snippet":"max-snippet:-1","max-image-preview":"max-image-preview:large","max-video-preview":"max-video-preview:-1"},"canonical":"https:\/\/maxstrefa.com\/en\/product\/kabel-do-ladowania-eb3a-eb70\/","og_locale":"en_GB","og_type":"article","og_title":"Kabel do \u0142adowania EB3A\/EB70 - MaxStrefa","og_description":"S\u0142u\u017cy do \u0142adowania BLUETTI EB3A\/EB70 przez gniazdo zapalniczki samochodowej.","og_url":"https:\/\/maxstrefa.com\/en\/product\/kabel-do-ladowania-eb3a-eb70\/","og_site_name":"MaxStrefa","article_modified_time":"2024-02-26T19:26:38+00:00","og_image":[{"width":363,"height":500,"url":"https:\/\/maxstrefa.com\/wp-content\/uploads\/2024\/02\/Akcesoria.webp","type":"image\/webp"}],"twitter_card":"summary_large_image","schema":{"@context":"https:\/\/schema.org","@graph":[{"@type":"WebPage","@id":"https:\/\/maxstrefa.com\/produkt\/kabel-do-ladowania-eb3a-eb70\/","url":"https:\/\/maxstrefa.com\/produkt\/kabel-do-ladowania-eb3a-eb70\/","name":"EB3A\/EB70 charging cable - MaxStrefa","isPartOf":{"@id":"https:\/\/maxstrefa.com\/#website"},"primaryImageOfPage":{"@id":"https:\/\/maxstrefa.com\/produkt\/kabel-do-ladowania-eb3a-eb70\/#primaryimage"},"image":{"@id":"https:\/\/maxstrefa.com\/produkt\/kabel-do-ladowania-eb3a-eb70\/#primaryimage"},"thumbnailUrl":"https:\/\/maxstrefa.com\/wp-content\/uploads\/2024\/02\/Akcesoria.webp","datePublished":"2024-02-04T20:18:38+00:00","dateModified":"2024-02-26T19:26:38+00:00","breadcrumb":{"@id":"https:\/\/maxstrefa.com\/produkt\/kabel-do-ladowania-eb3a-eb70\/#breadcrumb"},"inLanguage":"en-GB","potentialAction":[{"@type":"ReadAction","target":["https:\/\/maxstrefa.com\/produkt\/kabel-do-ladowania-eb3a-eb70\/"]}]},{"@type":"ImageObject","inLanguage":"en-GB","@id":"https:\/\/maxstrefa.com\/produkt\/kabel-do-ladowania-eb3a-eb70\/#primaryimage","url":"https:\/\/maxstrefa.com\/wp-content\/uploads\/2024\/02\/Akcesoria.webp","contentUrl":"https:\/\/maxstrefa.com\/wp-content\/uploads\/2024\/02\/Akcesoria.webp","width":363,"height":500,"caption":"Kabel do \u0142adowania EB3A\/EB70"},{"@type":"BreadcrumbList","@id":"https:\/\/maxstrefa.com\/produkt\/kabel-do-ladowania-eb3a-eb70\/#breadcrumb","itemListElement":[{"@type":"ListItem","position":1,"name":"Strona g\u0142\u00f3wna","item":"https:\/\/maxstrefa.com\/"},{"@type":"ListItem","position":2,"name":"Sklep","item":"https:\/\/maxstrefa.com\/przenosne-stacje-zasilania\/"},{"@type":"ListItem","position":3,"name":"Kabel do \u0142adowania EB3A\/EB70"}]},{"@type":"WebSite","@id":"https:\/\/maxstrefa.com\/#website","url":"https:\/\/maxstrefa.com\/","name":"MaxStrefa","description":"","publisher":{"@id":"https:\/\/maxstrefa.com\/#organization"},"potentialAction":[{"@type":"SearchAction","target":{"@type":"EntryPoint","urlTemplate":"https:\/\/maxstrefa.com\/?s={search_term_string}"},"query-input":{"@type":"PropertyValueSpecification","valueRequired":true,"valueName":"search_term_string"}}],"inLanguage":"en-GB"},{"@type":"Organization","@id":"https:\/\/maxstrefa.com\/#organization","name":"MaxStrefa","url":"https:\/\/maxstrefa.com\/","logo":{"@type":"ImageObject","inLanguage":"en-GB","@id":"https:\/\/maxstrefa.com\/#\/schema\/logo\/image\/","url":"https:\/\/maxstrefa.com\/wp-content\/uploads\/2025\/04\/Maxta-logo-2.jpg","contentUrl":"https:\/\/maxstrefa.com\/wp-content\/uploads\/2025\/04\/Maxta-logo-2.jpg","width":2048,"height":996,"caption":"MaxStrefa"},"image":{"@id":"https:\/\/maxstrefa.com\/#\/schema\/logo\/image\/"}}]}},"uagb_featured_image_src":{"full":["https:\/\/maxstrefa.com\/wp-content\/uploads\/2024\/02\/Akcesoria.webp",363,500,false],"thumbnail":["https:\/\/maxstrefa.com\/wp-content\/uploads\/2024\/02\/Akcesoria-150x150.webp",150,150,true],"medium":["https:\/\/maxstrefa.com\/wp-content\/uploads\/2024\/02\/Akcesoria-218x300.webp",218,300,true],"medium_large":["https:\/\/maxstrefa.com\/wp-content\/uploads\/2024\/02\/Akcesoria.webp",363,500,false],"large":["https:\/\/maxstrefa.com\/wp-content\/uploads\/2024\/02\/Akcesoria.webp",363,500,false],"1536x1536":["https:\/\/maxstrefa.com\/wp-content\/uploads\/2024\/02\/Akcesoria.webp",363,500,false],"2048x2048":["https:\/\/maxstrefa.com\/wp-content\/uploads\/2024\/02\/Akcesoria.webp",363,500,false],"trp-custom-language-flag":["https:\/\/maxstrefa.com\/wp-content\/uploads\/2024\/02\/Akcesoria.webp",9,12,false],"woocommerce_thumbnail":["https:\/\/maxstrefa.com\/wp-content\/uploads\/2024\/02\/Akcesoria.webp",363,500,false],"woocommerce_single":["https:\/\/maxstrefa.com\/wp-content\/uploads\/2024\/02\/Akcesoria.webp",363,500,false],"woocommerce_gallery_thumbnail":["https:\/\/maxstrefa.com\/wp-content\/uploads\/2024\/02\/Akcesoria-100x100.webp",100,100,true],"dgwt-wcas-product-suggestion":["https:\/\/maxstrefa.com\/wp-content\/uploads\/2024\/02\/Akcesoria-64x88.webp",64,88,true]},"uagb_author_info":{"display_name":"romanadmin","author_link":"https:\/\/maxstrefa.com\/en\/author\/"},"uagb_comment_info":0,"uagb_excerpt":"S\u0142u\u017cy do \u0142adowania BLUETTI EB3A\/EB70 przez gniazdo zapalniczki samochodowej.","_links":{"self":[{"href":"https:\/\/maxstrefa.com\/en\/wp-json\/wp\/v2\/product\/1541","targetHints":{"allow":["GET"]}}],"collection":[{"href":"https:\/\/maxstrefa.com\/en\/wp-json\/wp\/v2\/product"}],"about":[{"href":"https:\/\/maxstrefa.com\/en\/wp-json\/wp\/v2\/types\/product"}],"wp:featuredmedia":[{"embeddable":true,"href":"https:\/\/maxstrefa.com\/en\/wp-json\/wp\/v2\/media\/1544"}],"wp:attachment":[{"href":"https:\/\/maxstrefa.com\/en\/wp-json\/wp\/v2\/media?parent=1541"}],"wp:term":[{"taxonomy":"product_brand","embeddable":true,"href":"https:\/\/maxstrefa.com\/en\/wp-json\/wp\/v2\/product_brand?post=1541"},{"taxonomy":"product_cat","embeddable":true,"href":"https:\/\/maxstrefa.com\/en\/wp-json\/wp\/v2\/product_cat?post=1541"},{"taxonomy":"product_tag","embeddable":true,"href":"https:\/\/maxstrefa.com\/en\/wp-json\/wp\/v2\/product_tag?post=1541"}],"curies":[{"name":"wp","href":"https:\/\/api.w.org\/{rel}","templated":true}]}}