{"id":1478,"date":"2024-02-03T23:10:43","date_gmt":"2024-02-03T22:10:43","guid":{"rendered":"https:\/\/maxstrefa.com\/?post_type=product&#038;p=1478"},"modified":"2024-02-26T21:21:39","modified_gmt":"2024-02-26T20:21:39","slug":"zestaw-generator-panel-fotowoltaiczny-bluetti-ac60-panel-sloneczny-pv120","status":"publish","type":"product","link":"https:\/\/maxstrefa.com\/en\/product\/zestaw-generator-panel-fotowoltaiczny-bluetti-ac60-panel-sloneczny-pv120\/","title":{"rendered":"BLUETTI AC60 + PV120 generator + photovoltaic panel set"},"content":{"rendered":"<div class=\"mpof_ki myre_zn myre_8v_l m389_6m_l\">\n<div class=\"mp4t_16_s mryx_16_s mr3m_1 mli2_1 mh85_56 mh85_0_l\">\n<div class=\"mgn2_16 _0d3bd_am0a-\">\n<p><b>Wodoodporny generator s\u0142oneczny AC60<\/b><\/p>\n<p>BLUETTI AC60 zosta\u0142 wykonany ze znacznymi ulepszeniami w zakresie funkcji i mo\u017cliwo\u015bci, takimi jak stopie\u0144 ochrony IP65 dla ochrony przed wod\u0105 i kurzem, cicha praca &lt;45 dB, mo\u017cliwo\u015b\u0107 rozszerzenia pojemno\u015bci do 2,015 Wh i wi\u0119cej. To idealna jednostka nap\u0119dowa do przyg\u00f3d na \u015bwie\u017cym powietrzu i awaryjnego tworzenia kopii zapasowych w domu.<\/p>\n<ul>\n<li><b>[Wykorzystaj w pe\u0142ni energi\u0119 s\u0142oneczn\u0105] &#8211;<\/b>\u00a0Ten zestaw generatora s\u0142onecznego zawiera 1 \u00d7 panel s\u0142oneczny AC60 i 1 \u00d7 PV120, co umo\u017cliwia uzupe\u0142nienie tej elektrowni o mocy 403 Wh od 0 do 80% w 3,2\u20133,7 godziny.<\/li>\n<li><b>[5X wi\u0119ksza pojemno\u015b\u0107] &#8211;<\/b>\u00a0BLUETTI AC60 ma pojemno\u015b\u0107 403 Wh, kt\u00f3r\u0105 mo\u017cna zwi\u0119kszy\u0107 do 2015 Wh za pomoc\u0105 2 akumulator\u00f3w B80, co wystarczy na d\u0142ugie podr\u00f3\u017ce lub przed\u0142u\u017cone sytuacje awaryjne.<\/li>\n<li><b>[Doskona\u0142a wydajno\u015b\u0107] &#8211;<\/b>\u00a0Dzi\u0119ki falownikowi o mocy 600 W i 7 gniazdkom mo\u017cesz \u0142adowa\u0107 wiele urz\u0105dze\u0144 jednocze\u015bnie. Podczas gdy tryb podnoszenia mocy 1200 W umo\u017cliwia uruchamianie grzejnik\u00f3w o du\u017cej mocy, czajnik\u00f3w i innych urz\u0105dze\u0144.<\/li>\n<li><b>[Adventure Companion] &#8211;<\/b>\u00a0AC60 ma stopie\u0144 ochrony IP65, aby wytrzyma\u0107 trudne warunki. Dzi\u0119ki wytrzyma\u0142ej baterii LFP i 6-letniej gwarancji mo\u017cesz mie\u0107 pewno\u015b\u0107, \u017ce b\u0119dzie trwa\u0142a i cieszy\u0107 si\u0119 spokojem.<\/li>\n<\/ul>\n<\/div>\n<\/div>\n<\/div>\n<div class=\"mpof_ki myre_zn myre_8v_l m389_6m_l\">\n<div class=\"mp4t_16_s mryx_16_s mr3m_1 mli2_1 mh85_56 mh85_0_l\">\n<div class=\"mgn2_16 _0d3bd_am0a-\">\n<div class=\"mpof_ki myre_zn myre_8v_l m389_6m_l\">\n<div class=\"mp4t_16_s mryx_16_s mr3m_1 mli2_1 mh85_56 mh85_0_l\">\n<div class=\"mgn2_16 _0d3bd_am0a-\">\n<p>&nbsp;<\/p>\n<\/div>\n<\/div>\n<\/div>\n<div class=\"mpof_ki myre_zn myre_8v_l m389_6m_l\">\n<div class=\"mp4t_16_s mryx_16_s mr3m_1 mli2_1 mh85_56 mh85_0_l\">\n<div class=\"mgn2_16 _0d3bd_am0a-\">\n<p><b>Dlaczego 6-letnia gwarancja?<\/b><\/p>\n<p>Bardzo d\u0142uga gwarancja to obietnica firmy BLUETTI dotycz\u0105ca doskona\u0142o\u015bci produkt\u00f3w i us\u0142ug oraz odzwierciedlenie skoku naprz\u00f3d AC60 pod ka\u017cdym wzgl\u0119dem. AC60 jest wykonany z najwy\u017cszej jako\u015bci materia\u0142\u00f3w, kt\u00f3re zapewniaj\u0105 jego d\u0142ugowieczno\u015b\u0107, w tym z solidnej obudowy ze stopu aluminium i trwa\u0142ej baterii LiFePO4 o \u017cywotno\u015bci ponad 10 lat. Ponadto unikalna konstrukcja AC60 chroni przed wod\u0105 i kurzem, izoluj\u0105c obwody od otwor\u00f3w wentylacyjnych wentylatora i uszczelniaj\u0105c wszystkie wyloty wodoodporn\u0105 gum\u0105. Ponadto AC60 jest wyposa\u017cony w zaawansowan\u0105 technologi\u0119, tak\u0105 jak inteligentny BMS, wydajny kontroler MPPT i technologi\u0119 Power Lifting, aby zapewni\u0107 optymaln\u0105 wydajno\u015b\u0107 bez \u017cadnych awarii.<\/p>\n<\/div>\n<\/div>\n<\/div>\n<div class=\"mpof_ki myre_zn myre_8v_l m389_6m_l\">\n<div class=\"mp4t_16_s mryx_16_s mr3m_1 mli2_1 mh85_56 mh85_0_l\">\n<div class=\"mgn2_16 _0d3bd_am0a-\">\n<p><b>Zasilanie w dowolnym miejscu, na drodze lub na wodzie<\/b><\/p>\n<p>AC60 to pierwsza na \u015bwiecie przeno\u015bna elektrownia o stopniu ochrony IP65, kt\u00f3ra jest wodoodporna i py\u0142oszczelna. Kompaktowy o wadze 20,06 funta jest \u0142atwy do przenoszenia i mo\u017ce zapewnia\u0107 zasilanie w dowolnym miejscu i czasie. Od zakurzonych pusty\u0144 po brzegi jezior, w s\u0142o\u0144cu lub w deszczu, b\u0119dziesz mie\u0107 spok\u00f3j ducha.<\/p>\n<\/div>\n<\/div>\n<\/div>\n<div class=\"mpof_ki myre_zn myre_8v_l m389_6m_l\">\n<div class=\"mp4t_16_s mryx_16_s mr3m_1 mli2_1 mh85_56 mh85_0_l\">\n<div class=\"mgn2_16 _0d3bd_am0a-\">\n<p><b>Ma\u0142y, ale pot\u0119\u017cny<\/b><\/p>\n<p>Wykorzystuj\u0105c wiod\u0105c\u0105 w bran\u017cy technologi\u0119 Power Lifting*, AC60 mo\u017ce dostarczy\u0107 maks. 1200 W z falownika o mocy 600 W do zasilania urz\u0105dze\u0144 rezystancyjnych o du\u017cej mocy, takich jak suszarki do w\u0142os\u00f3w i grille. Dzi\u0119ki 7 uniwersalnym gniazdkom mo\u017ce w odpowiednim czasie zasila\u0107 szereg urz\u0105dze\u0144, takich jak kostkarki do lodu, lod\u00f3wki, koce elektryczne, telefony, laptopy i inne. Po prostu ciesz si\u0119 wypoczynkiem na \u015bwie\u017cym powietrzu z domowymi wygodami.<\/p>\n<p>* Technologia Power Lifting umo\u017cliwia obs\u0142ug\u0119 urz\u0105dze\u0144 rezystancyjnych o mocy poni\u017cej 1200 W<\/p>\n<\/div>\n<\/div>\n<\/div>\n<div class=\"mpof_ki myre_zn myre_8v_l m389_6m_l\">\n<div class=\"mp4t_16_s mryx_16_s mr3m_1 mli2_1 mh85_56 mh85_0_l\">\n<div class=\"mgn2_16 _0d3bd_am0a-\">\n<p><b>Elastyczna pojemno\u015b\u0107 na d\u0142u\u017cszy pobyt<\/b><\/p>\n<p>AC60 mie\u015bci 403 Wh mocy w najbezpieczniejszym akumulatorze LiFePO4, z ponad 3000 cykli przed osi\u0105gni\u0119ciem 80%. Mo\u017cna go sparowa\u0107 z dwoma dodatkowymi akumulatorami B80 (ka\u017cdy po 806 Wh), uzyskuj\u0105c w sumie 2,015 Wh &#8211; wystarczaj\u0105c\u0105 moc na kr\u00f3tkie wycieczki lub d\u0142ugie okresy z dala od sieci. Dowiedz si\u0119 wi\u0119cej o B80 tutaj.<\/p>\n<\/div>\n<\/div>\n<\/div>\n<div class=\"mpof_ki myre_zn myre_8v_l m389_6m_l\">\n<div class=\"mp4t_16_s mryx_16_s mr3m_1 mli2_1 mh85_56 mh85_0_l\">\n<div class=\"mgn2_16 _0d3bd_am0a-\">\n<p><b>Szybkie \u0142adowanie w ci\u0105gu jednej godziny<\/b><\/p>\n<p>Dzi\u0119ki technologii BLUETTI Turbo Charging mo\u017cesz na\u0142adowa\u0107 akumulator AC60 (403 Wh) w ci\u0105gu zaledwie 1 godziny dzi\u0119ki \u0142adowaniu pr\u0105dem przemiennym. Kiedy sko\u0144czysz pakowa\u0107 swoje rzeczy na przygod\u0119 na \u015bwie\u017cym powietrzu, AC60 jest ju\u017c w trybie gotowo\u015bci.<\/p>\n<\/div>\n<\/div>\n<\/div>\n<p>&nbsp;<\/p>\n<p><strong>W zestawie:<\/strong><\/p>\n<p>1 * przeno\u015bna elektrownia BLUETTI AC60,<\/p>\n<p>1 * panel s\u0142oneczny PV120,<\/p>\n<p>1 * kabel do \u0142adowania pr\u0105dem zmiennym,<\/p>\n<p>1 * kabel do \u0142adowania s\u0142onecznego,<\/p>\n<p>1 * kabel do \u0142adowania samochodu,<\/p>\n<p>instrukcja obs\u0142ugi, 6 lat gwarancji.<\/p>\n<\/div>\n<\/div>\n<\/div>\n<div class=\"mpof_ki myre_zn myre_8v_l m389_6m_l\">\n<div class=\"mp4t_16_s mryx_16_s mr3m_1 mli2_1 mh85_56 mh85_0_l\">\n<div class=\"mgn2_16 _0d3bd_am0a-\">\n<p><b>Wodoodporny generator s\u0142oneczny AC60<\/b><\/p>\n<p>BLUETTI AC60 zosta\u0142 wykonany ze znacznymi ulepszeniami w zakresie funkcji i mo\u017cliwo\u015bci, takimi jak stopie\u0144 ochrony IP65 dla ochrony przed wod\u0105 i kurzem, cicha praca &lt;45 dB, mo\u017cliwo\u015b\u0107 rozszerzenia pojemno\u015bci do 2,015 Wh i wi\u0119cej. To idealna jednostka nap\u0119dowa do przyg\u00f3d na \u015bwie\u017cym powietrzu i awaryjnego tworzenia kopii zapasowych w domu.<\/p>\n<\/div>\n<\/div>\n<\/div>\n<div class=\"mpof_ki myre_zn myre_8v_l m389_6m_l\">\n<div class=\"mp4t_16_s mryx_16_s mr3m_1 mli2_1 mh85_56 mh85_0_l\">\n<div class=\"mgn2_16 _0d3bd_am0a-\">\n<p><b>Dlaczego 6-letnia gwarancja?<\/b><\/p>\n<p>Bardzo d\u0142uga gwarancja to obietnica firmy BLUETTI dotycz\u0105ca doskona\u0142o\u015bci produkt\u00f3w i us\u0142ug oraz odzwierciedlenie skoku naprz\u00f3d AC60 pod ka\u017cdym wzgl\u0119dem. AC60 jest wykonany z najwy\u017cszej jako\u015bci materia\u0142\u00f3w, kt\u00f3re zapewniaj\u0105 jego d\u0142ugowieczno\u015b\u0107, w tym z solidnej obudowy ze stopu aluminium i trwa\u0142ej baterii LiFePO4 o \u017cywotno\u015bci ponad 10 lat. Ponadto unikalna konstrukcja AC60 chroni przed wod\u0105 i kurzem, izoluj\u0105c obwody od otwor\u00f3w wentylacyjnych wentylatora i uszczelniaj\u0105c wszystkie wyloty wodoodporn\u0105 gum\u0105. Ponadto AC60 jest wyposa\u017cony w zaawansowan\u0105 technologi\u0119, tak\u0105 jak inteligentny BMS, wydajny kontroler MPPT i technologi\u0119 Power Lifting, aby zapewni\u0107 optymaln\u0105 wydajno\u015b\u0107 bez \u017cadnych awarii.<\/p>\n<\/div>\n<\/div>\n<\/div>\n<div class=\"mpof_ki myre_zn myre_8v_l m389_6m_l\">\n<div class=\"mp4t_16_s mryx_16_s mr3m_1 mli2_1 mh85_56 mh85_0_l\">\n<div class=\"mgn2_16 _0d3bd_am0a-\">\n<p><b>Zasilanie w dowolnym miejscu, na drodze lub na wodzie<\/b><\/p>\n<p>AC60 to pierwsza na \u015bwiecie przeno\u015bna elektrownia o stopniu ochrony IP65, kt\u00f3ra jest wodoodporna i py\u0142oszczelna. Kompaktowy o wadze 20,06 funta jest \u0142atwy do przenoszenia i mo\u017ce zapewnia\u0107 zasilanie w dowolnym miejscu i czasie. Od zakurzonych pusty\u0144 po brzegi jezior, w s\u0142o\u0144cu lub w deszczu, b\u0119dziesz mie\u0107 spok\u00f3j ducha.<\/p>\n<\/div>\n<\/div>\n<\/div>\n<div class=\"mpof_ki myre_zn myre_8v_l m389_6m_l\">\n<div class=\"mp4t_16_s mryx_16_s mr3m_1 mli2_1 mh85_56 mh85_0_l\">\n<div class=\"mgn2_16 _0d3bd_am0a-\">\n<p><b>Ma\u0142y, ale pot\u0119\u017cny<\/b><\/p>\n<p>Wykorzystuj\u0105c wiod\u0105c\u0105 w bran\u017cy technologi\u0119 Power Lifting*, AC60 mo\u017ce dostarczy\u0107 maks. 1200 W z falownika o mocy 600 W do zasilania urz\u0105dze\u0144 rezystancyjnych o du\u017cej mocy, takich jak suszarki do w\u0142os\u00f3w i grille. Dzi\u0119ki 7 uniwersalnym gniazdkom mo\u017ce w odpowiednim czasie zasila\u0107 szereg urz\u0105dze\u0144, takich jak kostkarki do lodu, lod\u00f3wki, koce elektryczne, telefony, laptopy i inne. Po prostu ciesz si\u0119 wypoczynkiem na \u015bwie\u017cym powietrzu z domowymi wygodami.<\/p>\n<p>* Technologia Power Lifting umo\u017cliwia obs\u0142ug\u0119 urz\u0105dze\u0144 rezystancyjnych o mocy poni\u017cej 1200 W<\/p>\n<\/div>\n<\/div>\n<\/div>\n<div class=\"mpof_ki myre_zn myre_8v_l m389_6m_l\">\n<div class=\"mp4t_16_s mryx_16_s mr3m_1 mli2_1 mh85_56 mh85_0_l\">\n<div class=\"mgn2_16 _0d3bd_am0a-\">\n<p><b>Elastyczna pojemno\u015b\u0107 na d\u0142u\u017cszy pobyt<\/b><\/p>\n<p>AC60 mie\u015bci 403 Wh mocy w najbezpieczniejszym akumulatorze LiFePO4, z ponad 3000 cykli przed osi\u0105gni\u0119ciem 80%. Mo\u017cna go sparowa\u0107 z dwoma dodatkowymi akumulatorami B80 (ka\u017cdy po 806 Wh), uzyskuj\u0105c w sumie 2,015 Wh &#8211; wystarczaj\u0105c\u0105 moc na kr\u00f3tkie wycieczki lub d\u0142ugie okresy z dala od sieci. Dowiedz si\u0119 wi\u0119cej o B80 tutaj.<\/p>\n<\/div>\n<\/div>\n<\/div>\n<div class=\"mpof_ki myre_zn myre_8v_l m389_6m_l\">\n<div class=\"mp4t_16_s mryx_16_s mr3m_1 mli2_1 mh85_56 mh85_0_l\">\n<div class=\"mgn2_16 _0d3bd_am0a-\">\n<p><b>Szybkie \u0142adowanie w ci\u0105gu jednej godziny<\/b><\/p>\n<p>Dzi\u0119ki technologii BLUETTI Turbo Charging mo\u017cesz na\u0142adowa\u0107 akumulator AC60 (403 Wh) w ci\u0105gu zaledwie 1 godziny dzi\u0119ki \u0142adowaniu pr\u0105dem przemiennym. Kiedy sko\u0144czysz pakowa\u0107 swoje rzeczy na przygod\u0119 na \u015bwie\u017cym powietrzu, AC60 jest ju\u017c w trybie gotowo\u015bci.<\/p>\n<\/div>\n<\/div>\n<\/div>\n","protected":false},"excerpt":{"rendered":"<p>BLUETTI AC60 Solar Generator with PV120 Solar Panel Attached, 403Wh Portable Power Station with 2 600W (1200W) AC Outlets, LiFePO4 Battery Backup for Camping, Hiking, Power Outage<\/p>","protected":false},"featured_media":1479,"template":"","meta":{"_eb_attr":"","_uag_custom_page_level_css":"","site-sidebar-layout":"default","site-content-layout":"","ast-site-content-layout":"default","site-content-style":"default","site-sidebar-style":"default","ast-global-header-display":"","ast-banner-title-visibility":"","ast-main-header-display":"","ast-hfb-above-header-display":"","ast-hfb-below-header-display":"","ast-hfb-mobile-header-display":"","site-post-title":"","ast-breadcrumbs-content":"","ast-featured-img":"","footer-sml-layout":"","theme-transparent-header-meta":"default","adv-header-id-meta":"","stick-header-meta":"","header-above-stick-meta":"","header-main-stick-meta":"","header-below-stick-meta":"","astra-migrate-meta-layouts":"set","ast-page-background-enabled":"default","ast-page-background-meta":{"desktop":{"background-color":"var(--ast-global-color-4)","background-image":"","background-repeat":"repeat","background-position":"center center","background-size":"auto","background-attachment":"scroll","background-type":"","background-media":"","overlay-type":"","overlay-color":"","overlay-opacity":"","overlay-gradient":""},"tablet":{"background-color":"","background-image":"","background-repeat":"repeat","background-position":"center center","background-size":"auto","background-attachment":"scroll","background-type":"","background-media":"","overlay-type":"","overlay-color":"","overlay-opacity":"","overlay-gradient":""},"mobile":{"background-color":"","background-image":"","background-repeat":"repeat","background-position":"center center","background-size":"auto","background-attachment":"scroll","background-type":"","background-media":"","overlay-type":"","overlay-color":"","overlay-opacity":"","overlay-gradient":""}},"ast-content-background-meta":{"desktop":{"background-color":"var(--ast-global-color-5)","background-image":"","background-repeat":"repeat","background-position":"center center","background-size":"auto","background-attachment":"scroll","background-type":"","background-media":"","overlay-type":"","overlay-color":"","overlay-opacity":"","overlay-gradient":""},"tablet":{"background-color":"var(--ast-global-color-5)","background-image":"","background-repeat":"repeat","background-position":"center center","background-size":"auto","background-attachment":"scroll","background-type":"","background-media":"","overlay-type":"","overlay-color":"","overlay-opacity":"","overlay-gradient":""},"mobile":{"background-color":"var(--ast-global-color-5)","background-image":"","background-repeat":"repeat","background-position":"center center","background-size":"auto","background-attachment":"scroll","background-type":"","background-media":"","overlay-type":"","overlay-color":"","overlay-opacity":"","overlay-gradient":""}},"_themeisle_gutenberg_block_has_review":false},"product_brand":[],"product_cat":[26],"product_tag":[21,31],"class_list":{"0":"post-1478","1":"product","2":"type-product","3":"status-publish","4":"has-post-thumbnail","6":"product_cat-zestawy-solarne","7":"product_tag-bluetti","8":"product_tag-generator-zestaw-przenosny","9":"desktop-align-center","10":"tablet-align-left","11":"mobile-align-left","13":"first","14":"outofstock","15":"shipping-taxable","16":"purchasable","17":"product-type-simple"},"yoast_head":"<!-- This site is optimized with the Yoast SEO plugin v27.4 - https:\/\/yoast.com\/product\/yoast-seo-wordpress\/ -->\n<title>Zestaw generator + panel fotowoltaiczny BLUETTI AC60 + PV120 - MaxStrefa<\/title>\n<meta name=\"robots\" content=\"index, follow, max-snippet:-1, max-image-preview:large, max-video-preview:-1\" \/>\n<link rel=\"canonical\" href=\"https:\/\/maxstrefa.com\/en\/product\/zestaw-generator-panel-fotowoltaiczny-bluetti-ac60-panel-sloneczny-pv120\/\" \/>\n<meta property=\"og:locale\" content=\"en_GB\" \/>\n<meta property=\"og:type\" content=\"article\" \/>\n<meta property=\"og:title\" content=\"Zestaw generator + panel fotowoltaiczny BLUETTI AC60 + PV120 - MaxStrefa\" \/>\n<meta property=\"og:description\" content=\"Generator s\u0142oneczny BLUETTI AC60 z do\u0142\u0105czonym panelem s\u0142onecznym PV120, przeno\u015bna elektrownia 403 Wh z 2 gniazdami pr\u0105du przemiennego 600 W (1200 W), podtrzymanie bateryjne LiFePO4 na kemping, wycieczk\u0119, awaria zasilania\" \/>\n<meta property=\"og:url\" content=\"https:\/\/maxstrefa.com\/en\/product\/zestaw-generator-panel-fotowoltaiczny-bluetti-ac60-panel-sloneczny-pv120\/\" \/>\n<meta property=\"og:site_name\" content=\"MaxStrefa\" \/>\n<meta property=\"article:modified_time\" content=\"2024-02-26T20:21:39+00:00\" \/>\n<meta property=\"og:image\" content=\"https:\/\/maxstrefa.com\/wp-content\/uploads\/2024\/02\/ac60-kit.png\" \/>\n\t<meta property=\"og:image:width\" content=\"700\" \/>\n\t<meta property=\"og:image:height\" content=\"700\" \/>\n\t<meta property=\"og:image:type\" content=\"image\/png\" \/>\n<meta name=\"twitter:card\" content=\"summary_large_image\" \/>\n<meta name=\"twitter:label1\" content=\"Estimated reading time\" \/>\n\t<meta name=\"twitter:data1\" content=\"5 minutes\" \/>\n<script type=\"application\/ld+json\" class=\"yoast-schema-graph\">{\"@context\":\"https:\\\/\\\/schema.org\",\"@graph\":[{\"@type\":\"WebPage\",\"@id\":\"https:\\\/\\\/maxstrefa.com\\\/produkt\\\/zestaw-generator-panel-fotowoltaiczny-bluetti-ac60-panel-sloneczny-pv120\\\/\",\"url\":\"https:\\\/\\\/maxstrefa.com\\\/produkt\\\/zestaw-generator-panel-fotowoltaiczny-bluetti-ac60-panel-sloneczny-pv120\\\/\",\"name\":\"Zestaw generator + panel fotowoltaiczny BLUETTI AC60 + PV120 - MaxStrefa\",\"isPartOf\":{\"@id\":\"https:\\\/\\\/maxstrefa.com\\\/#website\"},\"primaryImageOfPage\":{\"@id\":\"https:\\\/\\\/maxstrefa.com\\\/produkt\\\/zestaw-generator-panel-fotowoltaiczny-bluetti-ac60-panel-sloneczny-pv120\\\/#primaryimage\"},\"image\":{\"@id\":\"https:\\\/\\\/maxstrefa.com\\\/produkt\\\/zestaw-generator-panel-fotowoltaiczny-bluetti-ac60-panel-sloneczny-pv120\\\/#primaryimage\"},\"thumbnailUrl\":\"https:\\\/\\\/maxstrefa.com\\\/wp-content\\\/uploads\\\/2024\\\/02\\\/ac60-kit.png\",\"datePublished\":\"2024-02-03T22:10:43+00:00\",\"dateModified\":\"2024-02-26T20:21:39+00:00\",\"breadcrumb\":{\"@id\":\"https:\\\/\\\/maxstrefa.com\\\/produkt\\\/zestaw-generator-panel-fotowoltaiczny-bluetti-ac60-panel-sloneczny-pv120\\\/#breadcrumb\"},\"inLanguage\":\"en-GB\",\"potentialAction\":[{\"@type\":\"ReadAction\",\"target\":[\"https:\\\/\\\/maxstrefa.com\\\/produkt\\\/zestaw-generator-panel-fotowoltaiczny-bluetti-ac60-panel-sloneczny-pv120\\\/\"]}]},{\"@type\":\"ImageObject\",\"inLanguage\":\"en-GB\",\"@id\":\"https:\\\/\\\/maxstrefa.com\\\/produkt\\\/zestaw-generator-panel-fotowoltaiczny-bluetti-ac60-panel-sloneczny-pv120\\\/#primaryimage\",\"url\":\"https:\\\/\\\/maxstrefa.com\\\/wp-content\\\/uploads\\\/2024\\\/02\\\/ac60-kit.png\",\"contentUrl\":\"https:\\\/\\\/maxstrefa.com\\\/wp-content\\\/uploads\\\/2024\\\/02\\\/ac60-kit.png\",\"width\":700,\"height\":700,\"caption\":\"Zestaw generator + panel fotowoltaiczny BLUETTI AC60 + PV120\"},{\"@type\":\"BreadcrumbList\",\"@id\":\"https:\\\/\\\/maxstrefa.com\\\/produkt\\\/zestaw-generator-panel-fotowoltaiczny-bluetti-ac60-panel-sloneczny-pv120\\\/#breadcrumb\",\"itemListElement\":[{\"@type\":\"ListItem\",\"position\":1,\"name\":\"Strona g\u0142\u00f3wna\",\"item\":\"https:\\\/\\\/maxstrefa.com\\\/\"},{\"@type\":\"ListItem\",\"position\":2,\"name\":\"Sklep\",\"item\":\"https:\\\/\\\/maxstrefa.com\\\/przenosne-stacje-zasilania\\\/\"},{\"@type\":\"ListItem\",\"position\":3,\"name\":\"Zestaw generator + panel fotowoltaiczny BLUETTI AC60 + PV120\"}]},{\"@type\":\"WebSite\",\"@id\":\"https:\\\/\\\/maxstrefa.com\\\/#website\",\"url\":\"https:\\\/\\\/maxstrefa.com\\\/\",\"name\":\"MaxStrefa\",\"description\":\"\",\"publisher\":{\"@id\":\"https:\\\/\\\/maxstrefa.com\\\/#organization\"},\"potentialAction\":[{\"@type\":\"SearchAction\",\"target\":{\"@type\":\"EntryPoint\",\"urlTemplate\":\"https:\\\/\\\/maxstrefa.com\\\/?s={search_term_string}\"},\"query-input\":{\"@type\":\"PropertyValueSpecification\",\"valueRequired\":true,\"valueName\":\"search_term_string\"}}],\"inLanguage\":\"en-GB\"},{\"@type\":\"Organization\",\"@id\":\"https:\\\/\\\/maxstrefa.com\\\/#organization\",\"name\":\"MaxStrefa\",\"url\":\"https:\\\/\\\/maxstrefa.com\\\/\",\"logo\":{\"@type\":\"ImageObject\",\"inLanguage\":\"en-GB\",\"@id\":\"https:\\\/\\\/maxstrefa.com\\\/#\\\/schema\\\/logo\\\/image\\\/\",\"url\":\"https:\\\/\\\/maxstrefa.com\\\/wp-content\\\/uploads\\\/2025\\\/04\\\/Maxta-logo-2.jpg\",\"contentUrl\":\"https:\\\/\\\/maxstrefa.com\\\/wp-content\\\/uploads\\\/2025\\\/04\\\/Maxta-logo-2.jpg\",\"width\":2048,\"height\":996,\"caption\":\"MaxStrefa\"},\"image\":{\"@id\":\"https:\\\/\\\/maxstrefa.com\\\/#\\\/schema\\\/logo\\\/image\\\/\"}}]}<\/script>\n<!-- \/ Yoast SEO plugin. -->","yoast_head_json":{"title":"Generator set + BLUETTI AC60 + PV120 photovoltaic panel - MaxStrefa","robots":{"index":"index","follow":"follow","max-snippet":"max-snippet:-1","max-image-preview":"max-image-preview:large","max-video-preview":"max-video-preview:-1"},"canonical":"https:\/\/maxstrefa.com\/en\/product\/zestaw-generator-panel-fotowoltaiczny-bluetti-ac60-panel-sloneczny-pv120\/","og_locale":"en_GB","og_type":"article","og_title":"Zestaw generator + panel fotowoltaiczny BLUETTI AC60 + PV120 - MaxStrefa","og_description":"Generator s\u0142oneczny BLUETTI AC60 z do\u0142\u0105czonym panelem s\u0142onecznym PV120, przeno\u015bna elektrownia 403 Wh z 2 gniazdami pr\u0105du przemiennego 600 W (1200 W), podtrzymanie bateryjne LiFePO4 na kemping, wycieczk\u0119, awaria zasilania","og_url":"https:\/\/maxstrefa.com\/en\/product\/zestaw-generator-panel-fotowoltaiczny-bluetti-ac60-panel-sloneczny-pv120\/","og_site_name":"MaxStrefa","article_modified_time":"2024-02-26T20:21:39+00:00","og_image":[{"width":700,"height":700,"url":"https:\/\/maxstrefa.com\/wp-content\/uploads\/2024\/02\/ac60-kit.png","type":"image\/png"}],"twitter_card":"summary_large_image","twitter_misc":{"Estimated reading time":"5 minutes"},"schema":{"@context":"https:\/\/schema.org","@graph":[{"@type":"WebPage","@id":"https:\/\/maxstrefa.com\/produkt\/zestaw-generator-panel-fotowoltaiczny-bluetti-ac60-panel-sloneczny-pv120\/","url":"https:\/\/maxstrefa.com\/produkt\/zestaw-generator-panel-fotowoltaiczny-bluetti-ac60-panel-sloneczny-pv120\/","name":"Generator set + BLUETTI AC60 + PV120 photovoltaic panel - MaxStrefa","isPartOf":{"@id":"https:\/\/maxstrefa.com\/#website"},"primaryImageOfPage":{"@id":"https:\/\/maxstrefa.com\/produkt\/zestaw-generator-panel-fotowoltaiczny-bluetti-ac60-panel-sloneczny-pv120\/#primaryimage"},"image":{"@id":"https:\/\/maxstrefa.com\/produkt\/zestaw-generator-panel-fotowoltaiczny-bluetti-ac60-panel-sloneczny-pv120\/#primaryimage"},"thumbnailUrl":"https:\/\/maxstrefa.com\/wp-content\/uploads\/2024\/02\/ac60-kit.png","datePublished":"2024-02-03T22:10:43+00:00","dateModified":"2024-02-26T20:21:39+00:00","breadcrumb":{"@id":"https:\/\/maxstrefa.com\/produkt\/zestaw-generator-panel-fotowoltaiczny-bluetti-ac60-panel-sloneczny-pv120\/#breadcrumb"},"inLanguage":"en-GB","potentialAction":[{"@type":"ReadAction","target":["https:\/\/maxstrefa.com\/produkt\/zestaw-generator-panel-fotowoltaiczny-bluetti-ac60-panel-sloneczny-pv120\/"]}]},{"@type":"ImageObject","inLanguage":"en-GB","@id":"https:\/\/maxstrefa.com\/produkt\/zestaw-generator-panel-fotowoltaiczny-bluetti-ac60-panel-sloneczny-pv120\/#primaryimage","url":"https:\/\/maxstrefa.com\/wp-content\/uploads\/2024\/02\/ac60-kit.png","contentUrl":"https:\/\/maxstrefa.com\/wp-content\/uploads\/2024\/02\/ac60-kit.png","width":700,"height":700,"caption":"Zestaw generator + panel fotowoltaiczny BLUETTI AC60 + PV120"},{"@type":"BreadcrumbList","@id":"https:\/\/maxstrefa.com\/produkt\/zestaw-generator-panel-fotowoltaiczny-bluetti-ac60-panel-sloneczny-pv120\/#breadcrumb","itemListElement":[{"@type":"ListItem","position":1,"name":"Strona g\u0142\u00f3wna","item":"https:\/\/maxstrefa.com\/"},{"@type":"ListItem","position":2,"name":"Sklep","item":"https:\/\/maxstrefa.com\/przenosne-stacje-zasilania\/"},{"@type":"ListItem","position":3,"name":"Zestaw generator + panel fotowoltaiczny BLUETTI AC60 + PV120"}]},{"@type":"WebSite","@id":"https:\/\/maxstrefa.com\/#website","url":"https:\/\/maxstrefa.com\/","name":"MaxStrefa","description":"","publisher":{"@id":"https:\/\/maxstrefa.com\/#organization"},"potentialAction":[{"@type":"SearchAction","target":{"@type":"EntryPoint","urlTemplate":"https:\/\/maxstrefa.com\/?s={search_term_string}"},"query-input":{"@type":"PropertyValueSpecification","valueRequired":true,"valueName":"search_term_string"}}],"inLanguage":"en-GB"},{"@type":"Organization","@id":"https:\/\/maxstrefa.com\/#organization","name":"MaxStrefa","url":"https:\/\/maxstrefa.com\/","logo":{"@type":"ImageObject","inLanguage":"en-GB","@id":"https:\/\/maxstrefa.com\/#\/schema\/logo\/image\/","url":"https:\/\/maxstrefa.com\/wp-content\/uploads\/2025\/04\/Maxta-logo-2.jpg","contentUrl":"https:\/\/maxstrefa.com\/wp-content\/uploads\/2025\/04\/Maxta-logo-2.jpg","width":2048,"height":996,"caption":"MaxStrefa"},"image":{"@id":"https:\/\/maxstrefa.com\/#\/schema\/logo\/image\/"}}]}},"uagb_featured_image_src":{"full":["https:\/\/maxstrefa.com\/wp-content\/uploads\/2024\/02\/ac60-kit.png",700,700,false],"thumbnail":["https:\/\/maxstrefa.com\/wp-content\/uploads\/2024\/02\/ac60-kit-150x150.png",150,150,true],"medium":["https:\/\/maxstrefa.com\/wp-content\/uploads\/2024\/02\/ac60-kit-300x300.png",300,300,true],"medium_large":["https:\/\/maxstrefa.com\/wp-content\/uploads\/2024\/02\/ac60-kit.png",700,700,false],"large":["https:\/\/maxstrefa.com\/wp-content\/uploads\/2024\/02\/ac60-kit.png",700,700,false],"1536x1536":["https:\/\/maxstrefa.com\/wp-content\/uploads\/2024\/02\/ac60-kit.png",700,700,false],"2048x2048":["https:\/\/maxstrefa.com\/wp-content\/uploads\/2024\/02\/ac60-kit.png",700,700,false],"trp-custom-language-flag":["https:\/\/maxstrefa.com\/wp-content\/uploads\/2024\/02\/ac60-kit.png",12,12,false],"woocommerce_thumbnail":["https:\/\/maxstrefa.com\/wp-content\/uploads\/2024\/02\/ac60-kit-600x600.png",600,600,true],"woocommerce_single":["https:\/\/maxstrefa.com\/wp-content\/uploads\/2024\/02\/ac60-kit-600x600.png",600,600,true],"woocommerce_gallery_thumbnail":["https:\/\/maxstrefa.com\/wp-content\/uploads\/2024\/02\/ac60-kit-100x100.png",100,100,true],"dgwt-wcas-product-suggestion":["https:\/\/maxstrefa.com\/wp-content\/uploads\/2024\/02\/ac60-kit-64x64.png",64,64,true]},"uagb_author_info":{"display_name":"romanadmin","author_link":"https:\/\/maxstrefa.com\/en\/author\/"},"uagb_comment_info":0,"uagb_excerpt":"Generator s\u0142oneczny BLUETTI AC60 z do\u0142\u0105czonym panelem s\u0142onecznym PV120, przeno\u015bna elektrownia 403 Wh z 2 gniazdami pr\u0105du przemiennego 600 W (1200 W), podtrzymanie bateryjne LiFePO4 na kemping, wycieczk\u0119, awaria zasilania","_links":{"self":[{"href":"https:\/\/maxstrefa.com\/en\/wp-json\/wp\/v2\/product\/1478","targetHints":{"allow":["GET"]}}],"collection":[{"href":"https:\/\/maxstrefa.com\/en\/wp-json\/wp\/v2\/product"}],"about":[{"href":"https:\/\/maxstrefa.com\/en\/wp-json\/wp\/v2\/types\/product"}],"wp:featuredmedia":[{"embeddable":true,"href":"https:\/\/maxstrefa.com\/en\/wp-json\/wp\/v2\/media\/1479"}],"wp:attachment":[{"href":"https:\/\/maxstrefa.com\/en\/wp-json\/wp\/v2\/media?parent=1478"}],"wp:term":[{"taxonomy":"product_brand","embeddable":true,"href":"https:\/\/maxstrefa.com\/en\/wp-json\/wp\/v2\/product_brand?post=1478"},{"taxonomy":"product_cat","embeddable":true,"href":"https:\/\/maxstrefa.com\/en\/wp-json\/wp\/v2\/product_cat?post=1478"},{"taxonomy":"product_tag","embeddable":true,"href":"https:\/\/maxstrefa.com\/en\/wp-json\/wp\/v2\/product_tag?post=1478"}],"curies":[{"name":"wp","href":"https:\/\/api.w.org\/{rel}","templated":true}]}}