{"id":1477,"date":"2024-02-03T22:40:48","date_gmt":"2024-02-03T21:40:48","guid":{"rendered":"https:\/\/maxstrefa.com\/?post_type=product&#038;p=1477"},"modified":"2024-02-26T21:22:01","modified_gmt":"2024-02-26T20:22:01","slug":"zestaw-generator-panel-fotowoltaiczny-bluetti-eb3apv200","status":"publish","type":"product","link":"https:\/\/maxstrefa.com\/en\/product\/zestaw-generator-panel-fotowoltaiczny-bluetti-eb3apv200\/","title":{"rendered":"BLUETTI EB3A+PV200 generator + photovoltaic panel set"},"content":{"rendered":"<div class=\"mpof_ki myre_zn myre_8v_l m389_6m_l\">\n<div class=\"mp4t_16_s mryx_16_s mr3m_1 mli2_1 mh85_56 mh85_0_l\">\n<div class=\"mgn2_16 _0d3bd_am0a-\">\n<div class=\"mpof_ki myre_zn myre_8v_l m389_6m_l\">\n<div class=\"mp4t_16_s mryx_16_s mr3m_1 mli2_1 mh85_56 mh85_0_l\">\n<div class=\"mgn2_16 _0d3bd_am0a-\">\n<p><strong>Cechy przeno\u015bnej elektrowni EB3A<\/strong><\/p>\n<ul>\n<li><b>[Panel s\u0142oneczny 200 W] &#8211;<\/b>\u00a0PV200 ze z\u0142\u0105czami solarnymi mo\u017ce zaoferowa\u0107 200 W energii s\u0142onecznej dla twoich generator\u00f3w s\u0142onecznych, takich jak BLUETTI EB3A\/EB55\/EB70S\/AC200P\/AC200MAX\/AC300\/EP500\/EP500Pro i innych generator\u00f3w na rynku.<\/li>\n<li><b>[Wysoka wydajno\u015b\u0107 ogniw] &#8211;<\/b>\u00a0Zbudowany z monokrystalicznych ogniw s\u0142onecznych panel s\u0142oneczny PV200 mo\u017ce przekszta\u0142ci\u0107 do 23,4% \u015bwiat\u0142a s\u0142onecznego w u\u017cyteczn\u0105 energi\u0119 elektryczn\u0105, zapewniaj\u0105c energi\u0119 s\u0142oneczn\u0105 nawet przy z\u0142ej pogodzie.<\/li>\n<li><b>[D\u0142ugotrwa\u0142a pow\u0142oka ETFE]<\/b>\u00a0&#8211; Panel s\u0142oneczny o mocy 200 W jest r\u00f3wnie\u017c odporny na wszelkie zarysowania i rozpryski wody, idealny na kemping, w\u0119dkarstwo, w\u0119dr\u00f3wki i wiele innych.<\/li>\n<li><b>[Sk\u0142adany i przeno\u015bny] &#8211;<\/b>\u00a0Dzi\u0119ki z\u0142o\u017conemu rozmiarowi 24,8 \u00d7 23,2 cala i wadze 16,1 funta mo\u017cesz zabra\u0107 ten panel s\u0142oneczny wsz\u0119dzie tam, gdzie potrzebujesz energii s\u0142onecznej.<\/li>\n<\/ul>\n<\/div>\n<\/div>\n<\/div>\n<div class=\"mpof_ki myre_zn myre_8v_l m389_6m_l\">\n<div class=\"mp4t_16_s mryx_16_s mr3m_1 mli2_1 mh85_56 mh85_0_l\">\n<div class=\"mgn2_16 _0d3bd_am0a-\">\n<p><strong>Dane techniczne (przeno\u015bna elektrownia EB3A)<\/strong><\/p>\n<ul>\n<li>Pojemno\u015b\u0107: 268,8Wh (12Ah)<\/li>\n<li>Typ: LiFePO\u2084 (fosforan litowo-\u017celazowy)<\/li>\n<li>Cykle \u017cycia: ponad 2500 cykli do 80% pierwotnej pojemno\u015bci<\/li>\n<\/ul>\n<p><b>WYJ\u015aCIE:<\/b><\/p>\n<ul>\n<li>Gniazda AC: 1 x 220 V-240 V\/2,6 A, \u0142\u0105cznie 600 W<\/li>\n<li>Typ falownika: czysta fala sinusoidalna<\/li>\n<li>Moc udarowa: 1200 W<\/li>\n<li>Port USB-C: 1 x 100 W maks.<\/li>\n<li>Port USB-A: 2 x 5V\/3A USB-A<\/li>\n<li>Gniazda pr\u0105du sta\u0142ego: 1 x 12V\/10A (gniazdko samochodowe); 2 x 12 V\/10 A DC 5521 (gniazda 5,5 mm) * Wszystkie regulowane.<\/li>\n<li>Bezprzewodowa podk\u0142adka \u0142aduj\u0105ca: 1 x 15 W maks.<\/li>\n<\/ul>\n<p><b>WEJ\u015aCIE:<\/b><\/p>\n<ul>\n<li>Kabel \u0142aduj\u0105cy AC (tryb standardowy): 350 W maks.<\/li>\n<li>Kabel \u0142aduj\u0105cy AC (tryb Turbo): 350 W maks.<\/li>\n<li>Energia s\u0142oneczna: maks. 200 W, VOC 12-28 VDC\/ 8,5 A<\/li>\n<li>Wej\u015bcie samochodowe: 12\/24 V z gniazda zapalniczki (8,5 A maks. )<\/li>\n<li>Maksymalne wej\u015bcie: 430 W, z wej\u015bciem AC i energi\u0105 s\u0142oneczn\u0105 jednocze\u015bnie<\/li>\n<li>Waga: 10,14lbs\/4,6kg<\/li>\n<li>Wymiary (DxSxG): 10,04*7,09*7,20in\/255*180*183mm<\/li>\n<li>Temperatura robocza: 14-104 \u2109 (-10-40 \u2103)<\/li>\n<li>Temperatura przechowywania: 14-113 \u2109 (-10-45 \u2103)<\/li>\n<\/ul>\n<\/div>\n<\/div>\n<\/div>\n<div class=\"mpof_ki myre_zn myre_8v_l m389_6m_l\">\n<div class=\"mp4t_16_s mryx_16_s mr3m_1 mli2_1 mh85_56 mh85_0_l\">\n<div class=\"mgn2_16 _0d3bd_am0a-\">\n<p><strong>Dane techniczne (panel s\u0142oneczny PV200)<\/strong><\/p>\n<ul>\n<li>Model: PV200<\/li>\n<li>Moc: 200W<\/li>\n<li>Laminowanie: ETFE (etylen tetrafluoroetylenowy)<\/li>\n<li>Typ ogniwa: Krzem monokrystaliczny<\/li>\n<li>Wydajno\u015b\u0107 ogniw: do 23,4%<\/li>\n<li>Napi\u0119cie przy maksymalnej mocy (Vmp): 20,5 V<\/li>\n<li>Pr\u0105d przy maksymalnej mocy (Imp): 9,7 A<\/li>\n<li>Napi\u0119cie obwodu otwartego (OCV): 26,1 V<\/li>\n<li>Pr\u0105d zwarcia (Isc): 10,3 A<\/li>\n<li>Z\u0142\u0105cze: standardowe z\u0142\u0105cze MC4<\/li>\n<li>Waga: 16,1 funta (7,3 kg)<\/li>\n<li>Wymiary (roz\u0142o\u017cony): 23,2 \u00d7 89,2 cala (59 \u00d7 226,5 cm)<\/li>\n<li>Wymiary (z\u0142o\u017cone): 23,2 \u00d7 24,8 cala (59 \u00d7 60 cm)<\/li>\n<li>Temperatura robocza: 14-149 \u2109 (-10-65 \u2103)<\/li>\n<li>Najlepsza temperatura pracy: 77 \u2109 (25 \u2103)<\/li>\n<li>D\u0142ugo\u015b\u0107 kabla: 118 cali (3 m)<\/li>\n<\/ul>\n<\/div>\n<\/div>\n<\/div>\n<div class=\"mpof_ki myre_zn myre_8v_l m389_6m_l\">\n<div class=\"mp4t_16_s mryx_16_s mr3m_1 mli2_1 mh85_56 mh85_0_l\">\n<div class=\"mgn2_16 _0d3bd_am0a-\">\n<p><strong>W komplecie:<\/strong><\/p>\n<ul>\n<li>1 * przeno\u015bna elektrownia BLUETTI EB3A,<\/li>\n<li>1 * panel s\u0142oneczny PV200,<\/li>\n<li>1 * kabel do \u0142adowania pr\u0105dem zmiennym,<\/li>\n<li>1 * kabel do \u0142adowania s\u0142onecznego,<\/li>\n<li>1 * instrukcja obs\u0142ugi,<\/li>\n<li>24-miesi\u0119czna gwarancja<\/li>\n<\/ul>\n<\/div>\n<\/div>\n<\/div>\n<\/div>\n<\/div>\n<\/div>\n","protected":false},"excerpt":{"rendered":"<p>Designed to be more energy efficient than traditional generators, the BLUETTI EB3A is so light in weight that it helps reduce carbon dioxide emissions into the environment.<\/p>","protected":false},"featured_media":1475,"template":"","meta":{"_eb_attr":"","_uag_custom_page_level_css":"","site-sidebar-layout":"default","site-content-layout":"","ast-site-content-layout":"default","site-content-style":"default","site-sidebar-style":"default","ast-global-header-display":"","ast-banner-title-visibility":"","ast-main-header-display":"","ast-hfb-above-header-display":"","ast-hfb-below-header-display":"","ast-hfb-mobile-header-display":"","site-post-title":"","ast-breadcrumbs-content":"","ast-featured-img":"","footer-sml-layout":"","theme-transparent-header-meta":"default","adv-header-id-meta":"","stick-header-meta":"","header-above-stick-meta":"","header-main-stick-meta":"","header-below-stick-meta":"","astra-migrate-meta-layouts":"set","ast-page-background-enabled":"default","ast-page-background-meta":{"desktop":{"background-color":"var(--ast-global-color-4)","background-image":"","background-repeat":"repeat","background-position":"center center","background-size":"auto","background-attachment":"scroll","background-type":"","background-media":"","overlay-type":"","overlay-color":"","overlay-opacity":"","overlay-gradient":""},"tablet":{"background-color":"","background-image":"","background-repeat":"repeat","background-position":"center center","background-size":"auto","background-attachment":"scroll","background-type":"","background-media":"","overlay-type":"","overlay-color":"","overlay-opacity":"","overlay-gradient":""},"mobile":{"background-color":"","background-image":"","background-repeat":"repeat","background-position":"center center","background-size":"auto","background-attachment":"scroll","background-type":"","background-media":"","overlay-type":"","overlay-color":"","overlay-opacity":"","overlay-gradient":""}},"ast-content-background-meta":{"desktop":{"background-color":"var(--ast-global-color-5)","background-image":"","background-repeat":"repeat","background-position":"center center","background-size":"auto","background-attachment":"scroll","background-type":"","background-media":"","overlay-type":"","overlay-color":"","overlay-opacity":"","overlay-gradient":""},"tablet":{"background-color":"var(--ast-global-color-5)","background-image":"","background-repeat":"repeat","background-position":"center center","background-size":"auto","background-attachment":"scroll","background-type":"","background-media":"","overlay-type":"","overlay-color":"","overlay-opacity":"","overlay-gradient":""},"mobile":{"background-color":"var(--ast-global-color-5)","background-image":"","background-repeat":"repeat","background-position":"center center","background-size":"auto","background-attachment":"scroll","background-type":"","background-media":"","overlay-type":"","overlay-color":"","overlay-opacity":"","overlay-gradient":""}},"_themeisle_gutenberg_block_has_review":false},"product_brand":[],"product_cat":[26],"product_tag":[21,31],"class_list":{"0":"post-1477","1":"product","2":"type-product","3":"status-publish","4":"has-post-thumbnail","6":"product_cat-zestawy-solarne","7":"product_tag-bluetti","8":"product_tag-generator-zestaw-przenosny","9":"desktop-align-center","10":"tablet-align-left","11":"mobile-align-left","13":"first","14":"outofstock","15":"shipping-taxable","16":"purchasable","17":"product-type-simple"},"yoast_head":"<!-- This site is optimized with the Yoast SEO plugin v27.4 - https:\/\/yoast.com\/product\/yoast-seo-wordpress\/ -->\n<title>Zestaw generator + panel fotowoltaiczny BLUETTI EB3A+PV200 - MaxStrefa<\/title>\n<meta name=\"robots\" content=\"index, follow, max-snippet:-1, max-image-preview:large, max-video-preview:-1\" \/>\n<link rel=\"canonical\" href=\"https:\/\/maxstrefa.com\/en\/product\/zestaw-generator-panel-fotowoltaiczny-bluetti-eb3apv200\/\" \/>\n<meta property=\"og:locale\" content=\"en_GB\" \/>\n<meta property=\"og:type\" content=\"article\" \/>\n<meta property=\"og:title\" content=\"Zestaw generator + panel fotowoltaiczny BLUETTI EB3A+PV200 - MaxStrefa\" \/>\n<meta property=\"og:description\" content=\"Zaprojektowany tak, aby by\u0142 bardziej energooszcz\u0119dny ni\u017c tradycyjne generatory, BLUETTI EB3A jest tak lekki pod wzgl\u0119dem masy, \u017ce przyczynia si\u0119 do zmniejszenia emisji dwutlenku w\u0119gla do \u015brodowiska.\" \/>\n<meta property=\"og:url\" content=\"https:\/\/maxstrefa.com\/en\/product\/zestaw-generator-panel-fotowoltaiczny-bluetti-eb3apv200\/\" \/>\n<meta property=\"og:site_name\" content=\"MaxStrefa\" \/>\n<meta property=\"article:modified_time\" content=\"2024-02-26T20:22:01+00:00\" \/>\n<meta property=\"og:image\" content=\"https:\/\/maxstrefa.com\/wp-content\/uploads\/2024\/02\/eb3a-kit.png\" \/>\n\t<meta property=\"og:image:width\" content=\"707\" \/>\n\t<meta property=\"og:image:height\" content=\"700\" \/>\n\t<meta property=\"og:image:type\" content=\"image\/png\" \/>\n<meta name=\"twitter:card\" content=\"summary_large_image\" \/>\n<meta name=\"twitter:label1\" content=\"Estimated reading time\" \/>\n\t<meta name=\"twitter:data1\" content=\"2 minutes\" \/>\n<script type=\"application\/ld+json\" class=\"yoast-schema-graph\">{\"@context\":\"https:\\\/\\\/schema.org\",\"@graph\":[{\"@type\":\"WebPage\",\"@id\":\"https:\\\/\\\/maxstrefa.com\\\/produkt\\\/zestaw-generator-panel-fotowoltaiczny-bluetti-eb3apv200\\\/\",\"url\":\"https:\\\/\\\/maxstrefa.com\\\/produkt\\\/zestaw-generator-panel-fotowoltaiczny-bluetti-eb3apv200\\\/\",\"name\":\"Zestaw generator + panel fotowoltaiczny BLUETTI EB3A+PV200 - MaxStrefa\",\"isPartOf\":{\"@id\":\"https:\\\/\\\/maxstrefa.com\\\/#website\"},\"primaryImageOfPage\":{\"@id\":\"https:\\\/\\\/maxstrefa.com\\\/produkt\\\/zestaw-generator-panel-fotowoltaiczny-bluetti-eb3apv200\\\/#primaryimage\"},\"image\":{\"@id\":\"https:\\\/\\\/maxstrefa.com\\\/produkt\\\/zestaw-generator-panel-fotowoltaiczny-bluetti-eb3apv200\\\/#primaryimage\"},\"thumbnailUrl\":\"https:\\\/\\\/maxstrefa.com\\\/wp-content\\\/uploads\\\/2024\\\/02\\\/eb3a-kit.png\",\"datePublished\":\"2024-02-03T21:40:48+00:00\",\"dateModified\":\"2024-02-26T20:22:01+00:00\",\"breadcrumb\":{\"@id\":\"https:\\\/\\\/maxstrefa.com\\\/produkt\\\/zestaw-generator-panel-fotowoltaiczny-bluetti-eb3apv200\\\/#breadcrumb\"},\"inLanguage\":\"en-GB\",\"potentialAction\":[{\"@type\":\"ReadAction\",\"target\":[\"https:\\\/\\\/maxstrefa.com\\\/produkt\\\/zestaw-generator-panel-fotowoltaiczny-bluetti-eb3apv200\\\/\"]}]},{\"@type\":\"ImageObject\",\"inLanguage\":\"en-GB\",\"@id\":\"https:\\\/\\\/maxstrefa.com\\\/produkt\\\/zestaw-generator-panel-fotowoltaiczny-bluetti-eb3apv200\\\/#primaryimage\",\"url\":\"https:\\\/\\\/maxstrefa.com\\\/wp-content\\\/uploads\\\/2024\\\/02\\\/eb3a-kit.png\",\"contentUrl\":\"https:\\\/\\\/maxstrefa.com\\\/wp-content\\\/uploads\\\/2024\\\/02\\\/eb3a-kit.png\",\"width\":707,\"height\":700,\"caption\":\"Zestaw generator + panel fotowoltaiczny BLUETTI EB3A+PV200\"},{\"@type\":\"BreadcrumbList\",\"@id\":\"https:\\\/\\\/maxstrefa.com\\\/produkt\\\/zestaw-generator-panel-fotowoltaiczny-bluetti-eb3apv200\\\/#breadcrumb\",\"itemListElement\":[{\"@type\":\"ListItem\",\"position\":1,\"name\":\"Strona g\u0142\u00f3wna\",\"item\":\"https:\\\/\\\/maxstrefa.com\\\/\"},{\"@type\":\"ListItem\",\"position\":2,\"name\":\"Sklep\",\"item\":\"https:\\\/\\\/maxstrefa.com\\\/przenosne-stacje-zasilania\\\/\"},{\"@type\":\"ListItem\",\"position\":3,\"name\":\"Zestaw generator + panel fotowoltaiczny BLUETTI EB3A+PV200\"}]},{\"@type\":\"WebSite\",\"@id\":\"https:\\\/\\\/maxstrefa.com\\\/#website\",\"url\":\"https:\\\/\\\/maxstrefa.com\\\/\",\"name\":\"MaxStrefa\",\"description\":\"\",\"publisher\":{\"@id\":\"https:\\\/\\\/maxstrefa.com\\\/#organization\"},\"potentialAction\":[{\"@type\":\"SearchAction\",\"target\":{\"@type\":\"EntryPoint\",\"urlTemplate\":\"https:\\\/\\\/maxstrefa.com\\\/?s={search_term_string}\"},\"query-input\":{\"@type\":\"PropertyValueSpecification\",\"valueRequired\":true,\"valueName\":\"search_term_string\"}}],\"inLanguage\":\"en-GB\"},{\"@type\":\"Organization\",\"@id\":\"https:\\\/\\\/maxstrefa.com\\\/#organization\",\"name\":\"MaxStrefa\",\"url\":\"https:\\\/\\\/maxstrefa.com\\\/\",\"logo\":{\"@type\":\"ImageObject\",\"inLanguage\":\"en-GB\",\"@id\":\"https:\\\/\\\/maxstrefa.com\\\/#\\\/schema\\\/logo\\\/image\\\/\",\"url\":\"https:\\\/\\\/maxstrefa.com\\\/wp-content\\\/uploads\\\/2025\\\/04\\\/Maxta-logo-2.jpg\",\"contentUrl\":\"https:\\\/\\\/maxstrefa.com\\\/wp-content\\\/uploads\\\/2025\\\/04\\\/Maxta-logo-2.jpg\",\"width\":2048,\"height\":996,\"caption\":\"MaxStrefa\"},\"image\":{\"@id\":\"https:\\\/\\\/maxstrefa.com\\\/#\\\/schema\\\/logo\\\/image\\\/\"}}]}<\/script>\n<!-- \/ Yoast SEO plugin. -->","yoast_head_json":{"title":"Generator set + BLUETTI EB3A+PV200 photovoltaic panel - MaxStrefa","robots":{"index":"index","follow":"follow","max-snippet":"max-snippet:-1","max-image-preview":"max-image-preview:large","max-video-preview":"max-video-preview:-1"},"canonical":"https:\/\/maxstrefa.com\/en\/product\/zestaw-generator-panel-fotowoltaiczny-bluetti-eb3apv200\/","og_locale":"en_GB","og_type":"article","og_title":"Zestaw generator + panel fotowoltaiczny BLUETTI EB3A+PV200 - MaxStrefa","og_description":"Zaprojektowany tak, aby by\u0142 bardziej energooszcz\u0119dny ni\u017c tradycyjne generatory, BLUETTI EB3A jest tak lekki pod wzgl\u0119dem masy, \u017ce przyczynia si\u0119 do zmniejszenia emisji dwutlenku w\u0119gla do \u015brodowiska.","og_url":"https:\/\/maxstrefa.com\/en\/product\/zestaw-generator-panel-fotowoltaiczny-bluetti-eb3apv200\/","og_site_name":"MaxStrefa","article_modified_time":"2024-02-26T20:22:01+00:00","og_image":[{"width":707,"height":700,"url":"https:\/\/maxstrefa.com\/wp-content\/uploads\/2024\/02\/eb3a-kit.png","type":"image\/png"}],"twitter_card":"summary_large_image","twitter_misc":{"Estimated reading time":"2 minutes"},"schema":{"@context":"https:\/\/schema.org","@graph":[{"@type":"WebPage","@id":"https:\/\/maxstrefa.com\/produkt\/zestaw-generator-panel-fotowoltaiczny-bluetti-eb3apv200\/","url":"https:\/\/maxstrefa.com\/produkt\/zestaw-generator-panel-fotowoltaiczny-bluetti-eb3apv200\/","name":"Generator set + BLUETTI EB3A+PV200 photovoltaic panel - MaxStrefa","isPartOf":{"@id":"https:\/\/maxstrefa.com\/#website"},"primaryImageOfPage":{"@id":"https:\/\/maxstrefa.com\/produkt\/zestaw-generator-panel-fotowoltaiczny-bluetti-eb3apv200\/#primaryimage"},"image":{"@id":"https:\/\/maxstrefa.com\/produkt\/zestaw-generator-panel-fotowoltaiczny-bluetti-eb3apv200\/#primaryimage"},"thumbnailUrl":"https:\/\/maxstrefa.com\/wp-content\/uploads\/2024\/02\/eb3a-kit.png","datePublished":"2024-02-03T21:40:48+00:00","dateModified":"2024-02-26T20:22:01+00:00","breadcrumb":{"@id":"https:\/\/maxstrefa.com\/produkt\/zestaw-generator-panel-fotowoltaiczny-bluetti-eb3apv200\/#breadcrumb"},"inLanguage":"en-GB","potentialAction":[{"@type":"ReadAction","target":["https:\/\/maxstrefa.com\/produkt\/zestaw-generator-panel-fotowoltaiczny-bluetti-eb3apv200\/"]}]},{"@type":"ImageObject","inLanguage":"en-GB","@id":"https:\/\/maxstrefa.com\/produkt\/zestaw-generator-panel-fotowoltaiczny-bluetti-eb3apv200\/#primaryimage","url":"https:\/\/maxstrefa.com\/wp-content\/uploads\/2024\/02\/eb3a-kit.png","contentUrl":"https:\/\/maxstrefa.com\/wp-content\/uploads\/2024\/02\/eb3a-kit.png","width":707,"height":700,"caption":"Zestaw generator + panel fotowoltaiczny BLUETTI EB3A+PV200"},{"@type":"BreadcrumbList","@id":"https:\/\/maxstrefa.com\/produkt\/zestaw-generator-panel-fotowoltaiczny-bluetti-eb3apv200\/#breadcrumb","itemListElement":[{"@type":"ListItem","position":1,"name":"Strona g\u0142\u00f3wna","item":"https:\/\/maxstrefa.com\/"},{"@type":"ListItem","position":2,"name":"Sklep","item":"https:\/\/maxstrefa.com\/przenosne-stacje-zasilania\/"},{"@type":"ListItem","position":3,"name":"Zestaw generator + panel fotowoltaiczny BLUETTI EB3A+PV200"}]},{"@type":"WebSite","@id":"https:\/\/maxstrefa.com\/#website","url":"https:\/\/maxstrefa.com\/","name":"MaxStrefa","description":"","publisher":{"@id":"https:\/\/maxstrefa.com\/#organization"},"potentialAction":[{"@type":"SearchAction","target":{"@type":"EntryPoint","urlTemplate":"https:\/\/maxstrefa.com\/?s={search_term_string}"},"query-input":{"@type":"PropertyValueSpecification","valueRequired":true,"valueName":"search_term_string"}}],"inLanguage":"en-GB"},{"@type":"Organization","@id":"https:\/\/maxstrefa.com\/#organization","name":"MaxStrefa","url":"https:\/\/maxstrefa.com\/","logo":{"@type":"ImageObject","inLanguage":"en-GB","@id":"https:\/\/maxstrefa.com\/#\/schema\/logo\/image\/","url":"https:\/\/maxstrefa.com\/wp-content\/uploads\/2025\/04\/Maxta-logo-2.jpg","contentUrl":"https:\/\/maxstrefa.com\/wp-content\/uploads\/2025\/04\/Maxta-logo-2.jpg","width":2048,"height":996,"caption":"MaxStrefa"},"image":{"@id":"https:\/\/maxstrefa.com\/#\/schema\/logo\/image\/"}}]}},"uagb_featured_image_src":{"full":["https:\/\/maxstrefa.com\/wp-content\/uploads\/2024\/02\/eb3a-kit.png",707,700,false],"thumbnail":["https:\/\/maxstrefa.com\/wp-content\/uploads\/2024\/02\/eb3a-kit-150x150.png",150,150,true],"medium":["https:\/\/maxstrefa.com\/wp-content\/uploads\/2024\/02\/eb3a-kit-300x297.png",300,297,true],"medium_large":["https:\/\/maxstrefa.com\/wp-content\/uploads\/2024\/02\/eb3a-kit.png",707,700,false],"large":["https:\/\/maxstrefa.com\/wp-content\/uploads\/2024\/02\/eb3a-kit.png",707,700,false],"1536x1536":["https:\/\/maxstrefa.com\/wp-content\/uploads\/2024\/02\/eb3a-kit.png",707,700,false],"2048x2048":["https:\/\/maxstrefa.com\/wp-content\/uploads\/2024\/02\/eb3a-kit.png",707,700,false],"trp-custom-language-flag":["https:\/\/maxstrefa.com\/wp-content\/uploads\/2024\/02\/eb3a-kit.png",12,12,false],"woocommerce_thumbnail":["https:\/\/maxstrefa.com\/wp-content\/uploads\/2024\/02\/eb3a-kit-600x594.png",600,594,true],"woocommerce_single":["https:\/\/maxstrefa.com\/wp-content\/uploads\/2024\/02\/eb3a-kit-600x594.png",600,594,true],"woocommerce_gallery_thumbnail":["https:\/\/maxstrefa.com\/wp-content\/uploads\/2024\/02\/eb3a-kit-100x100.png",100,100,true],"dgwt-wcas-product-suggestion":["https:\/\/maxstrefa.com\/wp-content\/uploads\/2024\/02\/eb3a-kit-64x63.png",64,63,true]},"uagb_author_info":{"display_name":"romanadmin","author_link":"https:\/\/maxstrefa.com\/en\/author\/"},"uagb_comment_info":0,"uagb_excerpt":"Zaprojektowany tak, aby by\u0142 bardziej energooszcz\u0119dny ni\u017c tradycyjne generatory, BLUETTI EB3A jest tak lekki pod wzgl\u0119dem masy, \u017ce przyczynia si\u0119 do zmniejszenia emisji dwutlenku w\u0119gla do \u015brodowiska.","_links":{"self":[{"href":"https:\/\/maxstrefa.com\/en\/wp-json\/wp\/v2\/product\/1477","targetHints":{"allow":["GET"]}}],"collection":[{"href":"https:\/\/maxstrefa.com\/en\/wp-json\/wp\/v2\/product"}],"about":[{"href":"https:\/\/maxstrefa.com\/en\/wp-json\/wp\/v2\/types\/product"}],"wp:featuredmedia":[{"embeddable":true,"href":"https:\/\/maxstrefa.com\/en\/wp-json\/wp\/v2\/media\/1475"}],"wp:attachment":[{"href":"https:\/\/maxstrefa.com\/en\/wp-json\/wp\/v2\/media?parent=1477"}],"wp:term":[{"taxonomy":"product_brand","embeddable":true,"href":"https:\/\/maxstrefa.com\/en\/wp-json\/wp\/v2\/product_brand?post=1477"},{"taxonomy":"product_cat","embeddable":true,"href":"https:\/\/maxstrefa.com\/en\/wp-json\/wp\/v2\/product_cat?post=1477"},{"taxonomy":"product_tag","embeddable":true,"href":"https:\/\/maxstrefa.com\/en\/wp-json\/wp\/v2\/product_tag?post=1477"}],"curies":[{"name":"wp","href":"https:\/\/api.w.org\/{rel}","templated":true}]}}