{"id":1474,"date":"2024-02-03T22:22:33","date_gmt":"2024-02-03T21:22:33","guid":{"rendered":"https:\/\/maxstrefa.com\/?post_type=product&#038;p=1474"},"modified":"2024-02-26T21:22:24","modified_gmt":"2024-02-26T20:22:24","slug":"zestaw-generator-panel-fotowoltaiczny-bluetti-eb3apv120","status":"publish","type":"product","link":"https:\/\/maxstrefa.com\/en\/product\/zestaw-generator-panel-fotowoltaiczny-bluetti-eb3apv120\/","title":{"rendered":"BLUETTI EB3A+PV120 generator + photovoltaic panel set"},"content":{"rendered":"<div class=\"mpof_ki myre_zn myre_8v_l m389_6m_l\">\n<div class=\"mp4t_16_s mryx_16_s mr3m_1 mli2_1 mh85_56 mh85_0_l\">\n<div class=\"mgn2_16 _0d3bd_am0a-\">\n<p><strong>Small but responsible<\/strong><\/p>\n<p>The EB3A is compact enough, but you can rely on it for large tasks. Whether it&#039;s a small blender, mini rice cooker or small refrigerator, the EB3A has you covered with its 600W Pure Sine Wave AC inverter (1200W surge) and an impressive 268Wh capacity.<\/p>\n<\/div>\n<\/div>\n<\/div>\n<div class=\"mpof_ki myre_zn myre_8v_l m389_6m_l\">\n<div class=\"mp4t_16_s mryx_16_s mr3m_1 mli2_1 mh85_56 mh85_0_l\">\n<div class=\"mgn2_16 _0d3bd_am0a-\">\n<p><strong>80% charges in 40 minutes<\/strong><\/p>\n<p>The EB3A offers 430W fast charging, which can charge the 80% in the time it takes to drink a cup of coffee or have a chat, providing enough power on demand.<\/p>\n<\/div>\n<\/div>\n<\/div>\n<div class=\"mpof_ki myre_zn myre_8v_l m389_6m_l\">\n<div class=\"mp4t_16_s mryx_16_s mr3m_1 mli2_1 mh85_56 mh85_0_l\">\n<div class=\"mgn2_16 _0d3bd_am0a-\">\n<p><strong>6 ways to top up<\/strong><\/p>\n<p>Go off-grid living at any time, from RV camping to wilderness exploration, without the worry of losing power. The BLUETTI EB3A can be charged in every possible way, via AC, solar panels, car, generator, AC+Solar or AC+Adapter, leaving you with peace of mind on the road.<\/p>\n<\/div>\n<\/div>\n<\/div>\n<div class=\"mpof_ki myre_zn myre_8v_l m389_6m_l\">\n<div class=\"mp4t_16_s mryx_16_s mr3m_1 mli2_1 mh85_56 mh85_0_l\">\n<div class=\"mgn2_16 _0d3bd_am0a-\">\n<p><strong>Safety is in the details<\/strong><\/p>\n<p>Experience the increased safety provided by the LiFePO4 battery and BMS (battery management system). Compared to traditional lithium-ion cells, the LiFePO4 battery used in the EB3A has an inherent advantage with extraordinary thermal and chemical stability, which provides better performance and longer cycle life (2,500 cycles for 80%). While the BMS monitors and protects your device from any potential threats at all times.<\/p>\n<\/div>\n<\/div>\n<\/div>\n<div class=\"mpof_ki myre_zn myre_8v_l m389_6m_l\">\n<div class=\"mp4t_16_s mryx_16_s mr3m_1 mli2_1 mh85_56 mh85_0_l\">\n<div class=\"mgn2_16 _0d3bd_am0a-\">\n<p><strong>8 sockets for every need<\/strong><\/p>\n<p>Flexible charging options cover a wide range of charging needs. No more competing with family or friends for fast charging. EB3A has enough ports for simultaneous charging, classic AC and DC output, 100W Type C, car socket and even a wireless charger. Everyone will be well cared for, whether you are at home or out and about<\/p>\n<\/div>\n<\/div>\n<\/div>\n<div class=\"mpof_ki myre_zn myre_8v_l m389_6m_l\">\n<div class=\"mp4t_16_s mryx_16_s mr3m_1 mli2_1 mh85_56 mh85_0_l\">\n<div class=\"mgn2_16 _0d3bd_am0a-\">\n<p><strong>Solar charging anywhere<\/strong><\/p>\n<p>Plug and leave. The BLUETTI 120W solar panel is set to keep your solar generators operating as long as sunlight is available.<\/p>\n<p>Built with monocrystalline solar cells, the PV120 can convert up to 23.4% of sunlight into solar energy, charging the solar generators even in bad weather.<\/p>\n<p>Unfold the PV120, snap in the supports, adjust the angle to maximize sunlight, and you&#039;re ready to harness solar power for your generators.<\/p>\n<p><b>ETFE coating and IP65 junction box<\/b>\u00a0They are designed to withstand any scratches and water splashes, making them perfect for camping, fishing, hiking and more. (Prevent exposure to rain or no soaking in water)<\/p>\n<\/div>\n<\/div>\n<\/div>\n<div class=\"mpof_ki myre_zn myre_8v_l m389_6m_l\">\n<div class=\"mp4t_16_s mryx_16_s mr3m_1 mli2_1 mh85_56 mh85_0_l\">\n<div class=\"mgn2_16 _0d3bd_am0a-\">\n<p><strong>Technical data (EB3A portable power station)<\/strong><\/p>\n<ul>\n<li>Capacity: 268.8Wh (12Ah)<\/li>\n<li>Type: LiFePO\u2084 (lithium iron phosphate)<\/li>\n<li>Life Cycles: Over 2500 cycles to 80% original capacity<\/li>\n<\/ul>\n<p><b>EXIT:<\/b><\/p>\n<ul>\n<li>AC sockets: 1 x 220V-240V\/2.6A, total 600W<\/li>\n<li>Inverter type: pure sine wave<\/li>\n<li>Impact power: 1200 W<\/li>\n<li>USB-C port: 1 x 100 W max.<\/li>\n<li>USB-A port: 2 x 5V\/3A USB-A<\/li>\n<li>DC sockets: 1 x 12V\/10A (car socket); 2 x 12 V\/10 A DC 5521 (5.5 mm sockets) * All adjustable.<\/li>\n<li>Wireless charging pad: 1 x 15W max.<\/li>\n<\/ul>\n<p><b>ENTRY:<\/b><\/p>\n<ul>\n<li>AC charging cable (standard mode): 350W max.<\/li>\n<li>AC Charging Cable (Turbo Mode): 350W max.<\/li>\n<li>Solar power: max. 200 W, VOC 12-28 VDC\/ 8.5 A<\/li>\n<li>Car input: 12\/24 V from cigarette lighter socket (8.5 A max.)<\/li>\n<li>Maximum input: 430W, with AC input and solar power simultaneously<\/li>\n<li>Weight: 10.14lbs\/4.6kg<\/li>\n<li>Dimensions (LxWxD): 10.04*7.09*7.20in\/255*180*183mm<\/li>\n<li>Operating Temperature: 14-104\u2109 (-10-40\u2103)<\/li>\n<li>Storage temperature: 14-113\u2109 (-10-45\u2103)<\/li>\n<\/ul>\n<\/div>\n<\/div>\n<\/div>\n<div class=\"mpof_ki myre_zn myre_8v_l m389_6m_l\">\n<div class=\"mp4t_16_s mryx_16_s mr3m_1 mli2_1 mh85_56 mh85_0_l\">\n<div class=\"mgn2_16 _0d3bd_am0a-\">\n<p><strong>Technical data (PV120 solar panel)<\/strong><\/p>\n<p><b>POWER<\/b><\/p>\n<ul>\n<li>Model: PV120<\/li>\n<li>Power: 120 W<\/li>\n<li>Lamination: ETFE (Ethylene Tetrafluoroethylene)<\/li>\n<li>Cell type: Monocrystalline silicon<\/li>\n<li>Cell efficiency: up to 23.4%<\/li>\n<li>Voltage at maximum power (Vmp): 19.6V<\/li>\n<li>Current at maximum power (Imp): 6.1A<\/li>\n<li>Open circuit voltage (OCV): 24.4V<\/li>\n<li>Short-circuit current (Isc): 6.43A<\/li>\n<\/ul>\n<p><b>GENERAL<\/b><\/p>\n<ul>\n<li>Connector: standard MC4 connector<\/li>\n<li>Weight: 12.57 lbs (5.7 kg)<\/li>\n<li>Dimensions (unfolded): 21 x 65 inches (53.3 x 165.2 cm)<\/li>\n<li>Dimensions (folded): 21 x 18.5 inches (53.3 x 47 cm)<\/li>\n<li>Operating Temperature: 14-149\u2109 (-10-65\u2103)<\/li>\n<li>Best working temperature: 77\u2109 (25\u2103)<\/li>\n<li>Cable Length: 118 inches (3 m)<\/li>\n<li>Warranty: 12 months<\/li>\n<\/ul>\n<\/div>\n<\/div>\n<\/div>\n<div class=\"mpof_ki myre_zn myre_8v_l m389_6m_l\">\n<div class=\"mp4t_16_s mryx_16_s mr3m_1 mli2_1 mh85_56 mh85_0_l\">\n<div class=\"mgn2_16 _0d3bd_am0a-\">\n<p><strong>Included:<\/strong><\/p>\n<ul>\n<li>1 * BLUETTI EB3A Portable Power Station,<\/li>\n<li>1 * PV120 solar panel,<\/li>\n<li>1 * AC Charging Cable,<\/li>\n<li>1 * Solar Charging Cable,<\/li>\n<li>1*User Manual,<\/li>\n<li>1*24-month warranty.<\/li>\n<\/ul>\n<\/div>\n<\/div>\n<\/div>","protected":false},"excerpt":{"rendered":"<p>Designed to be more energy efficient than traditional generators, the BLUETTI EB3A is so light in weight that it helps reduce carbon dioxide emissions into the environment.<\/p>","protected":false},"featured_media":1475,"template":"","meta":{"_eb_attr":"","_uag_custom_page_level_css":"","site-sidebar-layout":"default","site-content-layout":"","ast-site-content-layout":"default","site-content-style":"default","site-sidebar-style":"default","ast-global-header-display":"","ast-banner-title-visibility":"","ast-main-header-display":"","ast-hfb-above-header-display":"","ast-hfb-below-header-display":"","ast-hfb-mobile-header-display":"","site-post-title":"","ast-breadcrumbs-content":"","ast-featured-img":"","footer-sml-layout":"","theme-transparent-header-meta":"default","adv-header-id-meta":"","stick-header-meta":"","header-above-stick-meta":"","header-main-stick-meta":"","header-below-stick-meta":"","astra-migrate-meta-layouts":"set","ast-page-background-enabled":"default","ast-page-background-meta":{"desktop":{"background-color":"var(--ast-global-color-4)","background-image":"","background-repeat":"repeat","background-position":"center center","background-size":"auto","background-attachment":"scroll","background-type":"","background-media":"","overlay-type":"","overlay-color":"","overlay-opacity":"","overlay-gradient":""},"tablet":{"background-color":"","background-image":"","background-repeat":"repeat","background-position":"center center","background-size":"auto","background-attachment":"scroll","background-type":"","background-media":"","overlay-type":"","overlay-color":"","overlay-opacity":"","overlay-gradient":""},"mobile":{"background-color":"","background-image":"","background-repeat":"repeat","background-position":"center center","background-size":"auto","background-attachment":"scroll","background-type":"","background-media":"","overlay-type":"","overlay-color":"","overlay-opacity":"","overlay-gradient":""}},"ast-content-background-meta":{"desktop":{"background-color":"var(--ast-global-color-5)","background-image":"","background-repeat":"repeat","background-position":"center center","background-size":"auto","background-attachment":"scroll","background-type":"","background-media":"","overlay-type":"","overlay-color":"","overlay-opacity":"","overlay-gradient":""},"tablet":{"background-color":"var(--ast-global-color-5)","background-image":"","background-repeat":"repeat","background-position":"center center","background-size":"auto","background-attachment":"scroll","background-type":"","background-media":"","overlay-type":"","overlay-color":"","overlay-opacity":"","overlay-gradient":""},"mobile":{"background-color":"var(--ast-global-color-5)","background-image":"","background-repeat":"repeat","background-position":"center center","background-size":"auto","background-attachment":"scroll","background-type":"","background-media":"","overlay-type":"","overlay-color":"","overlay-opacity":"","overlay-gradient":""}},"_themeisle_gutenberg_block_has_review":false},"product_brand":[],"product_cat":[26],"product_tag":[21,31],"class_list":{"0":"post-1474","1":"product","2":"type-product","3":"status-publish","4":"has-post-thumbnail","6":"product_cat-zestawy-solarne","7":"product_tag-bluetti","8":"product_tag-generator-zestaw-przenosny","9":"desktop-align-center","10":"tablet-align-left","11":"mobile-align-left","13":"first","14":"outofstock","15":"shipping-taxable","16":"purchasable","17":"product-type-simple"},"yoast_head":"<!-- This site is optimized with the Yoast SEO plugin v27.4 - https:\/\/yoast.com\/product\/yoast-seo-wordpress\/ -->\n<title>Zestaw generator + panel fotowoltaiczny BLUETTI EB3A+PV120 - MaxStrefa<\/title>\n<meta name=\"robots\" content=\"index, follow, max-snippet:-1, max-image-preview:large, max-video-preview:-1\" \/>\n<link rel=\"canonical\" href=\"https:\/\/maxstrefa.com\/en\/product\/zestaw-generator-panel-fotowoltaiczny-bluetti-eb3apv120\/\" \/>\n<meta property=\"og:locale\" content=\"en_GB\" \/>\n<meta property=\"og:type\" content=\"article\" \/>\n<meta property=\"og:title\" content=\"Zestaw generator + panel fotowoltaiczny BLUETTI EB3A+PV120 - MaxStrefa\" \/>\n<meta property=\"og:description\" content=\"Zaprojektowany tak, aby by\u0142 bardziej energooszcz\u0119dny ni\u017c tradycyjne generatory, BLUETTI EB3A jest tak lekki pod wzgl\u0119dem masy, \u017ce przyczynia si\u0119 do zmniejszenia emisji dwutlenku w\u0119gla do \u015brodowiska.\" \/>\n<meta property=\"og:url\" content=\"https:\/\/maxstrefa.com\/en\/product\/zestaw-generator-panel-fotowoltaiczny-bluetti-eb3apv120\/\" \/>\n<meta property=\"og:site_name\" content=\"MaxStrefa\" \/>\n<meta property=\"article:modified_time\" content=\"2024-02-26T20:22:24+00:00\" \/>\n<meta property=\"og:image\" content=\"https:\/\/maxstrefa.com\/wp-content\/uploads\/2024\/02\/eb3a-kit.png\" \/>\n\t<meta property=\"og:image:width\" content=\"707\" \/>\n\t<meta property=\"og:image:height\" content=\"700\" \/>\n\t<meta property=\"og:image:type\" content=\"image\/png\" \/>\n<meta name=\"twitter:card\" content=\"summary_large_image\" \/>\n<meta name=\"twitter:label1\" content=\"Estimated reading time\" \/>\n\t<meta name=\"twitter:data1\" content=\"4 minutes\" \/>\n<script type=\"application\/ld+json\" class=\"yoast-schema-graph\">{\"@context\":\"https:\\\/\\\/schema.org\",\"@graph\":[{\"@type\":\"WebPage\",\"@id\":\"https:\\\/\\\/maxstrefa.com\\\/produkt\\\/zestaw-generator-panel-fotowoltaiczny-bluetti-eb3apv120\\\/\",\"url\":\"https:\\\/\\\/maxstrefa.com\\\/produkt\\\/zestaw-generator-panel-fotowoltaiczny-bluetti-eb3apv120\\\/\",\"name\":\"Zestaw generator + panel fotowoltaiczny BLUETTI EB3A+PV120 - MaxStrefa\",\"isPartOf\":{\"@id\":\"https:\\\/\\\/maxstrefa.com\\\/#website\"},\"primaryImageOfPage\":{\"@id\":\"https:\\\/\\\/maxstrefa.com\\\/produkt\\\/zestaw-generator-panel-fotowoltaiczny-bluetti-eb3apv120\\\/#primaryimage\"},\"image\":{\"@id\":\"https:\\\/\\\/maxstrefa.com\\\/produkt\\\/zestaw-generator-panel-fotowoltaiczny-bluetti-eb3apv120\\\/#primaryimage\"},\"thumbnailUrl\":\"https:\\\/\\\/maxstrefa.com\\\/wp-content\\\/uploads\\\/2024\\\/02\\\/eb3a-kit.png\",\"datePublished\":\"2024-02-03T21:22:33+00:00\",\"dateModified\":\"2024-02-26T20:22:24+00:00\",\"breadcrumb\":{\"@id\":\"https:\\\/\\\/maxstrefa.com\\\/produkt\\\/zestaw-generator-panel-fotowoltaiczny-bluetti-eb3apv120\\\/#breadcrumb\"},\"inLanguage\":\"en-GB\",\"potentialAction\":[{\"@type\":\"ReadAction\",\"target\":[\"https:\\\/\\\/maxstrefa.com\\\/produkt\\\/zestaw-generator-panel-fotowoltaiczny-bluetti-eb3apv120\\\/\"]}]},{\"@type\":\"ImageObject\",\"inLanguage\":\"en-GB\",\"@id\":\"https:\\\/\\\/maxstrefa.com\\\/produkt\\\/zestaw-generator-panel-fotowoltaiczny-bluetti-eb3apv120\\\/#primaryimage\",\"url\":\"https:\\\/\\\/maxstrefa.com\\\/wp-content\\\/uploads\\\/2024\\\/02\\\/eb3a-kit.png\",\"contentUrl\":\"https:\\\/\\\/maxstrefa.com\\\/wp-content\\\/uploads\\\/2024\\\/02\\\/eb3a-kit.png\",\"width\":707,\"height\":700,\"caption\":\"Zestaw generator + panel fotowoltaiczny BLUETTI EB3A+PV200\"},{\"@type\":\"BreadcrumbList\",\"@id\":\"https:\\\/\\\/maxstrefa.com\\\/produkt\\\/zestaw-generator-panel-fotowoltaiczny-bluetti-eb3apv120\\\/#breadcrumb\",\"itemListElement\":[{\"@type\":\"ListItem\",\"position\":1,\"name\":\"Strona g\u0142\u00f3wna\",\"item\":\"https:\\\/\\\/maxstrefa.com\\\/\"},{\"@type\":\"ListItem\",\"position\":2,\"name\":\"Sklep\",\"item\":\"https:\\\/\\\/maxstrefa.com\\\/przenosne-stacje-zasilania\\\/\"},{\"@type\":\"ListItem\",\"position\":3,\"name\":\"Zestaw generator + panel fotowoltaiczny BLUETTI EB3A+PV120\"}]},{\"@type\":\"WebSite\",\"@id\":\"https:\\\/\\\/maxstrefa.com\\\/#website\",\"url\":\"https:\\\/\\\/maxstrefa.com\\\/\",\"name\":\"MaxStrefa\",\"description\":\"\",\"publisher\":{\"@id\":\"https:\\\/\\\/maxstrefa.com\\\/#organization\"},\"potentialAction\":[{\"@type\":\"SearchAction\",\"target\":{\"@type\":\"EntryPoint\",\"urlTemplate\":\"https:\\\/\\\/maxstrefa.com\\\/?s={search_term_string}\"},\"query-input\":{\"@type\":\"PropertyValueSpecification\",\"valueRequired\":true,\"valueName\":\"search_term_string\"}}],\"inLanguage\":\"en-GB\"},{\"@type\":\"Organization\",\"@id\":\"https:\\\/\\\/maxstrefa.com\\\/#organization\",\"name\":\"MaxStrefa\",\"url\":\"https:\\\/\\\/maxstrefa.com\\\/\",\"logo\":{\"@type\":\"ImageObject\",\"inLanguage\":\"en-GB\",\"@id\":\"https:\\\/\\\/maxstrefa.com\\\/#\\\/schema\\\/logo\\\/image\\\/\",\"url\":\"https:\\\/\\\/maxstrefa.com\\\/wp-content\\\/uploads\\\/2025\\\/04\\\/Maxta-logo-2.jpg\",\"contentUrl\":\"https:\\\/\\\/maxstrefa.com\\\/wp-content\\\/uploads\\\/2025\\\/04\\\/Maxta-logo-2.jpg\",\"width\":2048,\"height\":996,\"caption\":\"MaxStrefa\"},\"image\":{\"@id\":\"https:\\\/\\\/maxstrefa.com\\\/#\\\/schema\\\/logo\\\/image\\\/\"}}]}<\/script>\n<!-- \/ Yoast SEO plugin. -->","yoast_head_json":{"title":"Generator + photovoltaic panel set BLUETTI EB3A+PV120 - MaxStrefa","robots":{"index":"index","follow":"follow","max-snippet":"max-snippet:-1","max-image-preview":"max-image-preview:large","max-video-preview":"max-video-preview:-1"},"canonical":"https:\/\/maxstrefa.com\/en\/product\/zestaw-generator-panel-fotowoltaiczny-bluetti-eb3apv120\/","og_locale":"en_GB","og_type":"article","og_title":"Zestaw generator + panel fotowoltaiczny BLUETTI EB3A+PV120 - MaxStrefa","og_description":"Zaprojektowany tak, aby by\u0142 bardziej energooszcz\u0119dny ni\u017c tradycyjne generatory, BLUETTI EB3A jest tak lekki pod wzgl\u0119dem masy, \u017ce przyczynia si\u0119 do zmniejszenia emisji dwutlenku w\u0119gla do \u015brodowiska.","og_url":"https:\/\/maxstrefa.com\/en\/product\/zestaw-generator-panel-fotowoltaiczny-bluetti-eb3apv120\/","og_site_name":"MaxStrefa","article_modified_time":"2024-02-26T20:22:24+00:00","og_image":[{"width":707,"height":700,"url":"https:\/\/maxstrefa.com\/wp-content\/uploads\/2024\/02\/eb3a-kit.png","type":"image\/png"}],"twitter_card":"summary_large_image","twitter_misc":{"Estimated reading time":"4 minutes"},"schema":{"@context":"https:\/\/schema.org","@graph":[{"@type":"WebPage","@id":"https:\/\/maxstrefa.com\/produkt\/zestaw-generator-panel-fotowoltaiczny-bluetti-eb3apv120\/","url":"https:\/\/maxstrefa.com\/produkt\/zestaw-generator-panel-fotowoltaiczny-bluetti-eb3apv120\/","name":"Generator + photovoltaic panel set BLUETTI EB3A+PV120 - MaxStrefa","isPartOf":{"@id":"https:\/\/maxstrefa.com\/#website"},"primaryImageOfPage":{"@id":"https:\/\/maxstrefa.com\/produkt\/zestaw-generator-panel-fotowoltaiczny-bluetti-eb3apv120\/#primaryimage"},"image":{"@id":"https:\/\/maxstrefa.com\/produkt\/zestaw-generator-panel-fotowoltaiczny-bluetti-eb3apv120\/#primaryimage"},"thumbnailUrl":"https:\/\/maxstrefa.com\/wp-content\/uploads\/2024\/02\/eb3a-kit.png","datePublished":"2024-02-03T21:22:33+00:00","dateModified":"2024-02-26T20:22:24+00:00","breadcrumb":{"@id":"https:\/\/maxstrefa.com\/produkt\/zestaw-generator-panel-fotowoltaiczny-bluetti-eb3apv120\/#breadcrumb"},"inLanguage":"en-GB","potentialAction":[{"@type":"ReadAction","target":["https:\/\/maxstrefa.com\/produkt\/zestaw-generator-panel-fotowoltaiczny-bluetti-eb3apv120\/"]}]},{"@type":"ImageObject","inLanguage":"en-GB","@id":"https:\/\/maxstrefa.com\/produkt\/zestaw-generator-panel-fotowoltaiczny-bluetti-eb3apv120\/#primaryimage","url":"https:\/\/maxstrefa.com\/wp-content\/uploads\/2024\/02\/eb3a-kit.png","contentUrl":"https:\/\/maxstrefa.com\/wp-content\/uploads\/2024\/02\/eb3a-kit.png","width":707,"height":700,"caption":"Zestaw generator + panel fotowoltaiczny BLUETTI EB3A+PV200"},{"@type":"BreadcrumbList","@id":"https:\/\/maxstrefa.com\/produkt\/zestaw-generator-panel-fotowoltaiczny-bluetti-eb3apv120\/#breadcrumb","itemListElement":[{"@type":"ListItem","position":1,"name":"Strona g\u0142\u00f3wna","item":"https:\/\/maxstrefa.com\/"},{"@type":"ListItem","position":2,"name":"Sklep","item":"https:\/\/maxstrefa.com\/przenosne-stacje-zasilania\/"},{"@type":"ListItem","position":3,"name":"Zestaw generator + panel fotowoltaiczny BLUETTI EB3A+PV120"}]},{"@type":"WebSite","@id":"https:\/\/maxstrefa.com\/#website","url":"https:\/\/maxstrefa.com\/","name":"MaxStrefa","description":"","publisher":{"@id":"https:\/\/maxstrefa.com\/#organization"},"potentialAction":[{"@type":"SearchAction","target":{"@type":"EntryPoint","urlTemplate":"https:\/\/maxstrefa.com\/?s={search_term_string}"},"query-input":{"@type":"PropertyValueSpecification","valueRequired":true,"valueName":"search_term_string"}}],"inLanguage":"en-GB"},{"@type":"Organization","@id":"https:\/\/maxstrefa.com\/#organization","name":"MaxStrefa","url":"https:\/\/maxstrefa.com\/","logo":{"@type":"ImageObject","inLanguage":"en-GB","@id":"https:\/\/maxstrefa.com\/#\/schema\/logo\/image\/","url":"https:\/\/maxstrefa.com\/wp-content\/uploads\/2025\/04\/Maxta-logo-2.jpg","contentUrl":"https:\/\/maxstrefa.com\/wp-content\/uploads\/2025\/04\/Maxta-logo-2.jpg","width":2048,"height":996,"caption":"MaxStrefa"},"image":{"@id":"https:\/\/maxstrefa.com\/#\/schema\/logo\/image\/"}}]}},"uagb_featured_image_src":{"full":["https:\/\/maxstrefa.com\/wp-content\/uploads\/2024\/02\/eb3a-kit.png",707,700,false],"thumbnail":["https:\/\/maxstrefa.com\/wp-content\/uploads\/2024\/02\/eb3a-kit-150x150.png",150,150,true],"medium":["https:\/\/maxstrefa.com\/wp-content\/uploads\/2024\/02\/eb3a-kit-300x297.png",300,297,true],"medium_large":["https:\/\/maxstrefa.com\/wp-content\/uploads\/2024\/02\/eb3a-kit.png",707,700,false],"large":["https:\/\/maxstrefa.com\/wp-content\/uploads\/2024\/02\/eb3a-kit.png",707,700,false],"1536x1536":["https:\/\/maxstrefa.com\/wp-content\/uploads\/2024\/02\/eb3a-kit.png",707,700,false],"2048x2048":["https:\/\/maxstrefa.com\/wp-content\/uploads\/2024\/02\/eb3a-kit.png",707,700,false],"trp-custom-language-flag":["https:\/\/maxstrefa.com\/wp-content\/uploads\/2024\/02\/eb3a-kit.png",12,12,false],"woocommerce_thumbnail":["https:\/\/maxstrefa.com\/wp-content\/uploads\/2024\/02\/eb3a-kit-600x594.png",600,594,true],"woocommerce_single":["https:\/\/maxstrefa.com\/wp-content\/uploads\/2024\/02\/eb3a-kit-600x594.png",600,594,true],"woocommerce_gallery_thumbnail":["https:\/\/maxstrefa.com\/wp-content\/uploads\/2024\/02\/eb3a-kit-100x100.png",100,100,true],"dgwt-wcas-product-suggestion":["https:\/\/maxstrefa.com\/wp-content\/uploads\/2024\/02\/eb3a-kit-64x63.png",64,63,true]},"uagb_author_info":{"display_name":"romanadmin","author_link":"https:\/\/maxstrefa.com\/en\/author\/"},"uagb_comment_info":0,"uagb_excerpt":"Zaprojektowany tak, aby by\u0142 bardziej energooszcz\u0119dny ni\u017c tradycyjne generatory, BLUETTI EB3A jest tak lekki pod wzgl\u0119dem masy, \u017ce przyczynia si\u0119 do zmniejszenia emisji dwutlenku w\u0119gla do \u015brodowiska.","_links":{"self":[{"href":"https:\/\/maxstrefa.com\/en\/wp-json\/wp\/v2\/product\/1474","targetHints":{"allow":["GET"]}}],"collection":[{"href":"https:\/\/maxstrefa.com\/en\/wp-json\/wp\/v2\/product"}],"about":[{"href":"https:\/\/maxstrefa.com\/en\/wp-json\/wp\/v2\/types\/product"}],"wp:featuredmedia":[{"embeddable":true,"href":"https:\/\/maxstrefa.com\/en\/wp-json\/wp\/v2\/media\/1475"}],"wp:attachment":[{"href":"https:\/\/maxstrefa.com\/en\/wp-json\/wp\/v2\/media?parent=1474"}],"wp:term":[{"taxonomy":"product_brand","embeddable":true,"href":"https:\/\/maxstrefa.com\/en\/wp-json\/wp\/v2\/product_brand?post=1474"},{"taxonomy":"product_cat","embeddable":true,"href":"https:\/\/maxstrefa.com\/en\/wp-json\/wp\/v2\/product_cat?post=1474"},{"taxonomy":"product_tag","embeddable":true,"href":"https:\/\/maxstrefa.com\/en\/wp-json\/wp\/v2\/product_tag?post=1474"}],"curies":[{"name":"wp","href":"https:\/\/api.w.org\/{rel}","templated":true}]}}