{"id":1387,"date":"2024-01-30T22:56:18","date_gmt":"2024-01-30T21:56:18","guid":{"rendered":"https:\/\/maxstrefa.com\/?post_type=product&#038;p=1387"},"modified":"2024-02-26T21:22:42","modified_gmt":"2024-02-26T20:22:42","slug":"panel-sloneczny-bluetti-pv350-350-w","status":"publish","type":"product","link":"https:\/\/maxstrefa.com\/en\/product\/panel-sloneczny-bluetti-pv350-350-w\/","title":{"rendered":"BLUETTI PV350 solar panel | 350W"},"content":{"rendered":"<div class=\"mpof_ki myre_zn myre_8v_l m389_6m_l\">\n<div class=\"mp4t_16_s mryx_16_s mr3m_1 mli2_1 mh85_56 mh85_0_l\">\n<div class=\"mgn2_16 _0d3bd_am0a-\">\n<p><b>Foldable and portable<\/b><\/p>\n<p>How big is the BLUETTI PV350 350w solar panel? With a size of 35.6*24.1*2.5 (folded) inches and a weight of 30.61 pounds, the BLUETTI PV350 is comfortable to carry and easy to set up for anyone, anywhere.<\/p>\n<\/div>\n<\/div>\n<\/div>\n<div class=\"mpof_ki myre_zn myre_8v_l m389_6m_l\">\n<div class=\"mp4t_16_s mryx_16_s mr3m_1 mli2_1 mh85_56 mh85_0_l\">\n<div class=\"mgn2_16 _0d3bd_am0a-\">\n<p><b>Durable and splash-proof<\/b><\/p>\n<p>It is made of advanced laminated technology and durable ETFE material on the surface, making this 350W solar panel more durable, with better light transmittance, scratch-resistant and easy to clean with a damp cloth. It is IP65 waterproof which protects against water splashes (do not place it under rain or soak in water).<\/p>\n<\/div>\n<\/div>\n<\/div>\n<div class=\"mpof_ki myre_zn myre_8v_l m389_6m_l\">\n<div class=\"mp4t_16_s mryx_16_s mr3m_1 mli2_1 mh85_56 mh85_0_l\">\n<div class=\"mgn2_16 _0d3bd_am0a-\">\n<p><b>Conversion factor 23.4%.<\/b><\/p>\n<p>BLUETTI PV350 is equipped with a 350W monocrystalline solar panel that guarantees high conversion efficiency up to 23.4%. With excellent transparency of 95%, this 350W bluetti solar panel performs better than polycrystalline solar panels in low light conditions. It comes with 4 fixed racks that bring direct sunlight onto the panel to maximize panel usage.<\/p>\n<\/div>\n<\/div>\n<\/div>\n<div class=\"mpof_ki myre_zn myre_8v_l m389_6m_l\">\n<div class=\"mp4t_16_s mryx_16_s mr3m_1 mli2_1 mh85_56 mh85_0_l\">\n<div class=\"mgn2_16 _0d3bd_am0a-\">\n<p><b>Wide compatibility<\/b><\/p>\n<p>Equipped with MC4 connector, BLUETTI PV350 solar panel is highly compatible with most solar generators on the market, especially works well with BLUETTI AC200P\/AC200MAX\/AC300\/AC500\/EP500\/EP500PRO\/EB240\/EB150 power plant.<\/p>\n<\/div>\n<\/div>\n<\/div>","protected":false},"excerpt":{"rendered":"<p>Generating renewable electricity from solar energy, the BLUETTI PV350 solar panel is a reliable and affordable energy provider that powers your laptop, drone, refrigerator, electric drill and other devices, whether you&#039;re at home or on the go.<\/p>","protected":false},"featured_media":1792,"template":"","meta":{"_eb_attr":"","_uag_custom_page_level_css":"","site-sidebar-layout":"default","site-content-layout":"","ast-site-content-layout":"default","site-content-style":"default","site-sidebar-style":"default","ast-global-header-display":"","ast-banner-title-visibility":"","ast-main-header-display":"","ast-hfb-above-header-display":"","ast-hfb-below-header-display":"","ast-hfb-mobile-header-display":"","site-post-title":"","ast-breadcrumbs-content":"","ast-featured-img":"","footer-sml-layout":"","theme-transparent-header-meta":"default","adv-header-id-meta":"","stick-header-meta":"","header-above-stick-meta":"","header-main-stick-meta":"","header-below-stick-meta":"","astra-migrate-meta-layouts":"set","ast-page-background-enabled":"default","ast-page-background-meta":{"desktop":{"background-color":"var(--ast-global-color-4)","background-image":"","background-repeat":"repeat","background-position":"center center","background-size":"auto","background-attachment":"scroll","background-type":"","background-media":"","overlay-type":"","overlay-color":"","overlay-opacity":"","overlay-gradient":""},"tablet":{"background-color":"","background-image":"","background-repeat":"repeat","background-position":"center center","background-size":"auto","background-attachment":"scroll","background-type":"","background-media":"","overlay-type":"","overlay-color":"","overlay-opacity":"","overlay-gradient":""},"mobile":{"background-color":"","background-image":"","background-repeat":"repeat","background-position":"center center","background-size":"auto","background-attachment":"scroll","background-type":"","background-media":"","overlay-type":"","overlay-color":"","overlay-opacity":"","overlay-gradient":""}},"ast-content-background-meta":{"desktop":{"background-color":"var(--ast-global-color-5)","background-image":"","background-repeat":"repeat","background-position":"center center","background-size":"auto","background-attachment":"scroll","background-type":"","background-media":"","overlay-type":"","overlay-color":"","overlay-opacity":"","overlay-gradient":""},"tablet":{"background-color":"var(--ast-global-color-5)","background-image":"","background-repeat":"repeat","background-position":"center center","background-size":"auto","background-attachment":"scroll","background-type":"","background-media":"","overlay-type":"","overlay-color":"","overlay-opacity":"","overlay-gradient":""},"mobile":{"background-color":"var(--ast-global-color-5)","background-image":"","background-repeat":"repeat","background-position":"center center","background-size":"auto","background-attachment":"scroll","background-type":"","background-media":"","overlay-type":"","overlay-color":"","overlay-opacity":"","overlay-gradient":""}},"_themeisle_gutenberg_block_has_review":false},"product_brand":[],"product_cat":[25],"product_tag":[21,30],"class_list":{"0":"post-1387","1":"product","2":"type-product","3":"status-publish","4":"has-post-thumbnail","6":"product_cat-panele-fotowoltaiczne","7":"product_tag-bluetti","8":"product_tag-przenosne-panele-fotowoltaiczne","9":"desktop-align-center","10":"tablet-align-left","11":"mobile-align-left","13":"first","14":"outofstock","15":"downloadable","16":"shipping-taxable","17":"purchasable","18":"product-type-simple"},"yoast_head":"<!-- This site is optimized with the Yoast SEO plugin v27.4 - https:\/\/yoast.com\/product\/yoast-seo-wordpress\/ -->\n<title>Panel s\u0142oneczny BLUETTI PV350 | 350 W - MaxStrefa<\/title>\n<meta name=\"robots\" content=\"index, follow, max-snippet:-1, max-image-preview:large, max-video-preview:-1\" \/>\n<link rel=\"canonical\" href=\"https:\/\/maxstrefa.com\/en\/product\/panel-sloneczny-bluetti-pv350-350-w\/\" \/>\n<meta property=\"og:locale\" content=\"en_GB\" \/>\n<meta property=\"og:type\" content=\"article\" \/>\n<meta property=\"og:title\" content=\"Panel s\u0142oneczny BLUETTI PV350 | 350 W - MaxStrefa\" \/>\n<meta property=\"og:description\" content=\"Generuj\u0105c odnawialn\u0105 energi\u0119 elektryczn\u0105 z energii s\u0142onecznej, panel s\u0142oneczny BLUETTI PV350 jest niezawodnym i niedrogim dostawc\u0105 energii, kt\u00f3ry zasila laptopa, drona, lod\u00f3wk\u0119, wiertark\u0119 elektryczn\u0105 i inne urz\u0105dzenia, niezale\u017cnie od tego, czy jeste\u015b w domu, czy w podr\u00f3\u017cy.\" \/>\n<meta property=\"og:url\" content=\"https:\/\/maxstrefa.com\/en\/product\/panel-sloneczny-bluetti-pv350-350-w\/\" \/>\n<meta property=\"og:site_name\" content=\"MaxStrefa\" \/>\n<meta property=\"article:modified_time\" content=\"2024-02-26T20:22:42+00:00\" \/>\n<meta property=\"og:image\" content=\"https:\/\/maxstrefa.com\/wp-content\/uploads\/2024\/01\/PV350_1.2.webp\" \/>\n\t<meta property=\"og:image:width\" content=\"600\" \/>\n\t<meta property=\"og:image:height\" content=\"600\" \/>\n\t<meta property=\"og:image:type\" content=\"image\/webp\" \/>\n<meta name=\"twitter:card\" content=\"summary_large_image\" \/>\n<meta name=\"twitter:label1\" content=\"Estimated reading time\" \/>\n\t<meta name=\"twitter:data1\" content=\"1 minute\" \/>\n<script type=\"application\/ld+json\" class=\"yoast-schema-graph\">{\"@context\":\"https:\\\/\\\/schema.org\",\"@graph\":[{\"@type\":\"WebPage\",\"@id\":\"https:\\\/\\\/maxstrefa.com\\\/produkt\\\/panel-sloneczny-bluetti-pv350-350-w\\\/\",\"url\":\"https:\\\/\\\/maxstrefa.com\\\/produkt\\\/panel-sloneczny-bluetti-pv350-350-w\\\/\",\"name\":\"Panel s\u0142oneczny BLUETTI PV350 | 350 W - MaxStrefa\",\"isPartOf\":{\"@id\":\"https:\\\/\\\/maxstrefa.com\\\/#website\"},\"primaryImageOfPage\":{\"@id\":\"https:\\\/\\\/maxstrefa.com\\\/produkt\\\/panel-sloneczny-bluetti-pv350-350-w\\\/#primaryimage\"},\"image\":{\"@id\":\"https:\\\/\\\/maxstrefa.com\\\/produkt\\\/panel-sloneczny-bluetti-pv350-350-w\\\/#primaryimage\"},\"thumbnailUrl\":\"https:\\\/\\\/maxstrefa.com\\\/wp-content\\\/uploads\\\/2024\\\/01\\\/PV350_1.2.webp\",\"datePublished\":\"2024-01-30T21:56:18+00:00\",\"dateModified\":\"2024-02-26T20:22:42+00:00\",\"breadcrumb\":{\"@id\":\"https:\\\/\\\/maxstrefa.com\\\/produkt\\\/panel-sloneczny-bluetti-pv350-350-w\\\/#breadcrumb\"},\"inLanguage\":\"en-GB\",\"potentialAction\":[{\"@type\":\"ReadAction\",\"target\":[\"https:\\\/\\\/maxstrefa.com\\\/produkt\\\/panel-sloneczny-bluetti-pv350-350-w\\\/\"]}]},{\"@type\":\"ImageObject\",\"inLanguage\":\"en-GB\",\"@id\":\"https:\\\/\\\/maxstrefa.com\\\/produkt\\\/panel-sloneczny-bluetti-pv350-350-w\\\/#primaryimage\",\"url\":\"https:\\\/\\\/maxstrefa.com\\\/wp-content\\\/uploads\\\/2024\\\/01\\\/PV350_1.2.webp\",\"contentUrl\":\"https:\\\/\\\/maxstrefa.com\\\/wp-content\\\/uploads\\\/2024\\\/01\\\/PV350_1.2.webp\",\"width\":600,\"height\":600,\"caption\":\"Panel fotowoltaiczny Bluetti PV 350\"},{\"@type\":\"BreadcrumbList\",\"@id\":\"https:\\\/\\\/maxstrefa.com\\\/produkt\\\/panel-sloneczny-bluetti-pv350-350-w\\\/#breadcrumb\",\"itemListElement\":[{\"@type\":\"ListItem\",\"position\":1,\"name\":\"Strona g\u0142\u00f3wna\",\"item\":\"https:\\\/\\\/maxstrefa.com\\\/\"},{\"@type\":\"ListItem\",\"position\":2,\"name\":\"Sklep\",\"item\":\"https:\\\/\\\/maxstrefa.com\\\/przenosne-stacje-zasilania\\\/\"},{\"@type\":\"ListItem\",\"position\":3,\"name\":\"Panel s\u0142oneczny BLUETTI PV350 | 350 W\"}]},{\"@type\":\"WebSite\",\"@id\":\"https:\\\/\\\/maxstrefa.com\\\/#website\",\"url\":\"https:\\\/\\\/maxstrefa.com\\\/\",\"name\":\"MaxStrefa\",\"description\":\"\",\"publisher\":{\"@id\":\"https:\\\/\\\/maxstrefa.com\\\/#organization\"},\"potentialAction\":[{\"@type\":\"SearchAction\",\"target\":{\"@type\":\"EntryPoint\",\"urlTemplate\":\"https:\\\/\\\/maxstrefa.com\\\/?s={search_term_string}\"},\"query-input\":{\"@type\":\"PropertyValueSpecification\",\"valueRequired\":true,\"valueName\":\"search_term_string\"}}],\"inLanguage\":\"en-GB\"},{\"@type\":\"Organization\",\"@id\":\"https:\\\/\\\/maxstrefa.com\\\/#organization\",\"name\":\"MaxStrefa\",\"url\":\"https:\\\/\\\/maxstrefa.com\\\/\",\"logo\":{\"@type\":\"ImageObject\",\"inLanguage\":\"en-GB\",\"@id\":\"https:\\\/\\\/maxstrefa.com\\\/#\\\/schema\\\/logo\\\/image\\\/\",\"url\":\"https:\\\/\\\/maxstrefa.com\\\/wp-content\\\/uploads\\\/2025\\\/04\\\/Maxta-logo-2.jpg\",\"contentUrl\":\"https:\\\/\\\/maxstrefa.com\\\/wp-content\\\/uploads\\\/2025\\\/04\\\/Maxta-logo-2.jpg\",\"width\":2048,\"height\":996,\"caption\":\"MaxStrefa\"},\"image\":{\"@id\":\"https:\\\/\\\/maxstrefa.com\\\/#\\\/schema\\\/logo\\\/image\\\/\"}}]}<\/script>\n<!-- \/ Yoast SEO plugin. -->","yoast_head_json":{"title":"BLUETTI PV350 solar panel | 350 W - MaxStrefa","robots":{"index":"index","follow":"follow","max-snippet":"max-snippet:-1","max-image-preview":"max-image-preview:large","max-video-preview":"max-video-preview:-1"},"canonical":"https:\/\/maxstrefa.com\/en\/product\/panel-sloneczny-bluetti-pv350-350-w\/","og_locale":"en_GB","og_type":"article","og_title":"Panel s\u0142oneczny BLUETTI PV350 | 350 W - MaxStrefa","og_description":"Generuj\u0105c odnawialn\u0105 energi\u0119 elektryczn\u0105 z energii s\u0142onecznej, panel s\u0142oneczny BLUETTI PV350 jest niezawodnym i niedrogim dostawc\u0105 energii, kt\u00f3ry zasila laptopa, drona, lod\u00f3wk\u0119, wiertark\u0119 elektryczn\u0105 i inne urz\u0105dzenia, niezale\u017cnie od tego, czy jeste\u015b w domu, czy w podr\u00f3\u017cy.","og_url":"https:\/\/maxstrefa.com\/en\/product\/panel-sloneczny-bluetti-pv350-350-w\/","og_site_name":"MaxStrefa","article_modified_time":"2024-02-26T20:22:42+00:00","og_image":[{"width":600,"height":600,"url":"https:\/\/maxstrefa.com\/wp-content\/uploads\/2024\/01\/PV350_1.2.webp","type":"image\/webp"}],"twitter_card":"summary_large_image","twitter_misc":{"Estimated reading time":"1 minute"},"schema":{"@context":"https:\/\/schema.org","@graph":[{"@type":"WebPage","@id":"https:\/\/maxstrefa.com\/produkt\/panel-sloneczny-bluetti-pv350-350-w\/","url":"https:\/\/maxstrefa.com\/produkt\/panel-sloneczny-bluetti-pv350-350-w\/","name":"BLUETTI PV350 solar panel | 350 W - MaxStrefa","isPartOf":{"@id":"https:\/\/maxstrefa.com\/#website"},"primaryImageOfPage":{"@id":"https:\/\/maxstrefa.com\/produkt\/panel-sloneczny-bluetti-pv350-350-w\/#primaryimage"},"image":{"@id":"https:\/\/maxstrefa.com\/produkt\/panel-sloneczny-bluetti-pv350-350-w\/#primaryimage"},"thumbnailUrl":"https:\/\/maxstrefa.com\/wp-content\/uploads\/2024\/01\/PV350_1.2.webp","datePublished":"2024-01-30T21:56:18+00:00","dateModified":"2024-02-26T20:22:42+00:00","breadcrumb":{"@id":"https:\/\/maxstrefa.com\/produkt\/panel-sloneczny-bluetti-pv350-350-w\/#breadcrumb"},"inLanguage":"en-GB","potentialAction":[{"@type":"ReadAction","target":["https:\/\/maxstrefa.com\/produkt\/panel-sloneczny-bluetti-pv350-350-w\/"]}]},{"@type":"ImageObject","inLanguage":"en-GB","@id":"https:\/\/maxstrefa.com\/produkt\/panel-sloneczny-bluetti-pv350-350-w\/#primaryimage","url":"https:\/\/maxstrefa.com\/wp-content\/uploads\/2024\/01\/PV350_1.2.webp","contentUrl":"https:\/\/maxstrefa.com\/wp-content\/uploads\/2024\/01\/PV350_1.2.webp","width":600,"height":600,"caption":"Panel fotowoltaiczny Bluetti PV 350"},{"@type":"BreadcrumbList","@id":"https:\/\/maxstrefa.com\/produkt\/panel-sloneczny-bluetti-pv350-350-w\/#breadcrumb","itemListElement":[{"@type":"ListItem","position":1,"name":"Strona g\u0142\u00f3wna","item":"https:\/\/maxstrefa.com\/"},{"@type":"ListItem","position":2,"name":"Sklep","item":"https:\/\/maxstrefa.com\/przenosne-stacje-zasilania\/"},{"@type":"ListItem","position":3,"name":"Panel s\u0142oneczny BLUETTI PV350 | 350 W"}]},{"@type":"WebSite","@id":"https:\/\/maxstrefa.com\/#website","url":"https:\/\/maxstrefa.com\/","name":"MaxStrefa","description":"","publisher":{"@id":"https:\/\/maxstrefa.com\/#organization"},"potentialAction":[{"@type":"SearchAction","target":{"@type":"EntryPoint","urlTemplate":"https:\/\/maxstrefa.com\/?s={search_term_string}"},"query-input":{"@type":"PropertyValueSpecification","valueRequired":true,"valueName":"search_term_string"}}],"inLanguage":"en-GB"},{"@type":"Organization","@id":"https:\/\/maxstrefa.com\/#organization","name":"MaxStrefa","url":"https:\/\/maxstrefa.com\/","logo":{"@type":"ImageObject","inLanguage":"en-GB","@id":"https:\/\/maxstrefa.com\/#\/schema\/logo\/image\/","url":"https:\/\/maxstrefa.com\/wp-content\/uploads\/2025\/04\/Maxta-logo-2.jpg","contentUrl":"https:\/\/maxstrefa.com\/wp-content\/uploads\/2025\/04\/Maxta-logo-2.jpg","width":2048,"height":996,"caption":"MaxStrefa"},"image":{"@id":"https:\/\/maxstrefa.com\/#\/schema\/logo\/image\/"}}]}},"uagb_featured_image_src":{"full":["https:\/\/maxstrefa.com\/wp-content\/uploads\/2024\/01\/PV350_1.2.webp",600,600,false],"thumbnail":["https:\/\/maxstrefa.com\/wp-content\/uploads\/2024\/01\/PV350_1.2-150x150.webp",150,150,true],"medium":["https:\/\/maxstrefa.com\/wp-content\/uploads\/2024\/01\/PV350_1.2-300x300.webp",300,300,true],"medium_large":["https:\/\/maxstrefa.com\/wp-content\/uploads\/2024\/01\/PV350_1.2.webp",600,600,false],"large":["https:\/\/maxstrefa.com\/wp-content\/uploads\/2024\/01\/PV350_1.2.webp",600,600,false],"1536x1536":["https:\/\/maxstrefa.com\/wp-content\/uploads\/2024\/01\/PV350_1.2.webp",600,600,false],"2048x2048":["https:\/\/maxstrefa.com\/wp-content\/uploads\/2024\/01\/PV350_1.2.webp",600,600,false],"trp-custom-language-flag":["https:\/\/maxstrefa.com\/wp-content\/uploads\/2024\/01\/PV350_1.2.webp",12,12,false],"woocommerce_thumbnail":["https:\/\/maxstrefa.com\/wp-content\/uploads\/2024\/01\/PV350_1.2.webp",600,600,false],"woocommerce_single":["https:\/\/maxstrefa.com\/wp-content\/uploads\/2024\/01\/PV350_1.2.webp",600,600,false],"woocommerce_gallery_thumbnail":["https:\/\/maxstrefa.com\/wp-content\/uploads\/2024\/01\/PV350_1.2-100x100.webp",100,100,true],"dgwt-wcas-product-suggestion":["https:\/\/maxstrefa.com\/wp-content\/uploads\/2024\/01\/PV350_1.2-64x64.webp",64,64,true]},"uagb_author_info":{"display_name":"romanadmin","author_link":"https:\/\/maxstrefa.com\/en\/author\/"},"uagb_comment_info":0,"uagb_excerpt":"Generuj\u0105c odnawialn\u0105 energi\u0119 elektryczn\u0105 z energii s\u0142onecznej, panel s\u0142oneczny BLUETTI PV350 jest niezawodnym i niedrogim dostawc\u0105 energii, kt\u00f3ry zasila laptopa, drona, lod\u00f3wk\u0119, wiertark\u0119 elektryczn\u0105 i inne urz\u0105dzenia, niezale\u017cnie od tego, czy jeste\u015b w domu, czy w podr\u00f3\u017cy.","_links":{"self":[{"href":"https:\/\/maxstrefa.com\/en\/wp-json\/wp\/v2\/product\/1387","targetHints":{"allow":["GET"]}}],"collection":[{"href":"https:\/\/maxstrefa.com\/en\/wp-json\/wp\/v2\/product"}],"about":[{"href":"https:\/\/maxstrefa.com\/en\/wp-json\/wp\/v2\/types\/product"}],"wp:featuredmedia":[{"embeddable":true,"href":"https:\/\/maxstrefa.com\/en\/wp-json\/wp\/v2\/media\/1792"}],"wp:attachment":[{"href":"https:\/\/maxstrefa.com\/en\/wp-json\/wp\/v2\/media?parent=1387"}],"wp:term":[{"taxonomy":"product_brand","embeddable":true,"href":"https:\/\/maxstrefa.com\/en\/wp-json\/wp\/v2\/product_brand?post=1387"},{"taxonomy":"product_cat","embeddable":true,"href":"https:\/\/maxstrefa.com\/en\/wp-json\/wp\/v2\/product_cat?post=1387"},{"taxonomy":"product_tag","embeddable":true,"href":"https:\/\/maxstrefa.com\/en\/wp-json\/wp\/v2\/product_tag?post=1387"}],"curies":[{"name":"wp","href":"https:\/\/api.w.org\/{rel}","templated":true}]}}