{"id":1381,"date":"2024-01-30T22:05:50","date_gmt":"2024-01-30T21:05:50","guid":{"rendered":"https:\/\/maxstrefa.com\/?post_type=product&#038;p=1381"},"modified":"2024-02-26T21:23:03","modified_gmt":"2024-02-26T20:23:03","slug":"panel-sloneczny-bluetti-pv120-120-w","status":"publish","type":"product","link":"https:\/\/maxstrefa.com\/en\/product\/panel-sloneczny-bluetti-pv120-120-w\/","title":{"rendered":"BLUETTI PV120 solar panel | 120 W"},"content":{"rendered":"<div class=\"mpof_ki myre_zn myre_8v_l m389_6m_l\">\n<div class=\"mp4t_16_s mryx_16_s mr3m_1 mli2_1 mh85_56 mh85_0_l\">\n<div class=\"mgn2_16 _0d3bd_am0a-\">\n<p><b>High performance 23.4%.<\/b><\/p>\n<p>Built with monocrystalline solar cells, the PV120 can convert up to 23.4% of sunlight into solar energy, charging the solar generators even in bad weather.<\/p>\n<\/div>\n<\/div>\n<\/div>\n<div class=\"mpof_ki myre_zn myre_8v_l m389_6m_l\">\n<div class=\"mp4t_16_s mryx_16_s mr3m_1 mli2_1 mh85_56 mh85_0_l\">\n<div class=\"mgn2_16 _0d3bd_am0a-\">\n<p><b>Easy setup thanks to the support<\/b><\/p>\n<p>Unfold the PV120, snap in the supports, adjust the angle to maximize sunlight, and you&#039;re ready to harness solar power for your generators.<\/p>\n<p>(Charging time refers to 80% charge level*)<\/p>\n<p>BLUETTI EB55 (537 Wh) + PV120: charging in just 5 hours<\/p>\n<p>BLUETTI AC200P (2.000Wh) + 2*PV120: Charging after just 8.5 hours<\/p>\n<p>BLUETTI AC200MAX (2,048 Wh) + 4*PV120: Charging in just 4.5 hours<\/p>\n<p>BLUETTI AC300 + B300 (3,072 Wh) + 8*PV120: Charging after just 3.5 hours<\/p>\n<p>BLUETTI EP500 (5,120 Wh) + 6*PV120: Charging after just 7.5 hours<\/p>\n<\/div>\n<\/div>\n<\/div>\n<div class=\"mpof_ki myre_zn myre_8v_l m389_6m_l\">\n<div class=\"mp4t_16_s mryx_16_s mr3m_1 mli2_1 mh85_56 mh85_0_l\">\n<div class=\"mgn2_16 _0d3bd_am0a-\">\n<p><b>Built to last<\/b><\/p>\n<p>The ETFE coating and IP65 junction box are designed to withstand any scratches and water splashes, making them perfect for camping, fishing, hiking and more. (Prevent exposure to rain or no soaking in water)<\/p>\n<\/div>\n<\/div>\n<\/div>","protected":false},"excerpt":{"rendered":"<p>Plug and leave. The BLUETTI 120W solar panel is set to keep your solar generators operating as long as sunlight is available.<\/p>","protected":false},"featured_media":1784,"template":"","meta":{"_eb_attr":"","_uag_custom_page_level_css":"","site-sidebar-layout":"default","site-content-layout":"","ast-site-content-layout":"default","site-content-style":"default","site-sidebar-style":"default","ast-global-header-display":"","ast-banner-title-visibility":"","ast-main-header-display":"","ast-hfb-above-header-display":"","ast-hfb-below-header-display":"","ast-hfb-mobile-header-display":"","site-post-title":"","ast-breadcrumbs-content":"","ast-featured-img":"","footer-sml-layout":"","theme-transparent-header-meta":"default","adv-header-id-meta":"","stick-header-meta":"","header-above-stick-meta":"","header-main-stick-meta":"","header-below-stick-meta":"","astra-migrate-meta-layouts":"set","ast-page-background-enabled":"default","ast-page-background-meta":{"desktop":{"background-color":"var(--ast-global-color-4)","background-image":"","background-repeat":"repeat","background-position":"center center","background-size":"auto","background-attachment":"scroll","background-type":"","background-media":"","overlay-type":"","overlay-color":"","overlay-opacity":"","overlay-gradient":""},"tablet":{"background-color":"","background-image":"","background-repeat":"repeat","background-position":"center center","background-size":"auto","background-attachment":"scroll","background-type":"","background-media":"","overlay-type":"","overlay-color":"","overlay-opacity":"","overlay-gradient":""},"mobile":{"background-color":"","background-image":"","background-repeat":"repeat","background-position":"center center","background-size":"auto","background-attachment":"scroll","background-type":"","background-media":"","overlay-type":"","overlay-color":"","overlay-opacity":"","overlay-gradient":""}},"ast-content-background-meta":{"desktop":{"background-color":"var(--ast-global-color-5)","background-image":"","background-repeat":"repeat","background-position":"center center","background-size":"auto","background-attachment":"scroll","background-type":"","background-media":"","overlay-type":"","overlay-color":"","overlay-opacity":"","overlay-gradient":""},"tablet":{"background-color":"var(--ast-global-color-5)","background-image":"","background-repeat":"repeat","background-position":"center center","background-size":"auto","background-attachment":"scroll","background-type":"","background-media":"","overlay-type":"","overlay-color":"","overlay-opacity":"","overlay-gradient":""},"mobile":{"background-color":"var(--ast-global-color-5)","background-image":"","background-repeat":"repeat","background-position":"center center","background-size":"auto","background-attachment":"scroll","background-type":"","background-media":"","overlay-type":"","overlay-color":"","overlay-opacity":"","overlay-gradient":""}},"_themeisle_gutenberg_block_has_review":false},"product_brand":[],"product_cat":[25],"product_tag":[21,30],"class_list":{"0":"post-1381","1":"product","2":"type-product","3":"status-publish","4":"has-post-thumbnail","6":"product_cat-panele-fotowoltaiczne","7":"product_tag-bluetti","8":"product_tag-przenosne-panele-fotowoltaiczne","9":"desktop-align-center","10":"tablet-align-left","11":"mobile-align-left","13":"first","14":"outofstock","15":"downloadable","16":"shipping-taxable","17":"purchasable","18":"product-type-simple"},"yoast_head":"<!-- This site is optimized with the Yoast SEO plugin v27.4 - https:\/\/yoast.com\/product\/yoast-seo-wordpress\/ -->\n<title>Panel s\u0142oneczny BLUETTI PV120 | 120 W - MaxStrefa<\/title>\n<meta name=\"robots\" content=\"index, follow, max-snippet:-1, max-image-preview:large, max-video-preview:-1\" \/>\n<link rel=\"canonical\" href=\"https:\/\/maxstrefa.com\/en\/product\/panel-sloneczny-bluetti-pv120-120-w\/\" \/>\n<meta property=\"og:locale\" content=\"en_GB\" \/>\n<meta property=\"og:type\" content=\"article\" \/>\n<meta property=\"og:title\" content=\"Panel s\u0142oneczny BLUETTI PV120 | 120 W - MaxStrefa\" \/>\n<meta property=\"og:description\" content=\"Pod\u0142\u0105cz i zostaw. Panel s\u0142oneczny BLUETTI 120W jest ustawiony tak, aby Twoje generatory s\u0142oneczne dzia\u0142a\u0142y tak d\u0142ugo, jak d\u0142ugo dost\u0119pne jest \u015bwiat\u0142o s\u0142oneczne.\" \/>\n<meta property=\"og:url\" content=\"https:\/\/maxstrefa.com\/en\/product\/panel-sloneczny-bluetti-pv120-120-w\/\" \/>\n<meta property=\"og:site_name\" content=\"MaxStrefa\" \/>\n<meta property=\"article:modified_time\" content=\"2024-02-26T20:23:03+00:00\" \/>\n<meta property=\"og:image\" content=\"https:\/\/maxstrefa.com\/wp-content\/uploads\/2024\/01\/PV120_1.1.webp\" \/>\n\t<meta property=\"og:image:width\" content=\"600\" \/>\n\t<meta property=\"og:image:height\" content=\"600\" \/>\n\t<meta property=\"og:image:type\" content=\"image\/webp\" \/>\n<meta name=\"twitter:card\" content=\"summary_large_image\" \/>\n<meta name=\"twitter:label1\" content=\"Estimated reading time\" \/>\n\t<meta name=\"twitter:data1\" content=\"1 minute\" \/>\n<script type=\"application\/ld+json\" class=\"yoast-schema-graph\">{\"@context\":\"https:\\\/\\\/schema.org\",\"@graph\":[{\"@type\":\"WebPage\",\"@id\":\"https:\\\/\\\/maxstrefa.com\\\/produkt\\\/panel-sloneczny-bluetti-pv120-120-w\\\/\",\"url\":\"https:\\\/\\\/maxstrefa.com\\\/produkt\\\/panel-sloneczny-bluetti-pv120-120-w\\\/\",\"name\":\"Panel s\u0142oneczny BLUETTI PV120 | 120 W - MaxStrefa\",\"isPartOf\":{\"@id\":\"https:\\\/\\\/maxstrefa.com\\\/#website\"},\"primaryImageOfPage\":{\"@id\":\"https:\\\/\\\/maxstrefa.com\\\/produkt\\\/panel-sloneczny-bluetti-pv120-120-w\\\/#primaryimage\"},\"image\":{\"@id\":\"https:\\\/\\\/maxstrefa.com\\\/produkt\\\/panel-sloneczny-bluetti-pv120-120-w\\\/#primaryimage\"},\"thumbnailUrl\":\"https:\\\/\\\/maxstrefa.com\\\/wp-content\\\/uploads\\\/2024\\\/01\\\/PV120_1.1.webp\",\"datePublished\":\"2024-01-30T21:05:50+00:00\",\"dateModified\":\"2024-02-26T20:23:03+00:00\",\"breadcrumb\":{\"@id\":\"https:\\\/\\\/maxstrefa.com\\\/produkt\\\/panel-sloneczny-bluetti-pv120-120-w\\\/#breadcrumb\"},\"inLanguage\":\"en-GB\",\"potentialAction\":[{\"@type\":\"ReadAction\",\"target\":[\"https:\\\/\\\/maxstrefa.com\\\/produkt\\\/panel-sloneczny-bluetti-pv120-120-w\\\/\"]}]},{\"@type\":\"ImageObject\",\"inLanguage\":\"en-GB\",\"@id\":\"https:\\\/\\\/maxstrefa.com\\\/produkt\\\/panel-sloneczny-bluetti-pv120-120-w\\\/#primaryimage\",\"url\":\"https:\\\/\\\/maxstrefa.com\\\/wp-content\\\/uploads\\\/2024\\\/01\\\/PV120_1.1.webp\",\"contentUrl\":\"https:\\\/\\\/maxstrefa.com\\\/wp-content\\\/uploads\\\/2024\\\/01\\\/PV120_1.1.webp\",\"width\":600,\"height\":600,\"caption\":\"Panel fotowoltaiczny Bluetti PV 120\"},{\"@type\":\"BreadcrumbList\",\"@id\":\"https:\\\/\\\/maxstrefa.com\\\/produkt\\\/panel-sloneczny-bluetti-pv120-120-w\\\/#breadcrumb\",\"itemListElement\":[{\"@type\":\"ListItem\",\"position\":1,\"name\":\"Strona g\u0142\u00f3wna\",\"item\":\"https:\\\/\\\/maxstrefa.com\\\/\"},{\"@type\":\"ListItem\",\"position\":2,\"name\":\"Sklep\",\"item\":\"https:\\\/\\\/maxstrefa.com\\\/przenosne-stacje-zasilania\\\/\"},{\"@type\":\"ListItem\",\"position\":3,\"name\":\"Panel s\u0142oneczny BLUETTI PV120 | 120 W\"}]},{\"@type\":\"WebSite\",\"@id\":\"https:\\\/\\\/maxstrefa.com\\\/#website\",\"url\":\"https:\\\/\\\/maxstrefa.com\\\/\",\"name\":\"MaxStrefa\",\"description\":\"\",\"publisher\":{\"@id\":\"https:\\\/\\\/maxstrefa.com\\\/#organization\"},\"potentialAction\":[{\"@type\":\"SearchAction\",\"target\":{\"@type\":\"EntryPoint\",\"urlTemplate\":\"https:\\\/\\\/maxstrefa.com\\\/?s={search_term_string}\"},\"query-input\":{\"@type\":\"PropertyValueSpecification\",\"valueRequired\":true,\"valueName\":\"search_term_string\"}}],\"inLanguage\":\"en-GB\"},{\"@type\":\"Organization\",\"@id\":\"https:\\\/\\\/maxstrefa.com\\\/#organization\",\"name\":\"MaxStrefa\",\"url\":\"https:\\\/\\\/maxstrefa.com\\\/\",\"logo\":{\"@type\":\"ImageObject\",\"inLanguage\":\"en-GB\",\"@id\":\"https:\\\/\\\/maxstrefa.com\\\/#\\\/schema\\\/logo\\\/image\\\/\",\"url\":\"https:\\\/\\\/maxstrefa.com\\\/wp-content\\\/uploads\\\/2025\\\/04\\\/Maxta-logo-2.jpg\",\"contentUrl\":\"https:\\\/\\\/maxstrefa.com\\\/wp-content\\\/uploads\\\/2025\\\/04\\\/Maxta-logo-2.jpg\",\"width\":2048,\"height\":996,\"caption\":\"MaxStrefa\"},\"image\":{\"@id\":\"https:\\\/\\\/maxstrefa.com\\\/#\\\/schema\\\/logo\\\/image\\\/\"}}]}<\/script>\n<!-- \/ Yoast SEO plugin. -->","yoast_head_json":{"title":"BLUETTI PV120 solar panel | 120 W - MaxStrefa","robots":{"index":"index","follow":"follow","max-snippet":"max-snippet:-1","max-image-preview":"max-image-preview:large","max-video-preview":"max-video-preview:-1"},"canonical":"https:\/\/maxstrefa.com\/en\/product\/panel-sloneczny-bluetti-pv120-120-w\/","og_locale":"en_GB","og_type":"article","og_title":"Panel s\u0142oneczny BLUETTI PV120 | 120 W - MaxStrefa","og_description":"Pod\u0142\u0105cz i zostaw. Panel s\u0142oneczny BLUETTI 120W jest ustawiony tak, aby Twoje generatory s\u0142oneczne dzia\u0142a\u0142y tak d\u0142ugo, jak d\u0142ugo dost\u0119pne jest \u015bwiat\u0142o s\u0142oneczne.","og_url":"https:\/\/maxstrefa.com\/en\/product\/panel-sloneczny-bluetti-pv120-120-w\/","og_site_name":"MaxStrefa","article_modified_time":"2024-02-26T20:23:03+00:00","og_image":[{"width":600,"height":600,"url":"https:\/\/maxstrefa.com\/wp-content\/uploads\/2024\/01\/PV120_1.1.webp","type":"image\/webp"}],"twitter_card":"summary_large_image","twitter_misc":{"Estimated reading time":"1 minute"},"schema":{"@context":"https:\/\/schema.org","@graph":[{"@type":"WebPage","@id":"https:\/\/maxstrefa.com\/produkt\/panel-sloneczny-bluetti-pv120-120-w\/","url":"https:\/\/maxstrefa.com\/produkt\/panel-sloneczny-bluetti-pv120-120-w\/","name":"BLUETTI PV120 solar panel | 120 W - MaxStrefa","isPartOf":{"@id":"https:\/\/maxstrefa.com\/#website"},"primaryImageOfPage":{"@id":"https:\/\/maxstrefa.com\/produkt\/panel-sloneczny-bluetti-pv120-120-w\/#primaryimage"},"image":{"@id":"https:\/\/maxstrefa.com\/produkt\/panel-sloneczny-bluetti-pv120-120-w\/#primaryimage"},"thumbnailUrl":"https:\/\/maxstrefa.com\/wp-content\/uploads\/2024\/01\/PV120_1.1.webp","datePublished":"2024-01-30T21:05:50+00:00","dateModified":"2024-02-26T20:23:03+00:00","breadcrumb":{"@id":"https:\/\/maxstrefa.com\/produkt\/panel-sloneczny-bluetti-pv120-120-w\/#breadcrumb"},"inLanguage":"en-GB","potentialAction":[{"@type":"ReadAction","target":["https:\/\/maxstrefa.com\/produkt\/panel-sloneczny-bluetti-pv120-120-w\/"]}]},{"@type":"ImageObject","inLanguage":"en-GB","@id":"https:\/\/maxstrefa.com\/produkt\/panel-sloneczny-bluetti-pv120-120-w\/#primaryimage","url":"https:\/\/maxstrefa.com\/wp-content\/uploads\/2024\/01\/PV120_1.1.webp","contentUrl":"https:\/\/maxstrefa.com\/wp-content\/uploads\/2024\/01\/PV120_1.1.webp","width":600,"height":600,"caption":"Panel fotowoltaiczny Bluetti PV 120"},{"@type":"BreadcrumbList","@id":"https:\/\/maxstrefa.com\/produkt\/panel-sloneczny-bluetti-pv120-120-w\/#breadcrumb","itemListElement":[{"@type":"ListItem","position":1,"name":"Strona g\u0142\u00f3wna","item":"https:\/\/maxstrefa.com\/"},{"@type":"ListItem","position":2,"name":"Sklep","item":"https:\/\/maxstrefa.com\/przenosne-stacje-zasilania\/"},{"@type":"ListItem","position":3,"name":"Panel s\u0142oneczny BLUETTI PV120 | 120 W"}]},{"@type":"WebSite","@id":"https:\/\/maxstrefa.com\/#website","url":"https:\/\/maxstrefa.com\/","name":"MaxStrefa","description":"","publisher":{"@id":"https:\/\/maxstrefa.com\/#organization"},"potentialAction":[{"@type":"SearchAction","target":{"@type":"EntryPoint","urlTemplate":"https:\/\/maxstrefa.com\/?s={search_term_string}"},"query-input":{"@type":"PropertyValueSpecification","valueRequired":true,"valueName":"search_term_string"}}],"inLanguage":"en-GB"},{"@type":"Organization","@id":"https:\/\/maxstrefa.com\/#organization","name":"MaxStrefa","url":"https:\/\/maxstrefa.com\/","logo":{"@type":"ImageObject","inLanguage":"en-GB","@id":"https:\/\/maxstrefa.com\/#\/schema\/logo\/image\/","url":"https:\/\/maxstrefa.com\/wp-content\/uploads\/2025\/04\/Maxta-logo-2.jpg","contentUrl":"https:\/\/maxstrefa.com\/wp-content\/uploads\/2025\/04\/Maxta-logo-2.jpg","width":2048,"height":996,"caption":"MaxStrefa"},"image":{"@id":"https:\/\/maxstrefa.com\/#\/schema\/logo\/image\/"}}]}},"uagb_featured_image_src":{"full":["https:\/\/maxstrefa.com\/wp-content\/uploads\/2024\/01\/PV120_1.1.webp",600,600,false],"thumbnail":["https:\/\/maxstrefa.com\/wp-content\/uploads\/2024\/01\/PV120_1.1-150x150.webp",150,150,true],"medium":["https:\/\/maxstrefa.com\/wp-content\/uploads\/2024\/01\/PV120_1.1-300x300.webp",300,300,true],"medium_large":["https:\/\/maxstrefa.com\/wp-content\/uploads\/2024\/01\/PV120_1.1.webp",600,600,false],"large":["https:\/\/maxstrefa.com\/wp-content\/uploads\/2024\/01\/PV120_1.1.webp",600,600,false],"1536x1536":["https:\/\/maxstrefa.com\/wp-content\/uploads\/2024\/01\/PV120_1.1.webp",600,600,false],"2048x2048":["https:\/\/maxstrefa.com\/wp-content\/uploads\/2024\/01\/PV120_1.1.webp",600,600,false],"trp-custom-language-flag":["https:\/\/maxstrefa.com\/wp-content\/uploads\/2024\/01\/PV120_1.1.webp",12,12,false],"woocommerce_thumbnail":["https:\/\/maxstrefa.com\/wp-content\/uploads\/2024\/01\/PV120_1.1.webp",600,600,false],"woocommerce_single":["https:\/\/maxstrefa.com\/wp-content\/uploads\/2024\/01\/PV120_1.1.webp",600,600,false],"woocommerce_gallery_thumbnail":["https:\/\/maxstrefa.com\/wp-content\/uploads\/2024\/01\/PV120_1.1-100x100.webp",100,100,true],"dgwt-wcas-product-suggestion":["https:\/\/maxstrefa.com\/wp-content\/uploads\/2024\/01\/PV120_1.1-64x64.webp",64,64,true]},"uagb_author_info":{"display_name":"romanadmin","author_link":"https:\/\/maxstrefa.com\/en\/author\/"},"uagb_comment_info":0,"uagb_excerpt":"Pod\u0142\u0105cz i zostaw. Panel s\u0142oneczny BLUETTI 120W jest ustawiony tak, aby Twoje generatory s\u0142oneczne dzia\u0142a\u0142y tak d\u0142ugo, jak d\u0142ugo dost\u0119pne jest \u015bwiat\u0142o s\u0142oneczne.","_links":{"self":[{"href":"https:\/\/maxstrefa.com\/en\/wp-json\/wp\/v2\/product\/1381","targetHints":{"allow":["GET"]}}],"collection":[{"href":"https:\/\/maxstrefa.com\/en\/wp-json\/wp\/v2\/product"}],"about":[{"href":"https:\/\/maxstrefa.com\/en\/wp-json\/wp\/v2\/types\/product"}],"wp:featuredmedia":[{"embeddable":true,"href":"https:\/\/maxstrefa.com\/en\/wp-json\/wp\/v2\/media\/1784"}],"wp:attachment":[{"href":"https:\/\/maxstrefa.com\/en\/wp-json\/wp\/v2\/media?parent=1381"}],"wp:term":[{"taxonomy":"product_brand","embeddable":true,"href":"https:\/\/maxstrefa.com\/en\/wp-json\/wp\/v2\/product_brand?post=1381"},{"taxonomy":"product_cat","embeddable":true,"href":"https:\/\/maxstrefa.com\/en\/wp-json\/wp\/v2\/product_cat?post=1381"},{"taxonomy":"product_tag","embeddable":true,"href":"https:\/\/maxstrefa.com\/en\/wp-json\/wp\/v2\/product_tag?post=1381"}],"curies":[{"name":"wp","href":"https:\/\/api.w.org\/{rel}","templated":true}]}}