{"id":1373,"date":"2024-01-30T21:42:29","date_gmt":"2024-01-30T20:42:29","guid":{"rendered":"https:\/\/maxstrefa.com\/?post_type=product&#038;p=1373"},"modified":"2024-02-26T21:23:47","modified_gmt":"2024-02-26T20:23:47","slug":"bateria-sloneczna-bluetti-b230-2048wh","status":"publish","type":"product","link":"https:\/\/maxstrefa.com\/en\/product\/bateria-sloneczna-bluetti-b230-2048wh\/","title":{"rendered":"BLUETTI B230 2048Wh solar battery"},"content":{"rendered":"<div class=\"mpof_ki myre_zn myre_8v_l m389_6m_l\">\n<div class=\"mp4t_16_s mryx_16_s mr3m_1 mli2_1 mh85_56 mh85_0_l\">\n<div class=\"mgn2_16 _0d3bd_am0a-\">\n<p><b>Versatile power source<\/b><\/p>\n<p>100W USB-C ports, 12V\/10A car cigarette lighter and 18W USB-A output ports are used to charge essential devices on the road such as smartphones, laptops, cameras, fans, lights and so on.<\/p>\n<\/div>\n<\/div>\n<\/div>\n<div class=\"mpof_ki myre_zn myre_8v_l m389_6m_l\">\n<div class=\"mp4t_16_s mryx_16_s mr3m_1 mli2_1 mh85_56 mh85_0_l\">\n<div class=\"mgn2_16 _0d3bd_am0a-\">\n<p><b>Give your devices more uptime<\/b><\/p>\n<p>The B230 has over 3,500 cycle life with top-of-the-range LFP cells, offering up to 80% primary capacity. What&#039;s more, it is additionally compatible with BLUETTI AC200MAX, providing huge capacity.<\/p>\n<\/div>\n<\/div>\n<\/div>\n<div class=\"mpof_ki myre_zn myre_8v_l m389_6m_l\">\n<div class=\"mp4t_16_s mryx_16_s mr3m_1 mli2_1 mh85_56 mh85_0_l\">\n<div class=\"mgn2_16 _0d3bd_am0a-\">\n<p><b>Home backup and travel power bank<\/b><\/p>\n<p>The AC200MAX+ B230 is portable and safe to use. Just place them in your home or trunk, they will serve as a backup power source for home and camping or as a power source with a great set of features.<\/p>\n<\/div>\n<\/div>\n<\/div>\n<div class=\"mpof_ki myre_zn myre_8v_l m389_6m_l\">\n<div class=\"mp4t_16_s mryx_16_s mr3m_1 mli2_1 mh85_56 mh85_0_l\">\n<div class=\"mgn2_16 _0d3bd_am0a-\">\n<h1>Technical data:<\/h1>\n<p>Capacity: 2,048 Wh (51.2 V, 40 Ah)<\/p>\n<p>Type: LiFePO\u2084 (lithium iron phosphate)<\/p>\n<p>Life cycles:<\/p>\n<p>Over 3500 cycles to 80% original capacity<\/p>\n<p>Shelf Life: Charge the 80% every 3-6 months<\/p>\n<p>Management system: MPPT controller, BMS etc.<\/p>\n<p><b>OUTPUTS:<\/b><\/p>\n<p>USB-C port: 1 x 100 W max.<\/p>\n<p>USB-A port: 1 x 18W USB-A<\/p>\n<p>12V DC sockets: 1 x 12V DC (car socket)<\/p>\n<p><b>ENTRY<\/b><\/p>\n<p>AC adapter input: 500W max.<\/p>\n<p>Solar power: max. 500W, VOC 12-60 VDC, 10 A (via BLUETTI D050S)<\/p>\n<p>Car input: 12\/24V from cigarette lighter port (via BLUETTI D050S)<\/p>\n<p>Lead-acid battery: 12\/24V from cigarette lighter port (via BLUETTI D050S)<\/p>\n<p>Max. input power: 500W<\/p>\n<p><b>GENERAL:<\/b><\/p>\n<p>Compatibility: AC200Max (original extension), AC200P\/EB150\/EB240 (DC-DC connection via D050S)<\/p>\n<p>Weight: 48 lbs (21.8 kg)<\/p>\n<p>Dimensions (LxWxD): 16.5 x 11 x 8.9 inches (42 x 28 x 22.75 cm)<\/p>\n<p>Warranty: 2+2 years<\/p>\n<\/div>\n<\/div>\n<\/div>","protected":false},"excerpt":{"rendered":"<p>The BLUETTI B230 meets your regular electricity needs with a capacity of 2,048 Wh and supports charging solar, AC, automotive and lead-acid batteries to capture energy anytime, anywhere. *Charging car and lead-acid batteries requires the D050S charger.<\/p>","protected":false},"featured_media":1374,"template":"","meta":{"_eb_attr":"","_uag_custom_page_level_css":"","site-sidebar-layout":"default","site-content-layout":"","ast-site-content-layout":"default","site-content-style":"default","site-sidebar-style":"default","ast-global-header-display":"","ast-banner-title-visibility":"","ast-main-header-display":"","ast-hfb-above-header-display":"","ast-hfb-below-header-display":"","ast-hfb-mobile-header-display":"","site-post-title":"","ast-breadcrumbs-content":"","ast-featured-img":"","footer-sml-layout":"","theme-transparent-header-meta":"default","adv-header-id-meta":"","stick-header-meta":"","header-above-stick-meta":"","header-main-stick-meta":"","header-below-stick-meta":"","astra-migrate-meta-layouts":"set","ast-page-background-enabled":"default","ast-page-background-meta":{"desktop":{"background-color":"var(--ast-global-color-4)","background-image":"","background-repeat":"repeat","background-position":"center center","background-size":"auto","background-attachment":"scroll","background-type":"","background-media":"","overlay-type":"","overlay-color":"","overlay-opacity":"","overlay-gradient":""},"tablet":{"background-color":"","background-image":"","background-repeat":"repeat","background-position":"center center","background-size":"auto","background-attachment":"scroll","background-type":"","background-media":"","overlay-type":"","overlay-color":"","overlay-opacity":"","overlay-gradient":""},"mobile":{"background-color":"","background-image":"","background-repeat":"repeat","background-position":"center center","background-size":"auto","background-attachment":"scroll","background-type":"","background-media":"","overlay-type":"","overlay-color":"","overlay-opacity":"","overlay-gradient":""}},"ast-content-background-meta":{"desktop":{"background-color":"var(--ast-global-color-5)","background-image":"","background-repeat":"repeat","background-position":"center center","background-size":"auto","background-attachment":"scroll","background-type":"","background-media":"","overlay-type":"","overlay-color":"","overlay-opacity":"","overlay-gradient":""},"tablet":{"background-color":"var(--ast-global-color-5)","background-image":"","background-repeat":"repeat","background-position":"center center","background-size":"auto","background-attachment":"scroll","background-type":"","background-media":"","overlay-type":"","overlay-color":"","overlay-opacity":"","overlay-gradient":""},"mobile":{"background-color":"var(--ast-global-color-5)","background-image":"","background-repeat":"repeat","background-position":"center center","background-size":"auto","background-attachment":"scroll","background-type":"","background-media":"","overlay-type":"","overlay-color":"","overlay-opacity":"","overlay-gradient":""}},"_themeisle_gutenberg_block_has_review":false},"product_brand":[],"product_cat":[22],"product_tag":[21,20,19],"class_list":{"0":"post-1373","1":"product","2":"type-product","3":"status-publish","4":"has-post-thumbnail","6":"product_cat-stacje-zasilania","7":"product_tag-bluetti","8":"product_tag-generator","9":"product_tag-stacja-zasilania","10":"desktop-align-center","11":"tablet-align-left","12":"mobile-align-left","14":"first","15":"outofstock","16":"downloadable","17":"shipping-taxable","18":"purchasable","19":"product-type-simple"},"yoast_head":"<!-- This site is optimized with the Yoast SEO plugin v27.4 - https:\/\/yoast.com\/product\/yoast-seo-wordpress\/ -->\n<title>Bateria s\u0142oneczna BLUETTI B230 2048Wh - MaxStrefa<\/title>\n<meta name=\"robots\" content=\"index, follow, max-snippet:-1, max-image-preview:large, max-video-preview:-1\" \/>\n<link rel=\"canonical\" href=\"https:\/\/maxstrefa.com\/en\/product\/bateria-sloneczna-bluetti-b230-2048wh\/\" \/>\n<meta property=\"og:locale\" content=\"en_GB\" \/>\n<meta property=\"og:type\" content=\"article\" \/>\n<meta property=\"og:title\" content=\"Bateria s\u0142oneczna BLUETTI B230 2048Wh - MaxStrefa\" \/>\n<meta property=\"og:description\" content=\"BLUETTI B230 zaspokaja Twoje zwyk\u0142e zapotrzebowanie na energi\u0119 elektryczn\u0105 przy pojemno\u015bci 2,048 Wh i obs\u0142uguje \u0142adowanie akumulator\u00f3w s\u0142onecznych, pr\u0105du zmiennego, samochodowych i kwasowo-o\u0142owiowych, aby przechwytywa\u0107 energi\u0119 zawsze i wsz\u0119dzie. *\u0141adowanie akumulatora samochodowego i kwasowo-o\u0142owiowego wymaga \u0142adowarki D050S.\" \/>\n<meta property=\"og:url\" content=\"https:\/\/maxstrefa.com\/en\/product\/bateria-sloneczna-bluetti-b230-2048wh\/\" \/>\n<meta property=\"og:site_name\" content=\"MaxStrefa\" \/>\n<meta property=\"article:modified_time\" content=\"2024-02-26T20:23:47+00:00\" \/>\n<meta property=\"og:image\" content=\"https:\/\/maxstrefa.com\/wp-content\/uploads\/2024\/01\/Stacja-Zasilania-7_1.png\" \/>\n\t<meta property=\"og:image:width\" content=\"711\" \/>\n\t<meta property=\"og:image:height\" content=\"480\" \/>\n\t<meta property=\"og:image:type\" content=\"image\/png\" \/>\n<meta name=\"twitter:card\" content=\"summary_large_image\" \/>\n<meta name=\"twitter:label1\" content=\"Estimated reading time\" \/>\n\t<meta name=\"twitter:data1\" content=\"1 minute\" \/>\n<script type=\"application\/ld+json\" class=\"yoast-schema-graph\">{\"@context\":\"https:\\\/\\\/schema.org\",\"@graph\":[{\"@type\":\"WebPage\",\"@id\":\"https:\\\/\\\/maxstrefa.com\\\/produkt\\\/bateria-sloneczna-bluetti-b230-2048wh\\\/\",\"url\":\"https:\\\/\\\/maxstrefa.com\\\/produkt\\\/bateria-sloneczna-bluetti-b230-2048wh\\\/\",\"name\":\"Bateria s\u0142oneczna BLUETTI B230 2048Wh - MaxStrefa\",\"isPartOf\":{\"@id\":\"https:\\\/\\\/maxstrefa.com\\\/#website\"},\"primaryImageOfPage\":{\"@id\":\"https:\\\/\\\/maxstrefa.com\\\/produkt\\\/bateria-sloneczna-bluetti-b230-2048wh\\\/#primaryimage\"},\"image\":{\"@id\":\"https:\\\/\\\/maxstrefa.com\\\/produkt\\\/bateria-sloneczna-bluetti-b230-2048wh\\\/#primaryimage\"},\"thumbnailUrl\":\"https:\\\/\\\/maxstrefa.com\\\/wp-content\\\/uploads\\\/2024\\\/01\\\/Stacja-Zasilania-7_1.png\",\"datePublished\":\"2024-01-30T20:42:29+00:00\",\"dateModified\":\"2024-02-26T20:23:47+00:00\",\"breadcrumb\":{\"@id\":\"https:\\\/\\\/maxstrefa.com\\\/produkt\\\/bateria-sloneczna-bluetti-b230-2048wh\\\/#breadcrumb\"},\"inLanguage\":\"en-GB\",\"potentialAction\":[{\"@type\":\"ReadAction\",\"target\":[\"https:\\\/\\\/maxstrefa.com\\\/produkt\\\/bateria-sloneczna-bluetti-b230-2048wh\\\/\"]}]},{\"@type\":\"ImageObject\",\"inLanguage\":\"en-GB\",\"@id\":\"https:\\\/\\\/maxstrefa.com\\\/produkt\\\/bateria-sloneczna-bluetti-b230-2048wh\\\/#primaryimage\",\"url\":\"https:\\\/\\\/maxstrefa.com\\\/wp-content\\\/uploads\\\/2024\\\/01\\\/Stacja-Zasilania-7_1.png\",\"contentUrl\":\"https:\\\/\\\/maxstrefa.com\\\/wp-content\\\/uploads\\\/2024\\\/01\\\/Stacja-Zasilania-7_1.png\",\"width\":711,\"height\":480,\"caption\":\"Bateria BLUETTI B230 2048Wh\"},{\"@type\":\"BreadcrumbList\",\"@id\":\"https:\\\/\\\/maxstrefa.com\\\/produkt\\\/bateria-sloneczna-bluetti-b230-2048wh\\\/#breadcrumb\",\"itemListElement\":[{\"@type\":\"ListItem\",\"position\":1,\"name\":\"Strona g\u0142\u00f3wna\",\"item\":\"https:\\\/\\\/maxstrefa.com\\\/\"},{\"@type\":\"ListItem\",\"position\":2,\"name\":\"Sklep\",\"item\":\"https:\\\/\\\/maxstrefa.com\\\/przenosne-stacje-zasilania\\\/\"},{\"@type\":\"ListItem\",\"position\":3,\"name\":\"Bateria s\u0142oneczna BLUETTI B230 2048Wh\"}]},{\"@type\":\"WebSite\",\"@id\":\"https:\\\/\\\/maxstrefa.com\\\/#website\",\"url\":\"https:\\\/\\\/maxstrefa.com\\\/\",\"name\":\"MaxStrefa\",\"description\":\"\",\"publisher\":{\"@id\":\"https:\\\/\\\/maxstrefa.com\\\/#organization\"},\"potentialAction\":[{\"@type\":\"SearchAction\",\"target\":{\"@type\":\"EntryPoint\",\"urlTemplate\":\"https:\\\/\\\/maxstrefa.com\\\/?s={search_term_string}\"},\"query-input\":{\"@type\":\"PropertyValueSpecification\",\"valueRequired\":true,\"valueName\":\"search_term_string\"}}],\"inLanguage\":\"en-GB\"},{\"@type\":\"Organization\",\"@id\":\"https:\\\/\\\/maxstrefa.com\\\/#organization\",\"name\":\"MaxStrefa\",\"url\":\"https:\\\/\\\/maxstrefa.com\\\/\",\"logo\":{\"@type\":\"ImageObject\",\"inLanguage\":\"en-GB\",\"@id\":\"https:\\\/\\\/maxstrefa.com\\\/#\\\/schema\\\/logo\\\/image\\\/\",\"url\":\"https:\\\/\\\/maxstrefa.com\\\/wp-content\\\/uploads\\\/2025\\\/04\\\/Maxta-logo-2.jpg\",\"contentUrl\":\"https:\\\/\\\/maxstrefa.com\\\/wp-content\\\/uploads\\\/2025\\\/04\\\/Maxta-logo-2.jpg\",\"width\":2048,\"height\":996,\"caption\":\"MaxStrefa\"},\"image\":{\"@id\":\"https:\\\/\\\/maxstrefa.com\\\/#\\\/schema\\\/logo\\\/image\\\/\"}}]}<\/script>\n<!-- \/ Yoast SEO plugin. -->","yoast_head_json":{"title":"BLUETTI B230 2048Wh solar battery - MaxStrefa","robots":{"index":"index","follow":"follow","max-snippet":"max-snippet:-1","max-image-preview":"max-image-preview:large","max-video-preview":"max-video-preview:-1"},"canonical":"https:\/\/maxstrefa.com\/en\/product\/bateria-sloneczna-bluetti-b230-2048wh\/","og_locale":"en_GB","og_type":"article","og_title":"Bateria s\u0142oneczna BLUETTI B230 2048Wh - MaxStrefa","og_description":"BLUETTI B230 zaspokaja Twoje zwyk\u0142e zapotrzebowanie na energi\u0119 elektryczn\u0105 przy pojemno\u015bci 2,048 Wh i obs\u0142uguje \u0142adowanie akumulator\u00f3w s\u0142onecznych, pr\u0105du zmiennego, samochodowych i kwasowo-o\u0142owiowych, aby przechwytywa\u0107 energi\u0119 zawsze i wsz\u0119dzie. *\u0141adowanie akumulatora samochodowego i kwasowo-o\u0142owiowego wymaga \u0142adowarki D050S.","og_url":"https:\/\/maxstrefa.com\/en\/product\/bateria-sloneczna-bluetti-b230-2048wh\/","og_site_name":"MaxStrefa","article_modified_time":"2024-02-26T20:23:47+00:00","og_image":[{"width":711,"height":480,"url":"https:\/\/maxstrefa.com\/wp-content\/uploads\/2024\/01\/Stacja-Zasilania-7_1.png","type":"image\/png"}],"twitter_card":"summary_large_image","twitter_misc":{"Estimated reading time":"1 minute"},"schema":{"@context":"https:\/\/schema.org","@graph":[{"@type":"WebPage","@id":"https:\/\/maxstrefa.com\/produkt\/bateria-sloneczna-bluetti-b230-2048wh\/","url":"https:\/\/maxstrefa.com\/produkt\/bateria-sloneczna-bluetti-b230-2048wh\/","name":"BLUETTI B230 2048Wh solar battery - MaxStrefa","isPartOf":{"@id":"https:\/\/maxstrefa.com\/#website"},"primaryImageOfPage":{"@id":"https:\/\/maxstrefa.com\/produkt\/bateria-sloneczna-bluetti-b230-2048wh\/#primaryimage"},"image":{"@id":"https:\/\/maxstrefa.com\/produkt\/bateria-sloneczna-bluetti-b230-2048wh\/#primaryimage"},"thumbnailUrl":"https:\/\/maxstrefa.com\/wp-content\/uploads\/2024\/01\/Stacja-Zasilania-7_1.png","datePublished":"2024-01-30T20:42:29+00:00","dateModified":"2024-02-26T20:23:47+00:00","breadcrumb":{"@id":"https:\/\/maxstrefa.com\/produkt\/bateria-sloneczna-bluetti-b230-2048wh\/#breadcrumb"},"inLanguage":"en-GB","potentialAction":[{"@type":"ReadAction","target":["https:\/\/maxstrefa.com\/produkt\/bateria-sloneczna-bluetti-b230-2048wh\/"]}]},{"@type":"ImageObject","inLanguage":"en-GB","@id":"https:\/\/maxstrefa.com\/produkt\/bateria-sloneczna-bluetti-b230-2048wh\/#primaryimage","url":"https:\/\/maxstrefa.com\/wp-content\/uploads\/2024\/01\/Stacja-Zasilania-7_1.png","contentUrl":"https:\/\/maxstrefa.com\/wp-content\/uploads\/2024\/01\/Stacja-Zasilania-7_1.png","width":711,"height":480,"caption":"Bateria BLUETTI B230 2048Wh"},{"@type":"BreadcrumbList","@id":"https:\/\/maxstrefa.com\/produkt\/bateria-sloneczna-bluetti-b230-2048wh\/#breadcrumb","itemListElement":[{"@type":"ListItem","position":1,"name":"Strona g\u0142\u00f3wna","item":"https:\/\/maxstrefa.com\/"},{"@type":"ListItem","position":2,"name":"Sklep","item":"https:\/\/maxstrefa.com\/przenosne-stacje-zasilania\/"},{"@type":"ListItem","position":3,"name":"Bateria s\u0142oneczna BLUETTI B230 2048Wh"}]},{"@type":"WebSite","@id":"https:\/\/maxstrefa.com\/#website","url":"https:\/\/maxstrefa.com\/","name":"MaxStrefa","description":"","publisher":{"@id":"https:\/\/maxstrefa.com\/#organization"},"potentialAction":[{"@type":"SearchAction","target":{"@type":"EntryPoint","urlTemplate":"https:\/\/maxstrefa.com\/?s={search_term_string}"},"query-input":{"@type":"PropertyValueSpecification","valueRequired":true,"valueName":"search_term_string"}}],"inLanguage":"en-GB"},{"@type":"Organization","@id":"https:\/\/maxstrefa.com\/#organization","name":"MaxStrefa","url":"https:\/\/maxstrefa.com\/","logo":{"@type":"ImageObject","inLanguage":"en-GB","@id":"https:\/\/maxstrefa.com\/#\/schema\/logo\/image\/","url":"https:\/\/maxstrefa.com\/wp-content\/uploads\/2025\/04\/Maxta-logo-2.jpg","contentUrl":"https:\/\/maxstrefa.com\/wp-content\/uploads\/2025\/04\/Maxta-logo-2.jpg","width":2048,"height":996,"caption":"MaxStrefa"},"image":{"@id":"https:\/\/maxstrefa.com\/#\/schema\/logo\/image\/"}}]}},"uagb_featured_image_src":{"full":["https:\/\/maxstrefa.com\/wp-content\/uploads\/2024\/01\/Stacja-Zasilania-7_1.png",711,480,false],"thumbnail":["https:\/\/maxstrefa.com\/wp-content\/uploads\/2024\/01\/Stacja-Zasilania-7_1-150x150.png",150,150,true],"medium":["https:\/\/maxstrefa.com\/wp-content\/uploads\/2024\/01\/Stacja-Zasilania-7_1-300x203.png",300,203,true],"medium_large":["https:\/\/maxstrefa.com\/wp-content\/uploads\/2024\/01\/Stacja-Zasilania-7_1.png",711,480,false],"large":["https:\/\/maxstrefa.com\/wp-content\/uploads\/2024\/01\/Stacja-Zasilania-7_1.png",711,480,false],"1536x1536":["https:\/\/maxstrefa.com\/wp-content\/uploads\/2024\/01\/Stacja-Zasilania-7_1.png",711,480,false],"2048x2048":["https:\/\/maxstrefa.com\/wp-content\/uploads\/2024\/01\/Stacja-Zasilania-7_1.png",711,480,false],"trp-custom-language-flag":["https:\/\/maxstrefa.com\/wp-content\/uploads\/2024\/01\/Stacja-Zasilania-7_1.png",18,12,false],"woocommerce_thumbnail":["https:\/\/maxstrefa.com\/wp-content\/uploads\/2024\/01\/Stacja-Zasilania-7_1-600x405.png",600,405,true],"woocommerce_single":["https:\/\/maxstrefa.com\/wp-content\/uploads\/2024\/01\/Stacja-Zasilania-7_1-600x405.png",600,405,true],"woocommerce_gallery_thumbnail":["https:\/\/maxstrefa.com\/wp-content\/uploads\/2024\/01\/Stacja-Zasilania-7_1-100x100.png",100,100,true],"dgwt-wcas-product-suggestion":["https:\/\/maxstrefa.com\/wp-content\/uploads\/2024\/01\/Stacja-Zasilania-7_1-64x43.png",64,43,true]},"uagb_author_info":{"display_name":"romanadmin","author_link":"https:\/\/maxstrefa.com\/en\/author\/"},"uagb_comment_info":0,"uagb_excerpt":"BLUETTI B230 zaspokaja Twoje zwyk\u0142e zapotrzebowanie na energi\u0119 elektryczn\u0105 przy pojemno\u015bci 2,048 Wh i obs\u0142uguje \u0142adowanie akumulator\u00f3w s\u0142onecznych, pr\u0105du zmiennego, samochodowych i kwasowo-o\u0142owiowych, aby przechwytywa\u0107 energi\u0119 zawsze i wsz\u0119dzie. *\u0141adowanie akumulatora samochodowego i kwasowo-o\u0142owiowego wymaga \u0142adowarki D050S.","_links":{"self":[{"href":"https:\/\/maxstrefa.com\/en\/wp-json\/wp\/v2\/product\/1373","targetHints":{"allow":["GET"]}}],"collection":[{"href":"https:\/\/maxstrefa.com\/en\/wp-json\/wp\/v2\/product"}],"about":[{"href":"https:\/\/maxstrefa.com\/en\/wp-json\/wp\/v2\/types\/product"}],"wp:featuredmedia":[{"embeddable":true,"href":"https:\/\/maxstrefa.com\/en\/wp-json\/wp\/v2\/media\/1374"}],"wp:attachment":[{"href":"https:\/\/maxstrefa.com\/en\/wp-json\/wp\/v2\/media?parent=1373"}],"wp:term":[{"taxonomy":"product_brand","embeddable":true,"href":"https:\/\/maxstrefa.com\/en\/wp-json\/wp\/v2\/product_brand?post=1373"},{"taxonomy":"product_cat","embeddable":true,"href":"https:\/\/maxstrefa.com\/en\/wp-json\/wp\/v2\/product_cat?post=1373"},{"taxonomy":"product_tag","embeddable":true,"href":"https:\/\/maxstrefa.com\/en\/wp-json\/wp\/v2\/product_tag?post=1373"}],"curies":[{"name":"wp","href":"https:\/\/api.w.org\/{rel}","templated":true}]}}