{"id":1362,"date":"2024-01-30T20:37:27","date_gmt":"2024-01-30T19:37:27","guid":{"rendered":"https:\/\/maxstrefa.com\/?post_type=product&#038;p=1362"},"modified":"2024-02-03T21:37:12","modified_gmt":"2024-02-03T20:37:12","slug":"agregaty-pradotworcze-bluetti-ac60-600w-403wh","status":"publish","type":"product","link":"https:\/\/maxstrefa.com\/en\/product\/agregaty-pradotworcze-bluetti-ac60-600w-403wh\/","title":{"rendered":"BLUETTI AC60 600W\/403Wh power generators"},"content":{"rendered":"<p><strong>Small but mighty<\/strong><\/p>\n<p>Using industry-leading Power Lifting technology*, the AC60 can deliver up to 1200W from a 600W inverter to power high-power resistive appliances such as hair dryers and grills. With 7 universal sockets, it can power a range of devices at the right time, such as ice makers, refrigerators, electric blankets, phones, laptops and more. Just enjoy the outdoors with the comforts of home.<\/p>\n<p>* Power Lifting technology enables operation of resistive devices with power below 1200 W<\/p>\n<p><strong>Flexible capacity for a longer stay<\/strong><\/p>\n<p>The AC60 packs 403Wh of power into the safest LiFePO4 battery, with over 3,000 cycles before reaching 80%. It can be paired with two additional B80 batteries (each 806 Wh) for a total of 2,015 Wh - enough power for short trips or long periods off the grid. Find out more about B80 here.<\/p>\n<p><strong>Multiple charging ways<\/strong><\/p>\n<p>In addition to fast wall charging, the AC60 supports charging solar, automotive and lead-acid batteries. With a choice of charging methods, the AC60 is always fully charged whenever you need it.<\/p>","protected":false},"excerpt":{"rendered":"<h2>AC60 waterproof solar generator<\/h2>\n<p>BLUETTI AC60 has been made with significant improvements in features and capabilities, such as IP65 rating for protection against water and dust, quiet operation &lt;45dB, expandable capacity up to 2015 Wh and more. It&#039;s the perfect powerplant for outdoor adventures and home emergency backups.<\/p>","protected":false},"featured_media":1469,"template":"","meta":{"_eb_attr":"","_uag_custom_page_level_css":"","site-sidebar-layout":"default","site-content-layout":"","ast-site-content-layout":"default","site-content-style":"default","site-sidebar-style":"default","ast-global-header-display":"","ast-banner-title-visibility":"","ast-main-header-display":"","ast-hfb-above-header-display":"","ast-hfb-below-header-display":"","ast-hfb-mobile-header-display":"","site-post-title":"","ast-breadcrumbs-content":"","ast-featured-img":"","footer-sml-layout":"","theme-transparent-header-meta":"default","adv-header-id-meta":"","stick-header-meta":"","header-above-stick-meta":"","header-main-stick-meta":"","header-below-stick-meta":"","astra-migrate-meta-layouts":"set","ast-page-background-enabled":"default","ast-page-background-meta":{"desktop":{"background-color":"var(--ast-global-color-4)","background-image":"","background-repeat":"repeat","background-position":"center center","background-size":"auto","background-attachment":"scroll","background-type":"","background-media":"","overlay-type":"","overlay-color":"","overlay-opacity":"","overlay-gradient":""},"tablet":{"background-color":"","background-image":"","background-repeat":"repeat","background-position":"center center","background-size":"auto","background-attachment":"scroll","background-type":"","background-media":"","overlay-type":"","overlay-color":"","overlay-opacity":"","overlay-gradient":""},"mobile":{"background-color":"","background-image":"","background-repeat":"repeat","background-position":"center center","background-size":"auto","background-attachment":"scroll","background-type":"","background-media":"","overlay-type":"","overlay-color":"","overlay-opacity":"","overlay-gradient":""}},"ast-content-background-meta":{"desktop":{"background-color":"var(--ast-global-color-5)","background-image":"","background-repeat":"repeat","background-position":"center center","background-size":"auto","background-attachment":"scroll","background-type":"","background-media":"","overlay-type":"","overlay-color":"","overlay-opacity":"","overlay-gradient":""},"tablet":{"background-color":"var(--ast-global-color-5)","background-image":"","background-repeat":"repeat","background-position":"center center","background-size":"auto","background-attachment":"scroll","background-type":"","background-media":"","overlay-type":"","overlay-color":"","overlay-opacity":"","overlay-gradient":""},"mobile":{"background-color":"var(--ast-global-color-5)","background-image":"","background-repeat":"repeat","background-position":"center center","background-size":"auto","background-attachment":"scroll","background-type":"","background-media":"","overlay-type":"","overlay-color":"","overlay-opacity":"","overlay-gradient":""}},"_themeisle_gutenberg_block_has_review":false},"product_brand":[],"product_cat":[22],"product_tag":[21,20,19],"class_list":{"0":"post-1362","1":"product","2":"type-product","3":"status-publish","4":"has-post-thumbnail","6":"product_cat-stacje-zasilania","7":"product_tag-bluetti","8":"product_tag-generator","9":"product_tag-stacja-zasilania","10":"desktop-align-center","11":"tablet-align-left","12":"mobile-align-left","14":"first","15":"instock","16":"downloadable","17":"shipping-taxable","18":"purchasable","19":"product-type-simple"},"yoast_head":"<!-- This site is optimized with the Yoast SEO plugin v27.4 - https:\/\/yoast.com\/product\/yoast-seo-wordpress\/ -->\n<title>Agregaty pr\u0105dotw\u00f3rcze BLUETTI AC60 600W\/403Wh - MaxStrefa<\/title>\n<meta name=\"robots\" content=\"index, follow, max-snippet:-1, max-image-preview:large, max-video-preview:-1\" \/>\n<link rel=\"canonical\" href=\"https:\/\/maxstrefa.com\/en\/product\/agregaty-pradotworcze-bluetti-ac60-600w-403wh\/\" \/>\n<meta property=\"og:locale\" content=\"en_GB\" \/>\n<meta property=\"og:type\" content=\"article\" \/>\n<meta property=\"og:title\" content=\"Agregaty pr\u0105dotw\u00f3rcze BLUETTI AC60 600W\/403Wh - MaxStrefa\" \/>\n<meta property=\"og:description\" content=\"Wodoodporny generator s\u0142oneczny AC60 BLUETTI AC60 zosta\u0142 wykonany ze znacznymi ulepszeniami w zakresie funkcji i mo\u017cliwo\u015bci, takimi jak stopie\u0144 ochrony IP65 dla ochrony przed wod\u0105 i py\u0142em, cicha praca &lt;45dB, mo\u017cliwo\u015b\u0107 rozszerzenia pojemno\u015bci do 2015 Wh i wi\u0119cej. To idealna jednostka nap\u0119dowa do przyg\u00f3d na \u015bwie\u017cym powietrzu i awaryjnego tworzenia kopii zapasowych w domu.\" \/>\n<meta property=\"og:url\" content=\"https:\/\/maxstrefa.com\/en\/product\/agregaty-pradotworcze-bluetti-ac60-600w-403wh\/\" \/>\n<meta property=\"og:site_name\" content=\"MaxStrefa\" \/>\n<meta property=\"article:modified_time\" content=\"2024-02-03T20:37:12+00:00\" \/>\n<meta property=\"og:image\" content=\"https:\/\/maxstrefa.com\/wp-content\/uploads\/2024\/02\/Stacja-Zasilania-4_1.png\" \/>\n\t<meta property=\"og:image:width\" content=\"612\" \/>\n\t<meta property=\"og:image:height\" content=\"480\" \/>\n\t<meta property=\"og:image:type\" content=\"image\/png\" \/>\n<meta name=\"twitter:card\" content=\"summary_large_image\" \/>\n<meta name=\"twitter:label1\" content=\"Estimated reading time\" \/>\n\t<meta name=\"twitter:data1\" content=\"1 minute\" \/>\n<script type=\"application\/ld+json\" class=\"yoast-schema-graph\">{\"@context\":\"https:\\\/\\\/schema.org\",\"@graph\":[{\"@type\":\"WebPage\",\"@id\":\"https:\\\/\\\/maxstrefa.com\\\/produkt\\\/agregaty-pradotworcze-bluetti-ac60-600w-403wh\\\/\",\"url\":\"https:\\\/\\\/maxstrefa.com\\\/produkt\\\/agregaty-pradotworcze-bluetti-ac60-600w-403wh\\\/\",\"name\":\"Agregaty pr\u0105dotw\u00f3rcze BLUETTI AC60 600W\\\/403Wh - MaxStrefa\",\"isPartOf\":{\"@id\":\"https:\\\/\\\/maxstrefa.com\\\/#website\"},\"primaryImageOfPage\":{\"@id\":\"https:\\\/\\\/maxstrefa.com\\\/produkt\\\/agregaty-pradotworcze-bluetti-ac60-600w-403wh\\\/#primaryimage\"},\"image\":{\"@id\":\"https:\\\/\\\/maxstrefa.com\\\/produkt\\\/agregaty-pradotworcze-bluetti-ac60-600w-403wh\\\/#primaryimage\"},\"thumbnailUrl\":\"https:\\\/\\\/maxstrefa.com\\\/wp-content\\\/uploads\\\/2024\\\/02\\\/Stacja-Zasilania-4_1.png\",\"datePublished\":\"2024-01-30T19:37:27+00:00\",\"dateModified\":\"2024-02-03T20:37:12+00:00\",\"breadcrumb\":{\"@id\":\"https:\\\/\\\/maxstrefa.com\\\/produkt\\\/agregaty-pradotworcze-bluetti-ac60-600w-403wh\\\/#breadcrumb\"},\"inLanguage\":\"en-GB\",\"potentialAction\":[{\"@type\":\"ReadAction\",\"target\":[\"https:\\\/\\\/maxstrefa.com\\\/produkt\\\/agregaty-pradotworcze-bluetti-ac60-600w-403wh\\\/\"]}]},{\"@type\":\"ImageObject\",\"inLanguage\":\"en-GB\",\"@id\":\"https:\\\/\\\/maxstrefa.com\\\/produkt\\\/agregaty-pradotworcze-bluetti-ac60-600w-403wh\\\/#primaryimage\",\"url\":\"https:\\\/\\\/maxstrefa.com\\\/wp-content\\\/uploads\\\/2024\\\/02\\\/Stacja-Zasilania-4_1.png\",\"contentUrl\":\"https:\\\/\\\/maxstrefa.com\\\/wp-content\\\/uploads\\\/2024\\\/02\\\/Stacja-Zasilania-4_1.png\",\"width\":612,\"height\":480,\"caption\":\"Agregaty pr\u0105dotw\u00f3rcze BLUETTI AC60\"},{\"@type\":\"BreadcrumbList\",\"@id\":\"https:\\\/\\\/maxstrefa.com\\\/produkt\\\/agregaty-pradotworcze-bluetti-ac60-600w-403wh\\\/#breadcrumb\",\"itemListElement\":[{\"@type\":\"ListItem\",\"position\":1,\"name\":\"Strona g\u0142\u00f3wna\",\"item\":\"https:\\\/\\\/maxstrefa.com\\\/\"},{\"@type\":\"ListItem\",\"position\":2,\"name\":\"Sklep\",\"item\":\"https:\\\/\\\/maxstrefa.com\\\/przenosne-stacje-zasilania\\\/\"},{\"@type\":\"ListItem\",\"position\":3,\"name\":\"Agregaty pr\u0105dotw\u00f3rcze BLUETTI AC60 600W\\\/403Wh\"}]},{\"@type\":\"WebSite\",\"@id\":\"https:\\\/\\\/maxstrefa.com\\\/#website\",\"url\":\"https:\\\/\\\/maxstrefa.com\\\/\",\"name\":\"MaxStrefa\",\"description\":\"\",\"publisher\":{\"@id\":\"https:\\\/\\\/maxstrefa.com\\\/#organization\"},\"potentialAction\":[{\"@type\":\"SearchAction\",\"target\":{\"@type\":\"EntryPoint\",\"urlTemplate\":\"https:\\\/\\\/maxstrefa.com\\\/?s={search_term_string}\"},\"query-input\":{\"@type\":\"PropertyValueSpecification\",\"valueRequired\":true,\"valueName\":\"search_term_string\"}}],\"inLanguage\":\"en-GB\"},{\"@type\":\"Organization\",\"@id\":\"https:\\\/\\\/maxstrefa.com\\\/#organization\",\"name\":\"MaxStrefa\",\"url\":\"https:\\\/\\\/maxstrefa.com\\\/\",\"logo\":{\"@type\":\"ImageObject\",\"inLanguage\":\"en-GB\",\"@id\":\"https:\\\/\\\/maxstrefa.com\\\/#\\\/schema\\\/logo\\\/image\\\/\",\"url\":\"https:\\\/\\\/maxstrefa.com\\\/wp-content\\\/uploads\\\/2025\\\/04\\\/Maxta-logo-2.jpg\",\"contentUrl\":\"https:\\\/\\\/maxstrefa.com\\\/wp-content\\\/uploads\\\/2025\\\/04\\\/Maxta-logo-2.jpg\",\"width\":2048,\"height\":996,\"caption\":\"MaxStrefa\"},\"image\":{\"@id\":\"https:\\\/\\\/maxstrefa.com\\\/#\\\/schema\\\/logo\\\/image\\\/\"}}]}<\/script>\n<!-- \/ Yoast SEO plugin. -->","yoast_head_json":{"title":"BLUETTI AC60 600W\/403Wh power generators - MaxStrefa","robots":{"index":"index","follow":"follow","max-snippet":"max-snippet:-1","max-image-preview":"max-image-preview:large","max-video-preview":"max-video-preview:-1"},"canonical":"https:\/\/maxstrefa.com\/en\/product\/agregaty-pradotworcze-bluetti-ac60-600w-403wh\/","og_locale":"en_GB","og_type":"article","og_title":"Agregaty pr\u0105dotw\u00f3rcze BLUETTI AC60 600W\/403Wh - MaxStrefa","og_description":"Wodoodporny generator s\u0142oneczny AC60 BLUETTI AC60 zosta\u0142 wykonany ze znacznymi ulepszeniami w zakresie funkcji i mo\u017cliwo\u015bci, takimi jak stopie\u0144 ochrony IP65 dla ochrony przed wod\u0105 i py\u0142em, cicha praca &lt;45dB, mo\u017cliwo\u015b\u0107 rozszerzenia pojemno\u015bci do 2015 Wh i wi\u0119cej. To idealna jednostka nap\u0119dowa do przyg\u00f3d na \u015bwie\u017cym powietrzu i awaryjnego tworzenia kopii zapasowych w domu.","og_url":"https:\/\/maxstrefa.com\/en\/product\/agregaty-pradotworcze-bluetti-ac60-600w-403wh\/","og_site_name":"MaxStrefa","article_modified_time":"2024-02-03T20:37:12+00:00","og_image":[{"width":612,"height":480,"url":"https:\/\/maxstrefa.com\/wp-content\/uploads\/2024\/02\/Stacja-Zasilania-4_1.png","type":"image\/png"}],"twitter_card":"summary_large_image","twitter_misc":{"Estimated reading time":"1 minute"},"schema":{"@context":"https:\/\/schema.org","@graph":[{"@type":"WebPage","@id":"https:\/\/maxstrefa.com\/produkt\/agregaty-pradotworcze-bluetti-ac60-600w-403wh\/","url":"https:\/\/maxstrefa.com\/produkt\/agregaty-pradotworcze-bluetti-ac60-600w-403wh\/","name":"BLUETTI AC60 600W\/403Wh power generators - MaxStrefa","isPartOf":{"@id":"https:\/\/maxstrefa.com\/#website"},"primaryImageOfPage":{"@id":"https:\/\/maxstrefa.com\/produkt\/agregaty-pradotworcze-bluetti-ac60-600w-403wh\/#primaryimage"},"image":{"@id":"https:\/\/maxstrefa.com\/produkt\/agregaty-pradotworcze-bluetti-ac60-600w-403wh\/#primaryimage"},"thumbnailUrl":"https:\/\/maxstrefa.com\/wp-content\/uploads\/2024\/02\/Stacja-Zasilania-4_1.png","datePublished":"2024-01-30T19:37:27+00:00","dateModified":"2024-02-03T20:37:12+00:00","breadcrumb":{"@id":"https:\/\/maxstrefa.com\/produkt\/agregaty-pradotworcze-bluetti-ac60-600w-403wh\/#breadcrumb"},"inLanguage":"en-GB","potentialAction":[{"@type":"ReadAction","target":["https:\/\/maxstrefa.com\/produkt\/agregaty-pradotworcze-bluetti-ac60-600w-403wh\/"]}]},{"@type":"ImageObject","inLanguage":"en-GB","@id":"https:\/\/maxstrefa.com\/produkt\/agregaty-pradotworcze-bluetti-ac60-600w-403wh\/#primaryimage","url":"https:\/\/maxstrefa.com\/wp-content\/uploads\/2024\/02\/Stacja-Zasilania-4_1.png","contentUrl":"https:\/\/maxstrefa.com\/wp-content\/uploads\/2024\/02\/Stacja-Zasilania-4_1.png","width":612,"height":480,"caption":"Agregaty pr\u0105dotw\u00f3rcze BLUETTI AC60"},{"@type":"BreadcrumbList","@id":"https:\/\/maxstrefa.com\/produkt\/agregaty-pradotworcze-bluetti-ac60-600w-403wh\/#breadcrumb","itemListElement":[{"@type":"ListItem","position":1,"name":"Strona g\u0142\u00f3wna","item":"https:\/\/maxstrefa.com\/"},{"@type":"ListItem","position":2,"name":"Sklep","item":"https:\/\/maxstrefa.com\/przenosne-stacje-zasilania\/"},{"@type":"ListItem","position":3,"name":"Agregaty pr\u0105dotw\u00f3rcze BLUETTI AC60 600W\/403Wh"}]},{"@type":"WebSite","@id":"https:\/\/maxstrefa.com\/#website","url":"https:\/\/maxstrefa.com\/","name":"MaxStrefa","description":"","publisher":{"@id":"https:\/\/maxstrefa.com\/#organization"},"potentialAction":[{"@type":"SearchAction","target":{"@type":"EntryPoint","urlTemplate":"https:\/\/maxstrefa.com\/?s={search_term_string}"},"query-input":{"@type":"PropertyValueSpecification","valueRequired":true,"valueName":"search_term_string"}}],"inLanguage":"en-GB"},{"@type":"Organization","@id":"https:\/\/maxstrefa.com\/#organization","name":"MaxStrefa","url":"https:\/\/maxstrefa.com\/","logo":{"@type":"ImageObject","inLanguage":"en-GB","@id":"https:\/\/maxstrefa.com\/#\/schema\/logo\/image\/","url":"https:\/\/maxstrefa.com\/wp-content\/uploads\/2025\/04\/Maxta-logo-2.jpg","contentUrl":"https:\/\/maxstrefa.com\/wp-content\/uploads\/2025\/04\/Maxta-logo-2.jpg","width":2048,"height":996,"caption":"MaxStrefa"},"image":{"@id":"https:\/\/maxstrefa.com\/#\/schema\/logo\/image\/"}}]}},"uagb_featured_image_src":{"full":["https:\/\/maxstrefa.com\/wp-content\/uploads\/2024\/02\/Stacja-Zasilania-4_1.png",612,480,false],"thumbnail":["https:\/\/maxstrefa.com\/wp-content\/uploads\/2024\/02\/Stacja-Zasilania-4_1-150x150.png",150,150,true],"medium":["https:\/\/maxstrefa.com\/wp-content\/uploads\/2024\/02\/Stacja-Zasilania-4_1-300x235.png",300,235,true],"medium_large":["https:\/\/maxstrefa.com\/wp-content\/uploads\/2024\/02\/Stacja-Zasilania-4_1.png",612,480,false],"large":["https:\/\/maxstrefa.com\/wp-content\/uploads\/2024\/02\/Stacja-Zasilania-4_1.png",612,480,false],"1536x1536":["https:\/\/maxstrefa.com\/wp-content\/uploads\/2024\/02\/Stacja-Zasilania-4_1.png",612,480,false],"2048x2048":["https:\/\/maxstrefa.com\/wp-content\/uploads\/2024\/02\/Stacja-Zasilania-4_1.png",612,480,false],"trp-custom-language-flag":["https:\/\/maxstrefa.com\/wp-content\/uploads\/2024\/02\/Stacja-Zasilania-4_1.png",15,12,false],"woocommerce_thumbnail":["https:\/\/maxstrefa.com\/wp-content\/uploads\/2024\/02\/Stacja-Zasilania-4_1-600x471.png",600,471,true],"woocommerce_single":["https:\/\/maxstrefa.com\/wp-content\/uploads\/2024\/02\/Stacja-Zasilania-4_1-600x471.png",600,471,true],"woocommerce_gallery_thumbnail":["https:\/\/maxstrefa.com\/wp-content\/uploads\/2024\/02\/Stacja-Zasilania-4_1-100x100.png",100,100,true],"dgwt-wcas-product-suggestion":["https:\/\/maxstrefa.com\/wp-content\/uploads\/2024\/02\/Stacja-Zasilania-4_1-64x50.png",64,50,true]},"uagb_author_info":{"display_name":"romanadmin","author_link":"https:\/\/maxstrefa.com\/en\/author\/"},"uagb_comment_info":0,"uagb_excerpt":"Wodoodporny generator s\u0142oneczny AC60 BLUETTI AC60 zosta\u0142 wykonany ze znacznymi ulepszeniami w zakresie funkcji i mo\u017cliwo\u015bci, takimi jak stopie\u0144 ochrony IP65 dla ochrony przed wod\u0105 i py\u0142em, cicha praca &lt;45dB, mo\u017cliwo\u015b\u0107 rozszerzenia pojemno\u015bci do 2015 Wh i wi\u0119cej. To idealna jednostka nap\u0119dowa do przyg\u00f3d na \u015bwie\u017cym powietrzu i awaryjnego tworzenia kopii zapasowych w domu.","_links":{"self":[{"href":"https:\/\/maxstrefa.com\/en\/wp-json\/wp\/v2\/product\/1362","targetHints":{"allow":["GET"]}}],"collection":[{"href":"https:\/\/maxstrefa.com\/en\/wp-json\/wp\/v2\/product"}],"about":[{"href":"https:\/\/maxstrefa.com\/en\/wp-json\/wp\/v2\/types\/product"}],"wp:featuredmedia":[{"embeddable":true,"href":"https:\/\/maxstrefa.com\/en\/wp-json\/wp\/v2\/media\/1469"}],"wp:attachment":[{"href":"https:\/\/maxstrefa.com\/en\/wp-json\/wp\/v2\/media?parent=1362"}],"wp:term":[{"taxonomy":"product_brand","embeddable":true,"href":"https:\/\/maxstrefa.com\/en\/wp-json\/wp\/v2\/product_brand?post=1362"},{"taxonomy":"product_cat","embeddable":true,"href":"https:\/\/maxstrefa.com\/en\/wp-json\/wp\/v2\/product_cat?post=1362"},{"taxonomy":"product_tag","embeddable":true,"href":"https:\/\/maxstrefa.com\/en\/wp-json\/wp\/v2\/product_tag?post=1362"}],"curies":[{"name":"wp","href":"https:\/\/api.w.org\/{rel}","templated":true}]}}