{"id":1201,"date":"2024-01-25T20:17:48","date_gmt":"2024-01-25T19:17:48","guid":{"rendered":"https:\/\/maxstrefa.com\/?post_type=product&#038;p=1201"},"modified":"2024-02-03T21:59:06","modified_gmt":"2024-02-03T20:59:06","slug":"przenosna-elektrownia-bluetti-ac70-lifepo4-768wh","status":"publish","type":"product","link":"https:\/\/maxstrefa.com\/en\/product\/przenosna-elektrownia-bluetti-ac70-lifepo4-768wh\/","title":{"rendered":"BLUETTI AC70 LiFePO4 768Wh portable power station"},"content":{"rendered":"<p><b>More power, more possibilities<\/b><\/p>\n<p>768 Wh capacity, 1000 W inverter and 2000 W power supply. This station is an alternative source of power for all devices and appliances while traveling.<\/p>\n<p>The BLUETTI AC70 offers 1000 continuous power with multiple sockets for different devices simultaneously. After turning on the power* in the BLUETTI application, you can power off energy-consuming devices such as socket dryers, electric kettles, electric blankets, heaters, etc.<\/p>\n<p><b>With 7 sockets, it can power a range of devices such as ice makers, refrigerators, electric blankets, phones, laptops and more.<\/b>\u00a0<b>Just enjoy clean air and comfort.<\/b><\/p>\n<ul>\n<li>AC output: 2\u00d7230V\/4.3A, total 1,000W<\/li>\n<li>Inverter type: Pure sine wave<\/li>\n<li>Impact power: 2,000W<\/li>\n<li>USB-C port: 2 x 100 W max.<\/li>\n<li>USB-A port: 2 \u00d7 5VDC\/2.4A total 12W<\/li>\n<li>12V DC sockets: 1 \u00d7 12V\/10A (car socket, adjustable)<\/li>\n<\/ul>\n<p><b>Power without limits, travel without worries<\/b><\/p>\n<p>AC70 allows up to 500W of solar power, effectively replenishing it within 2 hours. You don&#039;t have to worry about the battery running out as long as the sun is shining. * Actual input power may vary due to conditions, RF radiation, direction of operation, temperature and other factors.<\/p>\n<p><b>Power Bank mode shared externally<\/b><\/p>\n<p>The AC70 works perfectly with the B80 (806 Wh), B230 (2048 Wh) or B300 (3072 Wh) expansion batteries, with the ability to provide continuous power for growing needs.<\/p>","protected":false},"excerpt":{"rendered":"<p>BLUETTI AC70 portable power station, LiFePO4 768Wh solar generator with 2 AC outputs 1000W (Power Lifting 2000W), 100W Type-C, fast charging 45 min. from 0-80%, for travel, camping.<\/p>","protected":false},"featured_media":1470,"template":"","meta":{"_eb_attr":"","_uag_custom_page_level_css":"","site-sidebar-layout":"default","site-content-layout":"","ast-site-content-layout":"default","site-content-style":"default","site-sidebar-style":"default","ast-global-header-display":"","ast-banner-title-visibility":"","ast-main-header-display":"","ast-hfb-above-header-display":"","ast-hfb-below-header-display":"","ast-hfb-mobile-header-display":"","site-post-title":"","ast-breadcrumbs-content":"","ast-featured-img":"","footer-sml-layout":"","theme-transparent-header-meta":"default","adv-header-id-meta":"","stick-header-meta":"","header-above-stick-meta":"","header-main-stick-meta":"","header-below-stick-meta":"","astra-migrate-meta-layouts":"set","ast-page-background-enabled":"default","ast-page-background-meta":{"desktop":{"background-color":"var(--ast-global-color-4)","background-image":"","background-repeat":"repeat","background-position":"center center","background-size":"auto","background-attachment":"scroll","background-type":"","background-media":"","overlay-type":"","overlay-color":"","overlay-opacity":"","overlay-gradient":""},"tablet":{"background-color":"","background-image":"","background-repeat":"repeat","background-position":"center center","background-size":"auto","background-attachment":"scroll","background-type":"","background-media":"","overlay-type":"","overlay-color":"","overlay-opacity":"","overlay-gradient":""},"mobile":{"background-color":"","background-image":"","background-repeat":"repeat","background-position":"center center","background-size":"auto","background-attachment":"scroll","background-type":"","background-media":"","overlay-type":"","overlay-color":"","overlay-opacity":"","overlay-gradient":""}},"ast-content-background-meta":{"desktop":{"background-color":"var(--ast-global-color-5)","background-image":"","background-repeat":"repeat","background-position":"center center","background-size":"auto","background-attachment":"scroll","background-type":"","background-media":"","overlay-type":"","overlay-color":"","overlay-opacity":"","overlay-gradient":""},"tablet":{"background-color":"var(--ast-global-color-5)","background-image":"","background-repeat":"repeat","background-position":"center center","background-size":"auto","background-attachment":"scroll","background-type":"","background-media":"","overlay-type":"","overlay-color":"","overlay-opacity":"","overlay-gradient":""},"mobile":{"background-color":"var(--ast-global-color-5)","background-image":"","background-repeat":"repeat","background-position":"center center","background-size":"auto","background-attachment":"scroll","background-type":"","background-media":"","overlay-type":"","overlay-color":"","overlay-opacity":"","overlay-gradient":""}},"_themeisle_gutenberg_block_has_review":false},"product_brand":[],"product_cat":[22],"product_tag":[21,20,19],"class_list":{"0":"post-1201","1":"product","2":"type-product","3":"status-publish","4":"has-post-thumbnail","6":"product_cat-stacje-zasilania","7":"product_tag-bluetti","8":"product_tag-generator","9":"product_tag-stacja-zasilania","10":"desktop-align-center","11":"tablet-align-left","12":"mobile-align-left","14":"first","15":"instock","16":"downloadable","17":"shipping-taxable","18":"purchasable","19":"product-type-simple"},"yoast_head":"<!-- This site is optimized with the Yoast SEO plugin v27.4 - https:\/\/yoast.com\/product\/yoast-seo-wordpress\/ -->\n<title>Przeno\u015bna elektrownia BLUETTI AC70 LiFePO4 768Wh - MaxStrefa<\/title>\n<meta name=\"robots\" content=\"index, follow, max-snippet:-1, max-image-preview:large, max-video-preview:-1\" \/>\n<link rel=\"canonical\" href=\"https:\/\/maxstrefa.com\/en\/product\/przenosna-elektrownia-bluetti-ac70-lifepo4-768wh\/\" \/>\n<meta property=\"og:locale\" content=\"en_GB\" \/>\n<meta property=\"og:type\" content=\"article\" \/>\n<meta property=\"og:title\" content=\"Przeno\u015bna elektrownia BLUETTI AC70 LiFePO4 768Wh - MaxStrefa\" \/>\n<meta property=\"og:description\" content=\"Przeno\u015bna elektrownia BLUETTI AC70, generator solarny LiFePO4 768Wh z 2 wyj\u015bciami AC 1000W (Power Lifting 2000W), 100W Type-C, szybkie \u0142adowanie 45 min. od 0-80%, do podr\u00f3\u017cy, kempingu.\" \/>\n<meta property=\"og:url\" content=\"https:\/\/maxstrefa.com\/en\/product\/przenosna-elektrownia-bluetti-ac70-lifepo4-768wh\/\" \/>\n<meta property=\"og:site_name\" content=\"MaxStrefa\" \/>\n<meta property=\"article:modified_time\" content=\"2024-02-03T20:59:06+00:00\" \/>\n<meta property=\"og:image\" content=\"https:\/\/maxstrefa.com\/wp-content\/uploads\/2024\/01\/Stacje-Zasilania-2_1-1.png\" \/>\n\t<meta property=\"og:image:width\" content=\"611\" \/>\n\t<meta property=\"og:image:height\" content=\"480\" \/>\n\t<meta property=\"og:image:type\" content=\"image\/png\" \/>\n<meta name=\"twitter:card\" content=\"summary_large_image\" \/>\n<meta name=\"twitter:label1\" content=\"Estimated reading time\" \/>\n\t<meta name=\"twitter:data1\" content=\"1 minute\" \/>\n<script type=\"application\/ld+json\" class=\"yoast-schema-graph\">{\"@context\":\"https:\\\/\\\/schema.org\",\"@graph\":[{\"@type\":\"WebPage\",\"@id\":\"https:\\\/\\\/maxstrefa.com\\\/produkt\\\/przenosna-elektrownia-bluetti-ac70-lifepo4-768wh\\\/\",\"url\":\"https:\\\/\\\/maxstrefa.com\\\/produkt\\\/przenosna-elektrownia-bluetti-ac70-lifepo4-768wh\\\/\",\"name\":\"Przeno\u015bna elektrownia BLUETTI AC70 LiFePO4 768Wh - MaxStrefa\",\"isPartOf\":{\"@id\":\"https:\\\/\\\/maxstrefa.com\\\/#website\"},\"primaryImageOfPage\":{\"@id\":\"https:\\\/\\\/maxstrefa.com\\\/produkt\\\/przenosna-elektrownia-bluetti-ac70-lifepo4-768wh\\\/#primaryimage\"},\"image\":{\"@id\":\"https:\\\/\\\/maxstrefa.com\\\/produkt\\\/przenosna-elektrownia-bluetti-ac70-lifepo4-768wh\\\/#primaryimage\"},\"thumbnailUrl\":\"https:\\\/\\\/maxstrefa.com\\\/wp-content\\\/uploads\\\/2024\\\/01\\\/Stacje-Zasilania-2_1-1.png\",\"datePublished\":\"2024-01-25T19:17:48+00:00\",\"dateModified\":\"2024-02-03T20:59:06+00:00\",\"breadcrumb\":{\"@id\":\"https:\\\/\\\/maxstrefa.com\\\/produkt\\\/przenosna-elektrownia-bluetti-ac70-lifepo4-768wh\\\/#breadcrumb\"},\"inLanguage\":\"en-GB\",\"potentialAction\":[{\"@type\":\"ReadAction\",\"target\":[\"https:\\\/\\\/maxstrefa.com\\\/produkt\\\/przenosna-elektrownia-bluetti-ac70-lifepo4-768wh\\\/\"]}]},{\"@type\":\"ImageObject\",\"inLanguage\":\"en-GB\",\"@id\":\"https:\\\/\\\/maxstrefa.com\\\/produkt\\\/przenosna-elektrownia-bluetti-ac70-lifepo4-768wh\\\/#primaryimage\",\"url\":\"https:\\\/\\\/maxstrefa.com\\\/wp-content\\\/uploads\\\/2024\\\/01\\\/Stacje-Zasilania-2_1-1.png\",\"contentUrl\":\"https:\\\/\\\/maxstrefa.com\\\/wp-content\\\/uploads\\\/2024\\\/01\\\/Stacje-Zasilania-2_1-1.png\",\"width\":611,\"height\":480,\"caption\":\"Przeno\u015bna elektrownia BLUETTI AC70\"},{\"@type\":\"BreadcrumbList\",\"@id\":\"https:\\\/\\\/maxstrefa.com\\\/produkt\\\/przenosna-elektrownia-bluetti-ac70-lifepo4-768wh\\\/#breadcrumb\",\"itemListElement\":[{\"@type\":\"ListItem\",\"position\":1,\"name\":\"Strona g\u0142\u00f3wna\",\"item\":\"https:\\\/\\\/maxstrefa.com\\\/\"},{\"@type\":\"ListItem\",\"position\":2,\"name\":\"Sklep\",\"item\":\"https:\\\/\\\/maxstrefa.com\\\/przenosne-stacje-zasilania\\\/\"},{\"@type\":\"ListItem\",\"position\":3,\"name\":\"Przeno\u015bna elektrownia BLUETTI AC70 LiFePO4 768Wh\"}]},{\"@type\":\"WebSite\",\"@id\":\"https:\\\/\\\/maxstrefa.com\\\/#website\",\"url\":\"https:\\\/\\\/maxstrefa.com\\\/\",\"name\":\"MaxStrefa\",\"description\":\"\",\"publisher\":{\"@id\":\"https:\\\/\\\/maxstrefa.com\\\/#organization\"},\"potentialAction\":[{\"@type\":\"SearchAction\",\"target\":{\"@type\":\"EntryPoint\",\"urlTemplate\":\"https:\\\/\\\/maxstrefa.com\\\/?s={search_term_string}\"},\"query-input\":{\"@type\":\"PropertyValueSpecification\",\"valueRequired\":true,\"valueName\":\"search_term_string\"}}],\"inLanguage\":\"en-GB\"},{\"@type\":\"Organization\",\"@id\":\"https:\\\/\\\/maxstrefa.com\\\/#organization\",\"name\":\"MaxStrefa\",\"url\":\"https:\\\/\\\/maxstrefa.com\\\/\",\"logo\":{\"@type\":\"ImageObject\",\"inLanguage\":\"en-GB\",\"@id\":\"https:\\\/\\\/maxstrefa.com\\\/#\\\/schema\\\/logo\\\/image\\\/\",\"url\":\"https:\\\/\\\/maxstrefa.com\\\/wp-content\\\/uploads\\\/2025\\\/04\\\/Maxta-logo-2.jpg\",\"contentUrl\":\"https:\\\/\\\/maxstrefa.com\\\/wp-content\\\/uploads\\\/2025\\\/04\\\/Maxta-logo-2.jpg\",\"width\":2048,\"height\":996,\"caption\":\"MaxStrefa\"},\"image\":{\"@id\":\"https:\\\/\\\/maxstrefa.com\\\/#\\\/schema\\\/logo\\\/image\\\/\"}}]}<\/script>\n<!-- \/ Yoast SEO plugin. -->","yoast_head_json":{"title":"BLUETTI AC70 LiFePO4 768Wh portable power station - MaxStrefa","robots":{"index":"index","follow":"follow","max-snippet":"max-snippet:-1","max-image-preview":"max-image-preview:large","max-video-preview":"max-video-preview:-1"},"canonical":"https:\/\/maxstrefa.com\/en\/product\/przenosna-elektrownia-bluetti-ac70-lifepo4-768wh\/","og_locale":"en_GB","og_type":"article","og_title":"Przeno\u015bna elektrownia BLUETTI AC70 LiFePO4 768Wh - MaxStrefa","og_description":"Przeno\u015bna elektrownia BLUETTI AC70, generator solarny LiFePO4 768Wh z 2 wyj\u015bciami AC 1000W (Power Lifting 2000W), 100W Type-C, szybkie \u0142adowanie 45 min. od 0-80%, do podr\u00f3\u017cy, kempingu.","og_url":"https:\/\/maxstrefa.com\/en\/product\/przenosna-elektrownia-bluetti-ac70-lifepo4-768wh\/","og_site_name":"MaxStrefa","article_modified_time":"2024-02-03T20:59:06+00:00","og_image":[{"width":611,"height":480,"url":"https:\/\/maxstrefa.com\/wp-content\/uploads\/2024\/01\/Stacje-Zasilania-2_1-1.png","type":"image\/png"}],"twitter_card":"summary_large_image","twitter_misc":{"Estimated reading time":"1 minute"},"schema":{"@context":"https:\/\/schema.org","@graph":[{"@type":"WebPage","@id":"https:\/\/maxstrefa.com\/produkt\/przenosna-elektrownia-bluetti-ac70-lifepo4-768wh\/","url":"https:\/\/maxstrefa.com\/produkt\/przenosna-elektrownia-bluetti-ac70-lifepo4-768wh\/","name":"BLUETTI AC70 LiFePO4 768Wh portable power station - MaxStrefa","isPartOf":{"@id":"https:\/\/maxstrefa.com\/#website"},"primaryImageOfPage":{"@id":"https:\/\/maxstrefa.com\/produkt\/przenosna-elektrownia-bluetti-ac70-lifepo4-768wh\/#primaryimage"},"image":{"@id":"https:\/\/maxstrefa.com\/produkt\/przenosna-elektrownia-bluetti-ac70-lifepo4-768wh\/#primaryimage"},"thumbnailUrl":"https:\/\/maxstrefa.com\/wp-content\/uploads\/2024\/01\/Stacje-Zasilania-2_1-1.png","datePublished":"2024-01-25T19:17:48+00:00","dateModified":"2024-02-03T20:59:06+00:00","breadcrumb":{"@id":"https:\/\/maxstrefa.com\/produkt\/przenosna-elektrownia-bluetti-ac70-lifepo4-768wh\/#breadcrumb"},"inLanguage":"en-GB","potentialAction":[{"@type":"ReadAction","target":["https:\/\/maxstrefa.com\/produkt\/przenosna-elektrownia-bluetti-ac70-lifepo4-768wh\/"]}]},{"@type":"ImageObject","inLanguage":"en-GB","@id":"https:\/\/maxstrefa.com\/produkt\/przenosna-elektrownia-bluetti-ac70-lifepo4-768wh\/#primaryimage","url":"https:\/\/maxstrefa.com\/wp-content\/uploads\/2024\/01\/Stacje-Zasilania-2_1-1.png","contentUrl":"https:\/\/maxstrefa.com\/wp-content\/uploads\/2024\/01\/Stacje-Zasilania-2_1-1.png","width":611,"height":480,"caption":"Przeno\u015bna elektrownia BLUETTI AC70"},{"@type":"BreadcrumbList","@id":"https:\/\/maxstrefa.com\/produkt\/przenosna-elektrownia-bluetti-ac70-lifepo4-768wh\/#breadcrumb","itemListElement":[{"@type":"ListItem","position":1,"name":"Strona g\u0142\u00f3wna","item":"https:\/\/maxstrefa.com\/"},{"@type":"ListItem","position":2,"name":"Sklep","item":"https:\/\/maxstrefa.com\/przenosne-stacje-zasilania\/"},{"@type":"ListItem","position":3,"name":"Przeno\u015bna elektrownia BLUETTI AC70 LiFePO4 768Wh"}]},{"@type":"WebSite","@id":"https:\/\/maxstrefa.com\/#website","url":"https:\/\/maxstrefa.com\/","name":"MaxStrefa","description":"","publisher":{"@id":"https:\/\/maxstrefa.com\/#organization"},"potentialAction":[{"@type":"SearchAction","target":{"@type":"EntryPoint","urlTemplate":"https:\/\/maxstrefa.com\/?s={search_term_string}"},"query-input":{"@type":"PropertyValueSpecification","valueRequired":true,"valueName":"search_term_string"}}],"inLanguage":"en-GB"},{"@type":"Organization","@id":"https:\/\/maxstrefa.com\/#organization","name":"MaxStrefa","url":"https:\/\/maxstrefa.com\/","logo":{"@type":"ImageObject","inLanguage":"en-GB","@id":"https:\/\/maxstrefa.com\/#\/schema\/logo\/image\/","url":"https:\/\/maxstrefa.com\/wp-content\/uploads\/2025\/04\/Maxta-logo-2.jpg","contentUrl":"https:\/\/maxstrefa.com\/wp-content\/uploads\/2025\/04\/Maxta-logo-2.jpg","width":2048,"height":996,"caption":"MaxStrefa"},"image":{"@id":"https:\/\/maxstrefa.com\/#\/schema\/logo\/image\/"}}]}},"uagb_featured_image_src":{"full":["https:\/\/maxstrefa.com\/wp-content\/uploads\/2024\/01\/Stacje-Zasilania-2_1-1.png",611,480,false],"thumbnail":["https:\/\/maxstrefa.com\/wp-content\/uploads\/2024\/01\/Stacje-Zasilania-2_1-1-150x150.png",150,150,true],"medium":["https:\/\/maxstrefa.com\/wp-content\/uploads\/2024\/01\/Stacje-Zasilania-2_1-1-300x236.png",300,236,true],"medium_large":["https:\/\/maxstrefa.com\/wp-content\/uploads\/2024\/01\/Stacje-Zasilania-2_1-1.png",611,480,false],"large":["https:\/\/maxstrefa.com\/wp-content\/uploads\/2024\/01\/Stacje-Zasilania-2_1-1.png",611,480,false],"1536x1536":["https:\/\/maxstrefa.com\/wp-content\/uploads\/2024\/01\/Stacje-Zasilania-2_1-1.png",611,480,false],"2048x2048":["https:\/\/maxstrefa.com\/wp-content\/uploads\/2024\/01\/Stacje-Zasilania-2_1-1.png",611,480,false],"trp-custom-language-flag":["https:\/\/maxstrefa.com\/wp-content\/uploads\/2024\/01\/Stacje-Zasilania-2_1-1.png",15,12,false],"woocommerce_thumbnail":["https:\/\/maxstrefa.com\/wp-content\/uploads\/2024\/01\/Stacje-Zasilania-2_1-1-600x471.png",600,471,true],"woocommerce_single":["https:\/\/maxstrefa.com\/wp-content\/uploads\/2024\/01\/Stacje-Zasilania-2_1-1-600x471.png",600,471,true],"woocommerce_gallery_thumbnail":["https:\/\/maxstrefa.com\/wp-content\/uploads\/2024\/01\/Stacje-Zasilania-2_1-1-100x100.png",100,100,true],"dgwt-wcas-product-suggestion":["https:\/\/maxstrefa.com\/wp-content\/uploads\/2024\/01\/Stacje-Zasilania-2_1-1-64x50.png",64,50,true]},"uagb_author_info":{"display_name":"romanadmin","author_link":"https:\/\/maxstrefa.com\/en\/author\/"},"uagb_comment_info":0,"uagb_excerpt":"Przeno\u015bna elektrownia BLUETTI AC70, generator solarny LiFePO4 768Wh z 2 wyj\u015bciami AC 1000W (Power Lifting 2000W), 100W Type-C, szybkie \u0142adowanie 45 min. od 0-80%, do podr\u00f3\u017cy, kempingu.","_links":{"self":[{"href":"https:\/\/maxstrefa.com\/en\/wp-json\/wp\/v2\/product\/1201","targetHints":{"allow":["GET"]}}],"collection":[{"href":"https:\/\/maxstrefa.com\/en\/wp-json\/wp\/v2\/product"}],"about":[{"href":"https:\/\/maxstrefa.com\/en\/wp-json\/wp\/v2\/types\/product"}],"wp:featuredmedia":[{"embeddable":true,"href":"https:\/\/maxstrefa.com\/en\/wp-json\/wp\/v2\/media\/1470"}],"wp:attachment":[{"href":"https:\/\/maxstrefa.com\/en\/wp-json\/wp\/v2\/media?parent=1201"}],"wp:term":[{"taxonomy":"product_brand","embeddable":true,"href":"https:\/\/maxstrefa.com\/en\/wp-json\/wp\/v2\/product_brand?post=1201"},{"taxonomy":"product_cat","embeddable":true,"href":"https:\/\/maxstrefa.com\/en\/wp-json\/wp\/v2\/product_cat?post=1201"},{"taxonomy":"product_tag","embeddable":true,"href":"https:\/\/maxstrefa.com\/en\/wp-json\/wp\/v2\/product_tag?post=1201"}],"curies":[{"name":"wp","href":"https:\/\/api.w.org\/{rel}","templated":true}]}}