{"id":118,"date":"2023-06-27T09:35:35","date_gmt":"2023-06-27T09:35:35","guid":{"rendered":"https:\/\/maxstrefa.com\/?page_id=118"},"modified":"2024-03-13T21:08:32","modified_gmt":"2024-03-13T20:08:32","slug":"o-maxstrefa","status":"publish","type":"page","link":"https:\/\/maxstrefa.com\/en\/o-maxstrefa\/","title":{"rendered":"About us"},"content":{"rendered":"<div class=\"wp-block-uagb-container uagb-block-7fa683e6 alignfull uagb-is-root-container\"><div class=\"uagb-container-inner-blocks-wrap\">\n<div class=\"wp-block-uagb-advanced-heading uagb-block-74b342eb\"><h1 class=\"uagb-heading-text\">About us<\/h1><\/div>\n<\/div><\/div>\n\n\n\n<div class=\"wp-block-uagb-container uagb-block-94ded581 alignfull uagb-is-root-container\"><div class=\"uagb-container-inner-blocks-wrap\">\n<div class=\"wp-block-uagb-advanced-heading uagb-block-671f3570\"><h2 class=\"uagb-heading-text\">About us<\/h2><\/div>\n\n\n\n<div class=\"wp-block-uagb-container uagb-block-21891d52\">\n<div class=\"wp-block-uagb-container uagb-block-8a4a99e4\">\n<div class=\"wp-block-uagb-image alignleft uagb-block-e71a6b83 wp-block-uagb-image--layout-default wp-block-uagb-image--effect-static wp-block-uagb-image--align-left\"><figure class=\"wp-block-uagb-image__figure\"><img decoding=\"async\" srcset=\"https:\/\/maxstrefa.com\/wp-content\/uploads\/2024\/01\/pexels-photo-19727588-scaled-1-683x1024.jpeg ,https:\/\/maxstrefa.com\/wp-content\/uploads\/2024\/01\/pexels-photo-19727588-scaled-1.jpeg 780w, https:\/\/maxstrefa.com\/wp-content\/uploads\/2024\/01\/pexels-photo-19727588-scaled-1.jpeg 360w\" sizes=\"auto, (max-width: 480px) 150px\" src=\"https:\/\/maxstrefa.com\/wp-content\/uploads\/2024\/01\/pexels-photo-19727588-scaled-1-683x1024.jpeg\" alt=\"A person holding a power bank in front of a christmas tree\" class=\"uag-image-1122\" width=\"536\" height=\"536\" title=\"\" loading=\"lazy\"\/><\/figure><\/div>\n<\/div>\n\n\n\n<div class=\"wp-block-uagb-container uagb-block-7e959f87\">\n<div class=\"wp-block-uagb-info-box uagb-block-4960c374 uagb-infobox__content-wrap  uagb-infobox-icon-above-title uagb-infobox-image-valign-top\"><div class=\"uagb-ifb-content\"><div class=\"uagb-ifb-title-wrap\"><h5 class=\"uagb-ifb-title\">At our company, solar electronics is not just the future - it is the present. We specialize in providing innovative solar energy solutions that not only protect the environment, but also reduce costs and ensure reliability.<\/h5><\/div><p class=\"uagb-ifb-desc\">Our offer includes a wide selection of solar-powered electronic products, from portable chargers to outdoor lighting and monitoring devices. Thanks to our technologically advanced products, customers can enjoy energy independence, regardless of weather conditions or location.<br><br>If you are looking not only for electronic products, but also for a partner that follows modern trends and cares about the environment, you have just found the perfect company. Join our mission to change the world for the better by using solar energy!<br><br><\/p><\/div><\/div>\n<\/div>\n<\/div>\n<\/div><\/div>\n\n\n\n<div class=\"wp-block-uagb-container uagb-block-cc344175 alignfull uagb-is-root-container\"><div class=\"uagb-container-inner-blocks-wrap\">\n<div class=\"wp-block-uagb-advanced-heading uagb-block-7b2294a3\"><h2 class=\"uagb-heading-text\">Our Values<\/h2><p class=\"uagb-desc-text\">Our values define our company and the way we operate in the market.<\/p><\/div>\n\n\n\n<div class=\"wp-block-uagb-container uagb-block-ecb8dade\">\n<div class=\"wp-block-uagb-advanced-heading uagb-block-bef7d43a\"><h4 class=\"uagb-heading-text\">Innovation<\/h4><p class=\"uagb-desc-text\">We constantly strive to introduce innovative solutions that exceed market needs and define the future of the industry.<\/p><\/div>\n\n\n\n<div class=\"wp-block-uagb-advanced-heading uagb-block-b863782d\"><h4 class=\"uagb-heading-text\">Sustainable development<\/h4><p class=\"uagb-desc-text\">Our products and activities are always in line with the principles of sustainable development. We care about the environment and strive to minimize the negative impact on the planet.<\/p><\/div>\n\n\n\n<div class=\"wp-block-uagb-advanced-heading uagb-block-9f890ad2\"><h4 class=\"uagb-heading-text\">Quality<\/h4><p class=\"uagb-desc-text\">Our products are made of the highest quality materials and ensure reliability for many years. We focus on durability and customer satisfaction.<\/p><\/div>\n<\/div>\n<\/div><\/div>\n\n\n\n<div class=\"wp-block-uagb-container uagb-block-c84325e4 alignfull uagb-is-root-container\"><div class=\"uagb-container-inner-blocks-wrap\">\n<div class=\"wp-block-uagb-info-box uagb-block-d8a09d88 uagb-infobox__content-wrap  uagb-infobox-icon-above-title uagb-infobox-image-valign-top\"><div class=\"uagb-ifb-content\"><div class=\"uagb-ifb-title-wrap\"><h2 class=\"uagb-ifb-title\">contact us<\/h2><\/div><p class=\"uagb-ifb-desc\">Do you have any questions? Write to us - we will answer every question!<\/p><div class=\"uagb-ifb-button-wrapper wp-block-button\"><a href=\"\/en\/kontakt\/\" class=\"uagb-infobox-cta-link wp-block-button__link\" target=\"_self\" rel=\"noopener noreferrer\" onclick=\"return true;\" alt=\"\"><span class=\"uagb-inline-editing\">contact<\/span><\/a><\/div><\/div><\/div>\n<\/div><\/div>","protected":false},"excerpt":{"rendered":"<p>O Nas O Nas Nasze Warto\u015bci Nasze warto\u015bci definiuj\u0105 nasz\u0105 firm\u0119 i spos\u00f3b, w jaki dzia\u0142amy na rynku. Innowacja Nieustannie d\u0105\u017cymy do wprowadzania nowatorskich rozwi\u0105za\u0144, kt\u00f3re przewy\u017cszaj\u0105 potrzeby rynku i definiuj\u0105 przysz\u0142o\u015b\u0107 bran\u017cy. Zr\u00f3wnowa\u017cony Rozw\u00f3j Nasze produkty i dzia\u0142ania s\u0105 zawsze zgodne z zasadami zr\u00f3wnowa\u017conego rozwoju. Dbamy o \u015brodowisko i d\u0105\u017cymy do minimalizowania negatywnego wp\u0142ywu [&hellip;]<\/p>\n","protected":false},"author":1,"featured_media":0,"parent":0,"menu_order":0,"comment_status":"closed","ping_status":"closed","template":"","meta":{"_eb_attr":"","_uag_custom_page_level_css":"","site-sidebar-layout":"default","site-content-layout":"","ast-site-content-layout":"default","site-content-style":"default","site-sidebar-style":"default","ast-global-header-display":"","ast-banner-title-visibility":"","ast-main-header-display":"","ast-hfb-above-header-display":"","ast-hfb-below-header-display":"","ast-hfb-mobile-header-display":"","site-post-title":"disabled","ast-breadcrumbs-content":"","ast-featured-img":"","footer-sml-layout":"","theme-transparent-header-meta":"enabled","adv-header-id-meta":"","stick-header-meta":"","header-above-stick-meta":"","header-main-stick-meta":"","header-below-stick-meta":"","astra-migrate-meta-layouts":"set","ast-page-background-enabled":"default","ast-page-background-meta":{"desktop":{"background-color":"var(--ast-global-color-4)","background-image":"","background-repeat":"repeat","background-position":"center center","background-size":"auto","background-attachment":"scroll","background-type":"","background-media":"","overlay-type":"","overlay-color":"","overlay-opacity":"","overlay-gradient":""},"tablet":{"background-color":"","background-image":"","background-repeat":"repeat","background-position":"center center","background-size":"auto","background-attachment":"scroll","background-type":"","background-media":"","overlay-type":"","overlay-color":"","overlay-opacity":"","overlay-gradient":""},"mobile":{"background-color":"","background-image":"","background-repeat":"repeat","background-position":"center center","background-size":"auto","background-attachment":"scroll","background-type":"","background-media":"","overlay-type":"","overlay-color":"","overlay-opacity":"","overlay-gradient":""}},"ast-content-background-meta":{"desktop":{"background-color":"var(--ast-global-color-5)","background-image":"","background-repeat":"repeat","background-position":"center center","background-size":"auto","background-attachment":"scroll","background-type":"","background-media":"","overlay-type":"","overlay-color":"","overlay-opacity":"","overlay-gradient":""},"tablet":{"background-color":"var(--ast-global-color-5)","background-image":"","background-repeat":"repeat","background-position":"center center","background-size":"auto","background-attachment":"scroll","background-type":"","background-media":"","overlay-type":"","overlay-color":"","overlay-opacity":"","overlay-gradient":""},"mobile":{"background-color":"var(--ast-global-color-5)","background-image":"","background-repeat":"repeat","background-position":"center center","background-size":"auto","background-attachment":"scroll","background-type":"","background-media":"","overlay-type":"","overlay-color":"","overlay-opacity":"","overlay-gradient":""}},"_themeisle_gutenberg_block_has_review":false,"footnotes":""},"class_list":["post-118","page","type-page","status-publish","hentry"],"yoast_head":"<!-- This site is optimized with the Yoast SEO plugin v27.4 - https:\/\/yoast.com\/product\/yoast-seo-wordpress\/ -->\n<title>MaxStrefa - MaxStrefa<\/title>\n<meta name=\"description\" content=\"Firma MaxStrefa Oferuje innowacyjne produkty elektroniki solarnej. Zapewniamy niezale\u017cno\u015b\u0107 energetyczn\u0105 i dbamy o \u015brodowisko.\" \/>\n<meta name=\"robots\" content=\"index, follow, max-snippet:-1, max-image-preview:large, max-video-preview:-1\" \/>\n<link rel=\"canonical\" href=\"https:\/\/maxstrefa.com\/en\/o-maxstrefa\/\" \/>\n<meta property=\"og:locale\" content=\"en_GB\" \/>\n<meta property=\"og:type\" content=\"article\" \/>\n<meta property=\"og:title\" content=\"MaxStrefa - MaxStrefa\" \/>\n<meta property=\"og:description\" content=\"Firma MaxStrefa Oferuje innowacyjne produkty elektroniki solarnej. Zapewniamy niezale\u017cno\u015b\u0107 energetyczn\u0105 i dbamy o \u015brodowisko.\" \/>\n<meta property=\"og:url\" content=\"https:\/\/maxstrefa.com\/en\/o-maxstrefa\/\" \/>\n<meta property=\"og:site_name\" content=\"MaxStrefa\" \/>\n<meta property=\"article:modified_time\" content=\"2024-03-13T20:08:32+00:00\" \/>\n<meta property=\"og:image\" content=\"https:\/\/maxstrefa.com\/wp-content\/uploads\/2024\/01\/pexels-photo-19727588-scaled-1-683x1024.jpeg\" \/>\n<meta name=\"twitter:card\" content=\"summary_large_image\" \/>\n<meta name=\"twitter:label1\" content=\"Estimated reading time\" \/>\n\t<meta name=\"twitter:data1\" content=\"2 minutes\" \/>\n<script type=\"application\/ld+json\" class=\"yoast-schema-graph\">{\"@context\":\"https:\\\/\\\/schema.org\",\"@graph\":[{\"@type\":\"WebPage\",\"@id\":\"https:\\\/\\\/maxstrefa.com\\\/o-maxstrefa\\\/\",\"url\":\"https:\\\/\\\/maxstrefa.com\\\/o-maxstrefa\\\/\",\"name\":\"MaxStrefa - MaxStrefa\",\"isPartOf\":{\"@id\":\"https:\\\/\\\/maxstrefa.com\\\/#website\"},\"primaryImageOfPage\":{\"@id\":\"https:\\\/\\\/maxstrefa.com\\\/o-maxstrefa\\\/#primaryimage\"},\"image\":{\"@id\":\"https:\\\/\\\/maxstrefa.com\\\/o-maxstrefa\\\/#primaryimage\"},\"thumbnailUrl\":\"https:\\\/\\\/maxstrefa.com\\\/wp-content\\\/uploads\\\/2024\\\/01\\\/pexels-photo-19727588-scaled-1-683x1024.jpeg\",\"datePublished\":\"2023-06-27T09:35:35+00:00\",\"dateModified\":\"2024-03-13T20:08:32+00:00\",\"description\":\"Firma MaxStrefa Oferuje innowacyjne produkty elektroniki solarnej. Zapewniamy niezale\u017cno\u015b\u0107 energetyczn\u0105 i dbamy o \u015brodowisko.\",\"breadcrumb\":{\"@id\":\"https:\\\/\\\/maxstrefa.com\\\/o-maxstrefa\\\/#breadcrumb\"},\"inLanguage\":\"en-GB\",\"potentialAction\":[{\"@type\":\"ReadAction\",\"target\":[\"https:\\\/\\\/maxstrefa.com\\\/o-maxstrefa\\\/\"]}]},{\"@type\":\"ImageObject\",\"inLanguage\":\"en-GB\",\"@id\":\"https:\\\/\\\/maxstrefa.com\\\/o-maxstrefa\\\/#primaryimage\",\"url\":\"https:\\\/\\\/maxstrefa.com\\\/wp-content\\\/uploads\\\/2024\\\/01\\\/pexels-photo-19727588-scaled-1-683x1024.jpeg\",\"contentUrl\":\"https:\\\/\\\/maxstrefa.com\\\/wp-content\\\/uploads\\\/2024\\\/01\\\/pexels-photo-19727588-scaled-1-683x1024.jpeg\"},{\"@type\":\"BreadcrumbList\",\"@id\":\"https:\\\/\\\/maxstrefa.com\\\/o-maxstrefa\\\/#breadcrumb\",\"itemListElement\":[{\"@type\":\"ListItem\",\"position\":1,\"name\":\"Strona g\u0142\u00f3wna\",\"item\":\"https:\\\/\\\/maxstrefa.com\\\/\"},{\"@type\":\"ListItem\",\"position\":2,\"name\":\"O nas\"}]},{\"@type\":\"WebSite\",\"@id\":\"https:\\\/\\\/maxstrefa.com\\\/#website\",\"url\":\"https:\\\/\\\/maxstrefa.com\\\/\",\"name\":\"MaxStrefa\",\"description\":\"\",\"publisher\":{\"@id\":\"https:\\\/\\\/maxstrefa.com\\\/#organization\"},\"potentialAction\":[{\"@type\":\"SearchAction\",\"target\":{\"@type\":\"EntryPoint\",\"urlTemplate\":\"https:\\\/\\\/maxstrefa.com\\\/?s={search_term_string}\"},\"query-input\":{\"@type\":\"PropertyValueSpecification\",\"valueRequired\":true,\"valueName\":\"search_term_string\"}}],\"inLanguage\":\"en-GB\"},{\"@type\":\"Organization\",\"@id\":\"https:\\\/\\\/maxstrefa.com\\\/#organization\",\"name\":\"MaxStrefa\",\"url\":\"https:\\\/\\\/maxstrefa.com\\\/\",\"logo\":{\"@type\":\"ImageObject\",\"inLanguage\":\"en-GB\",\"@id\":\"https:\\\/\\\/maxstrefa.com\\\/#\\\/schema\\\/logo\\\/image\\\/\",\"url\":\"https:\\\/\\\/maxstrefa.com\\\/wp-content\\\/uploads\\\/2025\\\/04\\\/Maxta-logo-2.jpg\",\"contentUrl\":\"https:\\\/\\\/maxstrefa.com\\\/wp-content\\\/uploads\\\/2025\\\/04\\\/Maxta-logo-2.jpg\",\"width\":2048,\"height\":996,\"caption\":\"MaxStrefa\"},\"image\":{\"@id\":\"https:\\\/\\\/maxstrefa.com\\\/#\\\/schema\\\/logo\\\/image\\\/\"}}]}<\/script>\n<!-- \/ Yoast SEO plugin. -->","yoast_head_json":{"title":"MaxStrefa - MaxStrefa","description":"MaxStrefa offers innovative solar electronics products. We ensure energy independence and care for the environment.","robots":{"index":"index","follow":"follow","max-snippet":"max-snippet:-1","max-image-preview":"max-image-preview:large","max-video-preview":"max-video-preview:-1"},"canonical":"https:\/\/maxstrefa.com\/en\/o-maxstrefa\/","og_locale":"en_GB","og_type":"article","og_title":"MaxStrefa - MaxStrefa","og_description":"Firma MaxStrefa Oferuje innowacyjne produkty elektroniki solarnej. Zapewniamy niezale\u017cno\u015b\u0107 energetyczn\u0105 i dbamy o \u015brodowisko.","og_url":"https:\/\/maxstrefa.com\/en\/o-maxstrefa\/","og_site_name":"MaxStrefa","article_modified_time":"2024-03-13T20:08:32+00:00","og_image":[{"url":"https:\/\/maxstrefa.com\/wp-content\/uploads\/2024\/01\/pexels-photo-19727588-scaled-1-683x1024.jpeg","type":"","width":"","height":""}],"twitter_card":"summary_large_image","twitter_misc":{"Estimated reading time":"2 minutes"},"schema":{"@context":"https:\/\/schema.org","@graph":[{"@type":"WebPage","@id":"https:\/\/maxstrefa.com\/o-maxstrefa\/","url":"https:\/\/maxstrefa.com\/o-maxstrefa\/","name":"MaxStrefa - MaxStrefa","isPartOf":{"@id":"https:\/\/maxstrefa.com\/#website"},"primaryImageOfPage":{"@id":"https:\/\/maxstrefa.com\/o-maxstrefa\/#primaryimage"},"image":{"@id":"https:\/\/maxstrefa.com\/o-maxstrefa\/#primaryimage"},"thumbnailUrl":"https:\/\/maxstrefa.com\/wp-content\/uploads\/2024\/01\/pexels-photo-19727588-scaled-1-683x1024.jpeg","datePublished":"2023-06-27T09:35:35+00:00","dateModified":"2024-03-13T20:08:32+00:00","description":"MaxStrefa offers innovative solar electronics products. We ensure energy independence and care for the environment.","breadcrumb":{"@id":"https:\/\/maxstrefa.com\/o-maxstrefa\/#breadcrumb"},"inLanguage":"en-GB","potentialAction":[{"@type":"ReadAction","target":["https:\/\/maxstrefa.com\/o-maxstrefa\/"]}]},{"@type":"ImageObject","inLanguage":"en-GB","@id":"https:\/\/maxstrefa.com\/o-maxstrefa\/#primaryimage","url":"https:\/\/maxstrefa.com\/wp-content\/uploads\/2024\/01\/pexels-photo-19727588-scaled-1-683x1024.jpeg","contentUrl":"https:\/\/maxstrefa.com\/wp-content\/uploads\/2024\/01\/pexels-photo-19727588-scaled-1-683x1024.jpeg"},{"@type":"BreadcrumbList","@id":"https:\/\/maxstrefa.com\/o-maxstrefa\/#breadcrumb","itemListElement":[{"@type":"ListItem","position":1,"name":"Strona g\u0142\u00f3wna","item":"https:\/\/maxstrefa.com\/"},{"@type":"ListItem","position":2,"name":"O nas"}]},{"@type":"WebSite","@id":"https:\/\/maxstrefa.com\/#website","url":"https:\/\/maxstrefa.com\/","name":"MaxStrefa","description":"","publisher":{"@id":"https:\/\/maxstrefa.com\/#organization"},"potentialAction":[{"@type":"SearchAction","target":{"@type":"EntryPoint","urlTemplate":"https:\/\/maxstrefa.com\/?s={search_term_string}"},"query-input":{"@type":"PropertyValueSpecification","valueRequired":true,"valueName":"search_term_string"}}],"inLanguage":"en-GB"},{"@type":"Organization","@id":"https:\/\/maxstrefa.com\/#organization","name":"MaxStrefa","url":"https:\/\/maxstrefa.com\/","logo":{"@type":"ImageObject","inLanguage":"en-GB","@id":"https:\/\/maxstrefa.com\/#\/schema\/logo\/image\/","url":"https:\/\/maxstrefa.com\/wp-content\/uploads\/2025\/04\/Maxta-logo-2.jpg","contentUrl":"https:\/\/maxstrefa.com\/wp-content\/uploads\/2025\/04\/Maxta-logo-2.jpg","width":2048,"height":996,"caption":"MaxStrefa"},"image":{"@id":"https:\/\/maxstrefa.com\/#\/schema\/logo\/image\/"}}]}},"uagb_featured_image_src":{"full":false,"thumbnail":false,"medium":false,"medium_large":false,"large":false,"1536x1536":false,"2048x2048":false,"trp-custom-language-flag":false,"woocommerce_thumbnail":false,"woocommerce_single":false,"woocommerce_gallery_thumbnail":false,"dgwt-wcas-product-suggestion":false},"uagb_author_info":{"display_name":"romanadmin","author_link":"https:\/\/maxstrefa.com\/en\/author\/romanadmin\/"},"uagb_comment_info":0,"uagb_excerpt":"O Nas O Nas Nasze Warto\u015bci Nasze warto\u015bci definiuj\u0105 nasz\u0105 firm\u0119 i spos\u00f3b, w jaki dzia\u0142amy na rynku. Innowacja Nieustannie d\u0105\u017cymy do wprowadzania nowatorskich rozwi\u0105za\u0144, kt\u00f3re przewy\u017cszaj\u0105 potrzeby rynku i definiuj\u0105 przysz\u0142o\u015b\u0107 bran\u017cy. Zr\u00f3wnowa\u017cony Rozw\u00f3j Nasze produkty i dzia\u0142ania s\u0105 zawsze zgodne z zasadami zr\u00f3wnowa\u017conego rozwoju. Dbamy o \u015brodowisko i d\u0105\u017cymy do minimalizowania negatywnego wp\u0142ywu&hellip;","_links":{"self":[{"href":"https:\/\/maxstrefa.com\/en\/wp-json\/wp\/v2\/pages\/118","targetHints":{"allow":["GET"]}}],"collection":[{"href":"https:\/\/maxstrefa.com\/en\/wp-json\/wp\/v2\/pages"}],"about":[{"href":"https:\/\/maxstrefa.com\/en\/wp-json\/wp\/v2\/types\/page"}],"author":[{"embeddable":true,"href":"https:\/\/maxstrefa.com\/en\/wp-json\/wp\/v2\/users\/1"}],"replies":[{"embeddable":true,"href":"https:\/\/maxstrefa.com\/en\/wp-json\/wp\/v2\/comments?post=118"}],"version-history":[{"count":6,"href":"https:\/\/maxstrefa.com\/en\/wp-json\/wp\/v2\/pages\/118\/revisions"}],"predecessor-version":[{"id":1852,"href":"https:\/\/maxstrefa.com\/en\/wp-json\/wp\/v2\/pages\/118\/revisions\/1852"}],"wp:attachment":[{"href":"https:\/\/maxstrefa.com\/en\/wp-json\/wp\/v2\/media?parent=118"}],"curies":[{"name":"wp","href":"https:\/\/api.w.org\/{rel}","templated":true}]}}